{"id":1005,"date":"2024-10-24T20:42:32","date_gmt":"2024-10-24T20:42:32","guid":{"rendered":"https:\/\/isuppa.com\/biblioteca\/?page_id=1005"},"modified":"2024-10-24T20:42:32","modified_gmt":"2024-10-24T20:42:32","slug":"pedagogia-geral","status":"publish","type":"page","link":"https:\/\/isuppa.com\/biblioteca\/index.php\/pedagogia-geral\/","title":{"rendered":"Pedagogia Geral"},"content":{"rendered":"\n<p><a href=\"https:\/\/isuppa.com\/\/biblioteca\/wp-content\/uploads\/2024\/10\/11PscPG\/DICION\u00c1RIO DE PEDAGOGIA.pdf\">DICION\u00c1RIO DE PEDAGOGIA<\/a><\/p>\n\n\n\n<p><a href=\"https:\/\/isuppa.com\/\/biblioteca\/wp-content\/uploads\/2024\/10\/11PscPG\/METODOLOGIA DE APRENDIZAGEM.pdf\">METODOLOGIA DE APRENDIZAGEM<\/a><\/p>\n\n\n\n<p><a href=\"https:\/\/isuppa.com\/\/biblioteca\/wp-content\/uploads\/2024\/10\/11PscPG\/Pedagogia como Ci\u00eancia da Educa\u00e7\u00e3o.pdf\">Pedagogia como Ci\u00eancia da Educa\u00e7\u00e3o<\/a><\/p>\n\n\n\n<p><a href=\"https:\/\/isuppa.com\/\/biblioteca\/wp-content\/uploads\/2024\/10\/11PscPG\/Pedagogia_do_Oprimido.pdf\">Pedagogia do Oprimido<\/a><\/p>\n","protected":false},"excerpt":{"rendered":"<p>DICION\u00c1RIO DE PEDAGOGIA METODOLOGIA DE APRENDIZAGEM Pedagogia como Ci\u00eancia da Educa\u00e7\u00e3o Pedagogia do Oprimido<\/p>\n","protected":false},"author":1,"featured_media":0,"parent":0,"menu_order":0,"comment_status":"closed","ping_status":"closed","template":"","meta":{"footnotes":""},"_links":{"self":[{"href":"https:\/\/isuppa.com\/biblioteca\/index.php\/wp-json\/wp\/v2\/pages\/1005"}],"collection":[{"href":"https:\/\/isuppa.com\/biblioteca\/index.php\/wp-json\/wp\/v2\/pages"}],"about":[{"href":"https:\/\/isuppa.com\/biblioteca\/index.php\/wp-json\/wp\/v2\/types\/page"}],"author":[{"embeddable":true,"href":"https:\/\/isuppa.com\/biblioteca\/index.php\/wp-json\/wp\/v2\/users\/1"}],"replies":[{"embeddable":true,"href":"https:\/\/isuppa.com\/biblioteca\/index.php\/wp-json\/wp\/v2\/comments?post=1005"}],"version-history":[{"count":1,"href":"https:\/\/isuppa.com\/biblioteca\/index.php\/wp-json\/wp\/v2\/pages\/1005\/revisions"}],"predecessor-version":[{"id":1006,"href":"https:\/\/isuppa.com\/biblioteca\/index.php\/wp-json\/wp\/v2\/pages\/1005\/revisions\/1006"}],"wp:attachment":[{"href":"https:\/\/isuppa.com\/biblioteca\/index.php\/wp-json\/wp\/v2\/media?parent=1005"}],"curies":[{"name":"wp","href":"https:\/\/api.w.org\/{rel}","templated":true}]}}