{"id":1007,"date":"2024-10-24T20:54:58","date_gmt":"2024-10-24T20:54:58","guid":{"rendered":"https:\/\/isuppa.com\/biblioteca\/?page_id=1007"},"modified":"2024-10-24T20:54:59","modified_gmt":"2024-10-24T20:54:59","slug":"psicologia-geral-3","status":"publish","type":"page","link":"https:\/\/isuppa.com\/biblioteca\/index.php\/psicologia-geral-3\/","title":{"rendered":"Psicologia Geral"},"content":{"rendered":"\n<p><a href=\"https:\/\/isuppa.com\/\/biblioteca\/wp-content\/uploads\/2024\/10\/11PscPsG\/CONSTRUC_IDENTIDADE.pdf\">CONSTRUC\u00c7\u00c3O DA IDENTIDADE<\/a><\/p>\n\n\n\n<p><a href=\"https:\/\/isuppa.com\/\/biblioteca\/wp-content\/uploads\/2024\/10\/11PscPsG\/INTROD-PS-GRAL.pdf\">INTRODU\u00c7\u00c3O \u00c0 PSICOLOGIA GERAL.pdf<\/a><\/p>\n\n\n\n<p><a href=\"https:\/\/isuppa.com\/\/biblioteca\/wp-content\/uploads\/2024\/10\/11PscPsG\/Motiva\u00e7\u00e3o no PEA.pdf\">Motiva\u00e7\u00e3o no PEA<\/a><\/p>\n\n\n\n<p><a href=\"https:\/\/isuppa.com\/\/biblioteca\/wp-content\/uploads\/2024\/10\/11PscPsG\/MOTIVAC-EN ADOLESCENTES.pdf\">MOTIVA\u00c7\u00c3O EM ADOLESCENTES<\/a><\/p>\n\n\n\n<p><a href=\"https:\/\/isuppa.com\/\/biblioteca\/wp-content\/uploads\/2024\/10\/11PscPsG\/Motiva\u00e7\u00f5es Pessoais.pdf\">Motiva\u00e7\u00f5es Pessoais<\/a><\/p>\n\n\n\n<p><a href=\"https:\/\/isuppa.com\/\/biblioteca\/wp-content\/uploads\/2024\/10\/11PscPsG\/PIGMALEAAO PARA PROFESSORES.pdf\">PIGMALEAAO PARA PROFESSORES<\/a><\/p>\n","protected":false},"excerpt":{"rendered":"<p>CONSTRUC\u00c7\u00c3O DA IDENTIDADE INTRODU\u00c7\u00c3O \u00c0 PSICOLOGIA GERAL.pdf Motiva\u00e7\u00e3o no PEA MOTIVA\u00c7\u00c3O EM ADOLESCENTES Motiva\u00e7\u00f5es Pessoais PIGMALEAAO PARA PROFESSORES<\/p>\n","protected":false},"author":1,"featured_media":0,"parent":0,"menu_order":0,"comment_status":"closed","ping_status":"closed","template":"","meta":{"footnotes":""},"_links":{"self":[{"href":"https:\/\/isuppa.com\/biblioteca\/index.php\/wp-json\/wp\/v2\/pages\/1007"}],"collection":[{"href":"https:\/\/isuppa.com\/biblioteca\/index.php\/wp-json\/wp\/v2\/pages"}],"about":[{"href":"https:\/\/isuppa.com\/biblioteca\/index.php\/wp-json\/wp\/v2\/types\/page"}],"author":[{"embeddable":true,"href":"https:\/\/isuppa.com\/biblioteca\/index.php\/wp-json\/wp\/v2\/users\/1"}],"replies":[{"embeddable":true,"href":"https:\/\/isuppa.com\/biblioteca\/index.php\/wp-json\/wp\/v2\/comments?post=1007"}],"version-history":[{"count":1,"href":"https:\/\/isuppa.com\/biblioteca\/index.php\/wp-json\/wp\/v2\/pages\/1007\/revisions"}],"predecessor-version":[{"id":1008,"href":"https:\/\/isuppa.com\/biblioteca\/index.php\/wp-json\/wp\/v2\/pages\/1007\/revisions\/1008"}],"wp:attachment":[{"href":"https:\/\/isuppa.com\/biblioteca\/index.php\/wp-json\/wp\/v2\/media?parent=1007"}],"curies":[{"name":"wp","href":"https:\/\/api.w.org\/{rel}","templated":true}]}}