{"id":1009,"date":"2024-10-24T21:09:09","date_gmt":"2024-10-24T21:09:09","guid":{"rendered":"https:\/\/isuppa.com\/biblioteca\/?page_id=1009"},"modified":"2024-10-24T22:09:28","modified_gmt":"2024-10-24T22:09:28","slug":"didactica-geral","status":"publish","type":"page","link":"https:\/\/isuppa.com\/biblioteca\/index.php\/didactica-geral\/","title":{"rendered":"Did\u00e1ctica Geral"},"content":{"rendered":"\n<p><a href=\"https:\/\/www.pensamientopenal.com.ar\/system\/files\/2014\/12\/doctrina38864.pdf\">Did\u00e1ctica Magna<\/a><\/p>\n\n\n\n<p><a href=\"https:\/\/isuppa.com\/\/biblioteca\/wp-content\/uploads\/2024\/10\/12PscDG\/DID\u00c1TICA E O ENSINO DE GEOGRAFIA.pdf\">DID\u00c1TICA E O ENSINO DE GEOGRAFIA<\/a><\/p>\n\n\n\n<p><a href=\"https:\/\/isuppa.com\/\/biblioteca\/wp-content\/uploads\/2024\/10\/12PscDG\/ENSINO COMO LINGUA MATERNA.pdf\">ENSINO COMO LINGUA MATERNA<\/a><\/p>\n\n\n\n<p><a href=\"https:\/\/isuppa.com\/\/biblioteca\/wp-content\/uploads\/2024\/10\/12PscDG\/Ensino de Linguas Extranjeras.pdf\">Ensino de L\u00ednguas Estrangeiras<\/a><\/p>\n\n\n\n<p><a href=\"https:\/\/isuppa.com\/\/biblioteca\/wp-content\/uploads\/2024\/10\/12PscDG\/Metodologia do EA de linguas.pdf\">Metodologia do Ensino &#8211; Aprendizagem de l\u00ednguas<\/a><\/p>\n","protected":false},"excerpt":{"rendered":"<p>Did\u00e1ctica Magna DID\u00c1TICA E O ENSINO DE GEOGRAFIA ENSINO COMO LINGUA MATERNA Ensino de L\u00ednguas Estrangeiras Metodologia do Ensino &#8211; Aprendizagem de l\u00ednguas<\/p>\n","protected":false},"author":1,"featured_media":0,"parent":0,"menu_order":0,"comment_status":"closed","ping_status":"closed","template":"","meta":{"footnotes":""},"_links":{"self":[{"href":"https:\/\/isuppa.com\/biblioteca\/index.php\/wp-json\/wp\/v2\/pages\/1009"}],"collection":[{"href":"https:\/\/isuppa.com\/biblioteca\/index.php\/wp-json\/wp\/v2\/pages"}],"about":[{"href":"https:\/\/isuppa.com\/biblioteca\/index.php\/wp-json\/wp\/v2\/types\/page"}],"author":[{"embeddable":true,"href":"https:\/\/isuppa.com\/biblioteca\/index.php\/wp-json\/wp\/v2\/users\/1"}],"replies":[{"embeddable":true,"href":"https:\/\/isuppa.com\/biblioteca\/index.php\/wp-json\/wp\/v2\/comments?post=1009"}],"version-history":[{"count":3,"href":"https:\/\/isuppa.com\/biblioteca\/index.php\/wp-json\/wp\/v2\/pages\/1009\/revisions"}],"predecessor-version":[{"id":1025,"href":"https:\/\/isuppa.com\/biblioteca\/index.php\/wp-json\/wp\/v2\/pages\/1009\/revisions\/1025"}],"wp:attachment":[{"href":"https:\/\/isuppa.com\/biblioteca\/index.php\/wp-json\/wp\/v2\/media?parent=1009"}],"curies":[{"name":"wp","href":"https:\/\/api.w.org\/{rel}","templated":true}]}}