{"id":1011,"date":"2024-10-24T21:26:03","date_gmt":"2024-10-24T21:26:03","guid":{"rendered":"https:\/\/isuppa.com\/biblioteca\/?page_id=1011"},"modified":"2024-10-24T21:53:16","modified_gmt":"2024-10-24T21:53:16","slug":"logica-formal","status":"publish","type":"page","link":"https:\/\/isuppa.com\/biblioteca\/index.php\/logica-formal\/","title":{"rendered":"L\u00f3gica Formal"},"content":{"rendered":"\n<p><a href=\"https:\/\/isuppa.com\/\/biblioteca\/wp-content\/uploads\/2024\/10\/12PscLF\/AristotelesLogicaFormal.pdf\">Arist\u00f3teles Logica Formal<\/a><\/p>\n\n\n\n<p><a href=\"https:\/\/isuppa.com\/\/biblioteca\/wp-content\/uploads\/2024\/10\/12PscLF\/Elementos de logica.pdf\">Elementos de Logica<\/a><\/p>\n\n\n\n<p><a href=\"https:\/\/isuppa.com\/\/biblioteca\/wp-content\/uploads\/2024\/10\/12PscLF\/FundamentosDaLogica.pdf\">Fundamentos da L\u00f3gica<\/a><\/p>\n\n\n\n<p><a href=\"https:\/\/isuppa.com\/\/biblioteca\/wp-content\/uploads\/2024\/10\/12PscLF\/Nocoes de Logica.pdf\">No\u00e7\u00f5es de Logica<\/a><\/p>\n\n\n\n<p><a href=\"https:\/\/isuppa.com\/\/biblioteca\/wp-content\/uploads\/2024\/10\/12PscLF\/L\u00f3gica Formal (2023).pdf\">L\u00f3gica Formal (2023)<\/a><\/p>\n","protected":false},"excerpt":{"rendered":"<p>Arist\u00f3teles Logica Formal Elementos de Logica Fundamentos da L\u00f3gica No\u00e7\u00f5es de Logica L\u00f3gica Formal (2023)<\/p>\n","protected":false},"author":1,"featured_media":0,"parent":0,"menu_order":0,"comment_status":"closed","ping_status":"closed","template":"","meta":{"footnotes":""},"_links":{"self":[{"href":"https:\/\/isuppa.com\/biblioteca\/index.php\/wp-json\/wp\/v2\/pages\/1011"}],"collection":[{"href":"https:\/\/isuppa.com\/biblioteca\/index.php\/wp-json\/wp\/v2\/pages"}],"about":[{"href":"https:\/\/isuppa.com\/biblioteca\/index.php\/wp-json\/wp\/v2\/types\/page"}],"author":[{"embeddable":true,"href":"https:\/\/isuppa.com\/biblioteca\/index.php\/wp-json\/wp\/v2\/users\/1"}],"replies":[{"embeddable":true,"href":"https:\/\/isuppa.com\/biblioteca\/index.php\/wp-json\/wp\/v2\/comments?post=1011"}],"version-history":[{"count":2,"href":"https:\/\/isuppa.com\/biblioteca\/index.php\/wp-json\/wp\/v2\/pages\/1011\/revisions"}],"predecessor-version":[{"id":1018,"href":"https:\/\/isuppa.com\/biblioteca\/index.php\/wp-json\/wp\/v2\/pages\/1011\/revisions\/1018"}],"wp:attachment":[{"href":"https:\/\/isuppa.com\/biblioteca\/index.php\/wp-json\/wp\/v2\/media?parent=1011"}],"curies":[{"name":"wp","href":"https:\/\/api.w.org\/{rel}","templated":true}]}}