{"id":1027,"date":"2024-10-24T22:18:16","date_gmt":"2024-10-24T22:18:16","guid":{"rendered":"https:\/\/isuppa.com\/biblioteca\/?page_id=1027"},"modified":"2024-10-24T22:20:36","modified_gmt":"2024-10-24T22:20:36","slug":"estatistica-aplicada-a-educacao","status":"publish","type":"page","link":"https:\/\/isuppa.com\/biblioteca\/index.php\/estatistica-aplicada-a-educacao\/","title":{"rendered":"Estat\u00edstica aplicada \u00e0 Educa\u00e7\u00e3o"},"content":{"rendered":"\n<p><a href=\"https:\/\/isuppa.com\/\/biblioteca\/wp-content\/uploads\/2024\/10\/21PscEA\/A IMPORT\u00c2NCIA DA ESTAT\u00cdSTICA.pdf\">A IMPORT\u00c2NCIA DA ESTAT\u00cdSTICA<\/a><\/p>\n\n\n\n<p><a href=\"https:\/\/isuppa.com\/\/biblioteca\/wp-content\/uploads\/2024\/10\/21PscEA\/Estat\u00edstica aplicada \u00e0 educa\u00e7\u00e3o I.pdf\">Estat\u00edstica Aplicada \u00e0 Educa\u00e7\u00e3o I<\/a><\/p>\n\n\n\n<p><a href=\"https:\/\/isuppa.com\/\/biblioteca\/wp-content\/uploads\/2024\/10\/21PscEA\/Estat\u00edstica aplicada \u00e0 educa\u00e7\u00e3o II.pdf\">Estat\u00edstica Aplicada \u00e0 Educa\u00e7\u00e3o II<\/a><\/p>\n","protected":false},"excerpt":{"rendered":"<p>A IMPORT\u00c2NCIA DA ESTAT\u00cdSTICA Estat\u00edstica Aplicada \u00e0 Educa\u00e7\u00e3o I Estat\u00edstica Aplicada \u00e0 Educa\u00e7\u00e3o II<\/p>\n","protected":false},"author":1,"featured_media":0,"parent":0,"menu_order":0,"comment_status":"closed","ping_status":"closed","template":"","meta":{"footnotes":""},"_links":{"self":[{"href":"https:\/\/isuppa.com\/biblioteca\/index.php\/wp-json\/wp\/v2\/pages\/1027"}],"collection":[{"href":"https:\/\/isuppa.com\/biblioteca\/index.php\/wp-json\/wp\/v2\/pages"}],"about":[{"href":"https:\/\/isuppa.com\/biblioteca\/index.php\/wp-json\/wp\/v2\/types\/page"}],"author":[{"embeddable":true,"href":"https:\/\/isuppa.com\/biblioteca\/index.php\/wp-json\/wp\/v2\/users\/1"}],"replies":[{"embeddable":true,"href":"https:\/\/isuppa.com\/biblioteca\/index.php\/wp-json\/wp\/v2\/comments?post=1027"}],"version-history":[{"count":3,"href":"https:\/\/isuppa.com\/biblioteca\/index.php\/wp-json\/wp\/v2\/pages\/1027\/revisions"}],"predecessor-version":[{"id":1031,"href":"https:\/\/isuppa.com\/biblioteca\/index.php\/wp-json\/wp\/v2\/pages\/1027\/revisions\/1031"}],"wp:attachment":[{"href":"https:\/\/isuppa.com\/biblioteca\/index.php\/wp-json\/wp\/v2\/media?parent=1027"}],"curies":[{"name":"wp","href":"https:\/\/api.w.org\/{rel}","templated":true}]}}