{"id":1032,"date":"2024-10-24T22:31:28","date_gmt":"2024-10-24T22:31:28","guid":{"rendered":"https:\/\/isuppa.com\/biblioteca\/?page_id=1032"},"modified":"2024-10-24T22:31:28","modified_gmt":"2024-10-24T22:31:28","slug":"historia-de-angola","status":"publish","type":"page","link":"https:\/\/isuppa.com\/biblioteca\/index.php\/historia-de-angola\/","title":{"rendered":"Historia de Angola"},"content":{"rendered":"\n<p><a href=\"https:\/\/isuppa.com\/\/biblioteca\/wp-content\/uploads\/2024\/10\/21PscHA\/Angola.pdf\">Angola: hist\u00f3ria, luta de liberta\u00e7\u00e3o, independ\u00eancia, guerra civil<br>e suas consequ\u00eancias<\/a><\/p>\n\n\n\n<p><a href=\"https:\/\/isuppa.com\/\/biblioteca\/wp-content\/uploads\/2024\/10\/21PscHA\/Do Monopartidarismo \u00e0 Transi\u00e7\u00e3o Democr\u00e1tica.pdf\">Do Monopartidari\u00edssimo \u00e0 Transi\u00e7\u00e3o Democr\u00e1tica<\/a><\/p>\n\n\n\n<p><a href=\"https:\/\/isuppa.com\/\/biblioteca\/wp-content\/uploads\/2024\/10\/21PscHA\/Hist\u00f3ria de Angola Contemporanea.pdf\">Hist\u00f3ria de Angola Contempor\u00e2nea<\/a><\/p>\n\n\n\n<p><a href=\"https:\/\/isuppa.com\/\/biblioteca\/wp-content\/uploads\/2024\/10\/21PscHA\/Hist\u00f3ria de Angola da Pr\u00e9-Hist\u00f3ria.pdf\">Hist\u00f3ria de Angola da Pr\u00e9-Hist\u00f3ria<\/a><\/p>\n\n\n\n<p><a href=\"https:\/\/isuppa.com\/\/biblioteca\/wp-content\/uploads\/2024\/10\/21PscHA\/Independencia de Angola.pdf\">Independ\u00eancia de Angola<\/a><\/p>\n","protected":false},"excerpt":{"rendered":"<p>Angola: hist\u00f3ria, luta de liberta\u00e7\u00e3o, independ\u00eancia, guerra civile suas consequ\u00eancias Do Monopartidari\u00edssimo \u00e0 Transi\u00e7\u00e3o Democr\u00e1tica Hist\u00f3ria de Angola Contempor\u00e2nea Hist\u00f3ria de Angola da Pr\u00e9-Hist\u00f3ria Independ\u00eancia de Angola<\/p>\n","protected":false},"author":1,"featured_media":0,"parent":0,"menu_order":0,"comment_status":"closed","ping_status":"closed","template":"","meta":{"footnotes":""},"_links":{"self":[{"href":"https:\/\/isuppa.com\/biblioteca\/index.php\/wp-json\/wp\/v2\/pages\/1032"}],"collection":[{"href":"https:\/\/isuppa.com\/biblioteca\/index.php\/wp-json\/wp\/v2\/pages"}],"about":[{"href":"https:\/\/isuppa.com\/biblioteca\/index.php\/wp-json\/wp\/v2\/types\/page"}],"author":[{"embeddable":true,"href":"https:\/\/isuppa.com\/biblioteca\/index.php\/wp-json\/wp\/v2\/users\/1"}],"replies":[{"embeddable":true,"href":"https:\/\/isuppa.com\/biblioteca\/index.php\/wp-json\/wp\/v2\/comments?post=1032"}],"version-history":[{"count":1,"href":"https:\/\/isuppa.com\/biblioteca\/index.php\/wp-json\/wp\/v2\/pages\/1032\/revisions"}],"predecessor-version":[{"id":1033,"href":"https:\/\/isuppa.com\/biblioteca\/index.php\/wp-json\/wp\/v2\/pages\/1032\/revisions\/1033"}],"wp:attachment":[{"href":"https:\/\/isuppa.com\/biblioteca\/index.php\/wp-json\/wp\/v2\/media?parent=1032"}],"curies":[{"name":"wp","href":"https:\/\/api.w.org\/{rel}","templated":true}]}}