{"id":1036,"date":"2024-10-24T23:10:00","date_gmt":"2024-10-24T23:10:00","guid":{"rendered":"https:\/\/isuppa.com\/biblioteca\/?page_id=1036"},"modified":"2024-10-25T00:12:08","modified_gmt":"2024-10-25T00:12:08","slug":"neurociencias","status":"publish","type":"page","link":"https:\/\/isuppa.com\/biblioteca\/index.php\/neurociencias\/","title":{"rendered":"Neuroci\u00eancias"},"content":{"rendered":"\n<p><a href=\"https:\/\/isuppa.com\/\/biblioteca\/wp-content\/uploads\/2024\/10\/21PscNC\/TRANSMIS_SINAPTICA.pdf\">Transmiss\u00e3o Sin\u00e1ptica<\/a><\/p>\n\n\n\n<p><a href=\"https:\/\/isuppa.com\/\/biblioteca\/wp-content\/uploads\/2024\/10\/21PscNC\/DIFERENC-CEREBRA.pdf\">Diferencias anat\u00f3micas cerebrales que implican diferencias<br>funcionales<\/a><\/p>\n\n\n\n<p><a href=\"https:\/\/isuppa.com\/\/biblioteca\/wp-content\/uploads\/2024\/10\/21PscNC\/DIFER-SEXUAL-CEREBRO.pdf\">Diferencias sexuales en el sistema nervioso<br>humano<\/a><\/p>\n\n\n\n<p><a href=\"https:\/\/isuppa.com\/\/biblioteca\/wp-content\/uploads\/2024\/10\/21PscNC\/NEUROC-AFECTIVA.pdf\">Neuroci\u00eancia Afectiva<\/a><\/p>\n\n\n\n<p><a href=\"https:\/\/isuppa.com\/\/biblioteca\/wp-content\/uploads\/2024\/10\/21PscNC\/NEURO-ESPELHO.pdf\">NEUR\u00d4NIOS ESPELHO<\/a><\/p>\n\n\n\n<p><a href=\"https:\/\/isuppa.com\/\/biblioteca\/wp-content\/uploads\/2024\/10\/21PscNC\/Metodos_Neuro.pdf\">M\u00e9todos de investiga\u00e7\u00e3o funcional do<br>c\u00e9rebro<\/a><\/p>\n\n\n\n<p><a href=\"https:\/\/isuppa.com\/\/biblioteca\/wp-content\/uploads\/2024\/10\/21PscNC\/Desafios \u00e9ticos e bio\u00e9ticos.pdf\">Desafios \u00e9ticos e bio\u00e9ticos da neuroci\u00eancia<\/a><\/p>\n","protected":false},"excerpt":{"rendered":"<p>Transmiss\u00e3o Sin\u00e1ptica Diferencias anat\u00f3micas cerebrales que implican diferenciasfuncionales Diferencias sexuales en el sistema nerviosohumano Neuroci\u00eancia Afectiva NEUR\u00d4NIOS ESPELHO M\u00e9todos de investiga\u00e7\u00e3o funcional doc\u00e9rebro Desafios \u00e9ticos e bio\u00e9ticos da neuroci\u00eancia<\/p>\n","protected":false},"author":1,"featured_media":0,"parent":0,"menu_order":0,"comment_status":"closed","ping_status":"closed","template":"","meta":{"footnotes":""},"_links":{"self":[{"href":"https:\/\/isuppa.com\/biblioteca\/index.php\/wp-json\/wp\/v2\/pages\/1036"}],"collection":[{"href":"https:\/\/isuppa.com\/biblioteca\/index.php\/wp-json\/wp\/v2\/pages"}],"about":[{"href":"https:\/\/isuppa.com\/biblioteca\/index.php\/wp-json\/wp\/v2\/types\/page"}],"author":[{"embeddable":true,"href":"https:\/\/isuppa.com\/biblioteca\/index.php\/wp-json\/wp\/v2\/users\/1"}],"replies":[{"embeddable":true,"href":"https:\/\/isuppa.com\/biblioteca\/index.php\/wp-json\/wp\/v2\/comments?post=1036"}],"version-history":[{"count":2,"href":"https:\/\/isuppa.com\/biblioteca\/index.php\/wp-json\/wp\/v2\/pages\/1036\/revisions"}],"predecessor-version":[{"id":1048,"href":"https:\/\/isuppa.com\/biblioteca\/index.php\/wp-json\/wp\/v2\/pages\/1036\/revisions\/1048"}],"wp:attachment":[{"href":"https:\/\/isuppa.com\/biblioteca\/index.php\/wp-json\/wp\/v2\/media?parent=1036"}],"curies":[{"name":"wp","href":"https:\/\/api.w.org\/{rel}","templated":true}]}}