{"id":1038,"date":"2024-10-24T23:17:29","date_gmt":"2024-10-24T23:17:29","guid":{"rendered":"https:\/\/isuppa.com\/biblioteca\/?page_id=1038"},"modified":"2024-10-24T23:17:29","modified_gmt":"2024-10-24T23:17:29","slug":"psicologia-da-educacao-2","status":"publish","type":"page","link":"https:\/\/isuppa.com\/biblioteca\/index.php\/psicologia-da-educacao-2\/","title":{"rendered":"Psicologia da Educa\u00e7\u00e3o"},"content":{"rendered":"\n<p><a href=\"https:\/\/isuppa.com\/\/biblioteca\/wp-content\/uploads\/2024\/10\/21PscPE\/Manual de Psicologia Escolar.pdf\">Manual de Psicologia Escolar<\/a><\/p>\n\n\n\n<p><a href=\"https:\/\/isuppa.com\/\/biblioteca\/wp-content\/uploads\/2024\/10\/21PscPE\/Personalidade e Perturbac\u00f5es.pdf\">Personalidade e Perturba\u00e7\u00f5es<\/a><\/p>\n\n\n\n<p><a href=\"https:\/\/isuppa.com\/\/biblioteca\/wp-content\/uploads\/2024\/10\/21PscPE\/Psicologia Aplicada \u00e0 Educa\u00e7\u00e3o.pdf\">Psicologia Aplicada \u00e0 Educa\u00e7\u00e3o<\/a><\/p>\n\n\n\n<p><a href=\"https:\/\/isuppa.com\/\/biblioteca\/wp-content\/uploads\/2024\/10\/21PscPE\/Teoria da Personalidade.pdf\">Teoria da Personalidade<\/a><\/p>\n","protected":false},"excerpt":{"rendered":"<p>Manual de Psicologia Escolar Personalidade e Perturba\u00e7\u00f5es Psicologia Aplicada \u00e0 Educa\u00e7\u00e3o Teoria da Personalidade<\/p>\n","protected":false},"author":1,"featured_media":0,"parent":0,"menu_order":0,"comment_status":"closed","ping_status":"closed","template":"","meta":{"footnotes":""},"_links":{"self":[{"href":"https:\/\/isuppa.com\/biblioteca\/index.php\/wp-json\/wp\/v2\/pages\/1038"}],"collection":[{"href":"https:\/\/isuppa.com\/biblioteca\/index.php\/wp-json\/wp\/v2\/pages"}],"about":[{"href":"https:\/\/isuppa.com\/biblioteca\/index.php\/wp-json\/wp\/v2\/types\/page"}],"author":[{"embeddable":true,"href":"https:\/\/isuppa.com\/biblioteca\/index.php\/wp-json\/wp\/v2\/users\/1"}],"replies":[{"embeddable":true,"href":"https:\/\/isuppa.com\/biblioteca\/index.php\/wp-json\/wp\/v2\/comments?post=1038"}],"version-history":[{"count":1,"href":"https:\/\/isuppa.com\/biblioteca\/index.php\/wp-json\/wp\/v2\/pages\/1038\/revisions"}],"predecessor-version":[{"id":1039,"href":"https:\/\/isuppa.com\/biblioteca\/index.php\/wp-json\/wp\/v2\/pages\/1038\/revisions\/1039"}],"wp:attachment":[{"href":"https:\/\/isuppa.com\/biblioteca\/index.php\/wp-json\/wp\/v2\/media?parent=1038"}],"curies":[{"name":"wp","href":"https:\/\/api.w.org\/{rel}","templated":true}]}}