{"id":1040,"date":"2024-10-24T23:34:40","date_gmt":"2024-10-24T23:34:40","guid":{"rendered":"https:\/\/isuppa.com\/biblioteca\/?page_id=1040"},"modified":"2024-10-25T00:18:01","modified_gmt":"2024-10-25T00:18:01","slug":"psicologia-do-desenvolvimento","status":"publish","type":"page","link":"https:\/\/isuppa.com\/biblioteca\/index.php\/psicologia-do-desenvolvimento\/","title":{"rendered":"Psicologia do Desenvolvimento"},"content":{"rendered":"\n<p><a href=\"https:\/\/isuppa.com\/\/biblioteca\/wp-content\/uploads\/2024\/10\/21PscPD\/CRIAN\u00c7A EM DESENVOLVIMENTO-EEUU.pdf\">CRIAN\u00c7A EM DESENVOLVIMENTO<\/a><\/p>\n\n\n\n<p><a href=\"https:\/\/isuppa.com\/\/biblioteca\/wp-content\/uploads\/2024\/10\/21PscPD\/DESENVOLVIMENTO HUMANO.pdf\">DESENVOLVIMENTO HUMANO<\/a><\/p>\n\n\n\n<p><a href=\"https:\/\/isuppa.com\/\/biblioteca\/wp-content\/uploads\/2024\/10\/21PscPD\/DESENVOLVIMENTO INFANTIL.pdf\">DESENVOLVIMENTO INFANTIL<\/a><\/p>\n\n\n\n<p><a href=\"https:\/\/isuppa.com\/\/biblioteca\/wp-content\/uploads\/2024\/10\/21PscPD\/DESENVOLVIMENTO SOCIAL DIDACTICO.pdf\">DESENVOLVIMENTO SOCIAL DIDACTICO<\/a><\/p>\n\n\n\n<p><a href=\"https:\/\/isuppa.com\/\/biblioteca\/wp-content\/uploads\/2024\/10\/21PscPD\/ESTIMULA\u00c7\u00c3O PRECOCE NA PRIMEIRA INF\u00c2NCIA.pdf\">ESTIMULA\u00c7\u00c3O PRECOCE NA PRIMEIRA INF\u00c2NCIA<\/a><\/p>\n\n\n\n<p><a href=\"https:\/\/isuppa.com\/\/biblioteca\/wp-content\/uploads\/2024\/10\/21PscPD\/FUNDAMENTOS DO DESENVOLVIMENTO INFANTIL.pdf\">FUNDAMENTOS DO DESENVOLVIMENTO INFANTIL<\/a><\/p>\n\n\n\n<p><a href=\"https:\/\/isuppa.com\/\/biblioteca\/wp-content\/uploads\/2024\/10\/21PscPD\/IDADE ADULTA.pdf\">IDADE ADULTA<\/a><\/p>\n\n\n\n<p><a href=\"https:\/\/isuppa.com\/\/biblioteca\/wp-content\/uploads\/2024\/10\/21PscPD\/MANUAL DESENVOLVIMENTO INFANTIL.pdf\">MANUAL DESENVOLVIMENTO INFANTIL<\/a><\/p>\n\n\n\n<p><a href=\"https:\/\/isuppa.com\/\/biblioteca\/wp-content\/uploads\/2024\/10\/21PscPD\/PSICOL-DESENV E APRENDIZAGEM.pdf\">PSICOLOGIA DO DESENVOLVIMENTO E APRENDIZAGEM<\/a><\/p>\n\n\n\n<p><a href=\"https:\/\/isuppa.com\/\/biblioteca\/wp-content\/uploads\/2024\/10\/21PscPD\/PSICOLOGIA DO DESENVOLVIMENTO PIAGET.pdf\">PSICOLOGIA DO DESENVOLVIMENTO PIAGET<\/a><\/p>\n\n\n\n<p><a href=\"https:\/\/isuppa.com\/\/biblioteca\/wp-content\/uploads\/2024\/10\/21PscPD\/VEJEZ-PALERMO-2013.pdf\">VEJEZ-PALERMO<\/a><\/p>\n","protected":false},"excerpt":{"rendered":"<p>CRIAN\u00c7A EM DESENVOLVIMENTO DESENVOLVIMENTO HUMANO DESENVOLVIMENTO INFANTIL DESENVOLVIMENTO SOCIAL DIDACTICO ESTIMULA\u00c7\u00c3O PRECOCE NA PRIMEIRA INF\u00c2NCIA FUNDAMENTOS DO DESENVOLVIMENTO INFANTIL IDADE ADULTA MANUAL DESENVOLVIMENTO INFANTIL PSICOLOGIA DO DESENVOLVIMENTO E APRENDIZAGEM PSICOLOGIA DO DESENVOLVIMENTO PIAGET VEJEZ-PALERMO<\/p>\n","protected":false},"author":1,"featured_media":0,"parent":0,"menu_order":0,"comment_status":"closed","ping_status":"closed","template":"","meta":{"footnotes":""},"_links":{"self":[{"href":"https:\/\/isuppa.com\/biblioteca\/index.php\/wp-json\/wp\/v2\/pages\/1040"}],"collection":[{"href":"https:\/\/isuppa.com\/biblioteca\/index.php\/wp-json\/wp\/v2\/pages"}],"about":[{"href":"https:\/\/isuppa.com\/biblioteca\/index.php\/wp-json\/wp\/v2\/types\/page"}],"author":[{"embeddable":true,"href":"https:\/\/isuppa.com\/biblioteca\/index.php\/wp-json\/wp\/v2\/users\/1"}],"replies":[{"embeddable":true,"href":"https:\/\/isuppa.com\/biblioteca\/index.php\/wp-json\/wp\/v2\/comments?post=1040"}],"version-history":[{"count":4,"href":"https:\/\/isuppa.com\/biblioteca\/index.php\/wp-json\/wp\/v2\/pages\/1040\/revisions"}],"predecessor-version":[{"id":1052,"href":"https:\/\/isuppa.com\/biblioteca\/index.php\/wp-json\/wp\/v2\/pages\/1040\/revisions\/1052"}],"wp:attachment":[{"href":"https:\/\/isuppa.com\/biblioteca\/index.php\/wp-json\/wp\/v2\/media?parent=1040"}],"curies":[{"name":"wp","href":"https:\/\/api.w.org\/{rel}","templated":true}]}}