{"id":1044,"date":"2024-10-25T00:06:35","date_gmt":"2024-10-25T00:06:35","guid":{"rendered":"https:\/\/isuppa.com\/biblioteca\/?page_id=1044"},"modified":"2024-10-25T00:22:14","modified_gmt":"2024-10-25T00:22:14","slug":"teoria-da-educacao","status":"publish","type":"page","link":"https:\/\/isuppa.com\/biblioteca\/index.php\/teoria-da-educacao\/","title":{"rendered":"Teoria da Educa\u00e7\u00e3o"},"content":{"rendered":"\n<p><a href=\"http:\/\/www.pucsp.br\/ecopolitica\/documentos\/cultura_da_paz\/docs\/Dellors_alli_Relatorio_UnesUn_Educacao_tesouro_descobrir_.pdf\">A Educa\u00e7\u00e3o \u00e9 um Tesouro<\/a><\/p>\n\n\n\n<p><a href=\"http:\/\/pepsic.bvsalud.org\/scielo.php?pid=S1677-98432005000200005&amp;script=sci_arttext\">Desigualdade social e sistema educacional<\/a><\/p>\n\n\n\n<p><a href=\"http:\/\/rousseaustudies.free.fr\/articleailluminismopedagogico.pdf\">Iluminismo pedag\u00f3gico de Rousseau<\/a><\/p>\n\n\n\n<p><a href=\"https:\/\/isuppa.com\/\/biblioteca\/wp-content\/uploads\/2024\/10\/21PscTE\/LIVRO DE TEORIA DA EDUCA\u00c7\u00c3O E O PROBLEMA DA MARGINALIDADE.pdf\">LIVRO DE TEORIA DA EDUCA\u00c7\u00c3O E O PROBLEMA DA MARGINALIDADE<\/a><\/p>\n\n\n\n<p><a href=\"https:\/\/isuppa.com\/\/biblioteca\/wp-content\/uploads\/2024\/10\/21PscTE\/LIVRO DE TEORIA E HIST\u00d3RIA DA EDUCA\u00c7\u00c3O.pdf\">LIVRO DE TEORIA E HIST\u00d3RIA DA EDUCA\u00c7\u00c3O<\/a><\/p>\n\n\n\n<p><a href=\"https:\/\/profcesarmaia.files.wordpress.com\/2013\/08\/sociologia-critica-pedrinho-guareschi.pdf\">Sociologia Cr\u00edtica: alternativas de mudan\u00e7as<\/a><\/p>\n\n\n\n<p><a href=\"http:\/\/www.ia.ufrrj.br\/ppgea\/conteudo\/conteudo-2008-2\/2SF\/Lia\/Pensamento%20Pedag%F3gico.pdf\">O Pensamento Pedag\u00f3gico Moderno<\/a><\/p>\n\n\n\n<p><a href=\"https:\/\/isuppa.com\/\/biblioteca\/wp-content\/uploads\/2024\/10\/21PscTE\/Teorias-da-educa\u00e7\u00e3o-e-a-forma\u00e7\u00e3o-de-professores.pdf\">Teorias da Educa\u00e7\u00e3o e a Forma\u00e7\u00e3o de Professores<\/a><\/p>\n","protected":false},"excerpt":{"rendered":"<p>A Educa\u00e7\u00e3o \u00e9 um Tesouro Desigualdade social e sistema educacional Iluminismo pedag\u00f3gico de Rousseau LIVRO DE TEORIA DA EDUCA\u00c7\u00c3O E O PROBLEMA DA MARGINALIDADE LIVRO DE TEORIA E HIST\u00d3RIA DA EDUCA\u00c7\u00c3O Sociologia Cr\u00edtica: alternativas de mudan\u00e7as O Pensamento Pedag\u00f3gico Moderno Teorias da Educa\u00e7\u00e3o e a Forma\u00e7\u00e3o de Professores<\/p>\n","protected":false},"author":1,"featured_media":0,"parent":0,"menu_order":0,"comment_status":"closed","ping_status":"closed","template":"","meta":{"footnotes":""},"_links":{"self":[{"href":"https:\/\/isuppa.com\/biblioteca\/index.php\/wp-json\/wp\/v2\/pages\/1044"}],"collection":[{"href":"https:\/\/isuppa.com\/biblioteca\/index.php\/wp-json\/wp\/v2\/pages"}],"about":[{"href":"https:\/\/isuppa.com\/biblioteca\/index.php\/wp-json\/wp\/v2\/types\/page"}],"author":[{"embeddable":true,"href":"https:\/\/isuppa.com\/biblioteca\/index.php\/wp-json\/wp\/v2\/users\/1"}],"replies":[{"embeddable":true,"href":"https:\/\/isuppa.com\/biblioteca\/index.php\/wp-json\/wp\/v2\/comments?post=1044"}],"version-history":[{"count":2,"href":"https:\/\/isuppa.com\/biblioteca\/index.php\/wp-json\/wp\/v2\/pages\/1044\/revisions"}],"predecessor-version":[{"id":1054,"href":"https:\/\/isuppa.com\/biblioteca\/index.php\/wp-json\/wp\/v2\/pages\/1044\/revisions\/1054"}],"wp:attachment":[{"href":"https:\/\/isuppa.com\/biblioteca\/index.php\/wp-json\/wp\/v2\/media?parent=1044"}],"curies":[{"name":"wp","href":"https:\/\/api.w.org\/{rel}","templated":true}]}}