{"id":1059,"date":"2024-10-25T08:36:18","date_gmt":"2024-10-25T08:36:18","guid":{"rendered":"https:\/\/isuppa.com\/biblioteca\/?page_id=1059"},"modified":"2024-10-25T08:36:19","modified_gmt":"2024-10-25T08:36:19","slug":"desenvolvimento-curricular","status":"publish","type":"page","link":"https:\/\/isuppa.com\/biblioteca\/index.php\/desenvolvimento-curricular\/","title":{"rendered":"Desenvolvimento Curricular"},"content":{"rendered":"\n<p><a href=\"https:\/\/isuppa.com\/\/biblioteca\/wp-content\/uploads\/2024\/10\/22PscDC\/DESENVOLVIMENTO CURRICULAR E TRANSPOSI\u00c7\u00c3O DID\u00c1TICA.pdf\">Desenvolvimento Curricular e Transposi\u00e7\u00e3o Did\u00e1ctica<\/a><\/p>\n\n\n\n<p><a href=\"https:\/\/isuppa.com\/\/biblioteca\/wp-content\/uploads\/2024\/10\/22PscDC\/Desenvolvimento Curricular I.pdf\">Desenvolvimento Curricular I<\/a><\/p>\n\n\n\n<p><a href=\"https:\/\/isuppa.com\/\/biblioteca\/wp-content\/uploads\/2024\/10\/22PscDC\/Desenvolvimento Curricular II.pdf\">Desenvolvimento Curricular II<\/a><\/p>\n\n\n\n<p><a href=\"https:\/\/isuppa.com\/\/biblioteca\/wp-content\/uploads\/2024\/10\/22PscDC\/LIVRO DE DESENVOLVIMENTO CURRICULAR 2.pdf\">Livro de Desenvolvimento Curricular<\/a><\/p>\n\n\n\n<p><a href=\"https:\/\/isuppa.com\/\/biblioteca\/wp-content\/uploads\/2024\/10\/22PscDC\/Principios de Desenvolvimento Curricular.pdf\">Princ\u00edpios de Desenvolvimento Curricular<\/a><\/p>\n\n\n\n<p><a href=\"https:\/\/isuppa.com\/\/biblioteca\/wp-content\/uploads\/2024\/10\/22PscDC\/Processo de Desenvolvimento Curricular.pdf\">Processo de Desenvolvimento Curricular<\/a><\/p>\n\n\n\n<p><a href=\"https:\/\/isuppa.com\/\/biblioteca\/wp-content\/uploads\/2024\/10\/22PscDC\/Ser_aluno_o_segredo_do_ser_professor.pdf\">Ser aluno o Segredo do ser Professor<\/a><\/p>\n","protected":false},"excerpt":{"rendered":"<p>Desenvolvimento Curricular e Transposi\u00e7\u00e3o Did\u00e1ctica Desenvolvimento Curricular I Desenvolvimento Curricular II Livro de Desenvolvimento Curricular Princ\u00edpios de Desenvolvimento Curricular Processo de Desenvolvimento Curricular Ser aluno o Segredo do ser Professor<\/p>\n","protected":false},"author":1,"featured_media":0,"parent":0,"menu_order":0,"comment_status":"closed","ping_status":"closed","template":"","meta":{"footnotes":""},"_links":{"self":[{"href":"https:\/\/isuppa.com\/biblioteca\/index.php\/wp-json\/wp\/v2\/pages\/1059"}],"collection":[{"href":"https:\/\/isuppa.com\/biblioteca\/index.php\/wp-json\/wp\/v2\/pages"}],"about":[{"href":"https:\/\/isuppa.com\/biblioteca\/index.php\/wp-json\/wp\/v2\/types\/page"}],"author":[{"embeddable":true,"href":"https:\/\/isuppa.com\/biblioteca\/index.php\/wp-json\/wp\/v2\/users\/1"}],"replies":[{"embeddable":true,"href":"https:\/\/isuppa.com\/biblioteca\/index.php\/wp-json\/wp\/v2\/comments?post=1059"}],"version-history":[{"count":1,"href":"https:\/\/isuppa.com\/biblioteca\/index.php\/wp-json\/wp\/v2\/pages\/1059\/revisions"}],"predecessor-version":[{"id":1060,"href":"https:\/\/isuppa.com\/biblioteca\/index.php\/wp-json\/wp\/v2\/pages\/1059\/revisions\/1060"}],"wp:attachment":[{"href":"https:\/\/isuppa.com\/biblioteca\/index.php\/wp-json\/wp\/v2\/media?parent=1059"}],"curies":[{"name":"wp","href":"https:\/\/api.w.org\/{rel}","templated":true}]}}