{"id":1064,"date":"2024-10-25T08:43:54","date_gmt":"2024-10-25T08:43:54","guid":{"rendered":"https:\/\/isuppa.com\/biblioteca\/?page_id=1064"},"modified":"2024-10-25T08:43:54","modified_gmt":"2024-10-25T08:43:54","slug":"demografia-3","status":"publish","type":"page","link":"https:\/\/isuppa.com\/biblioteca\/index.php\/demografia-3\/","title":{"rendered":"Demografia"},"content":{"rendered":"\n<p><a href=\"https:\/\/isuppa.com\/\/biblioteca\/wp-content\/uploads\/2024\/10\/22PscD\/Conecito B\u00e1sico da Demografia.pdf\">Conceito B\u00e1sico da Demografia<\/a><\/p>\n\n\n\n<p><a href=\"https:\/\/isuppa.com\/\/biblioteca\/wp-content\/uploads\/2024\/10\/22PscD\/Demografia e Desenvolvimento.pdf\">Demografia e Desenvolvimento<\/a><\/p>\n\n\n\n<p><a href=\"https:\/\/isuppa.com\/\/biblioteca\/wp-content\/uploads\/2024\/10\/22PscD\/Demografia Saude Contribuicao Tendencias.pdf\">Demografia, Sa\u00fade, Contribui\u00e7\u00e3o e Tend\u00eancias<\/a><\/p>\n\n\n\n<p><a href=\"https:\/\/isuppa.com\/\/biblioteca\/wp-content\/uploads\/2024\/10\/22PscD\/LA DEMOGRAF\u00cdA COMO INSTRUMENTO.pdf\">A Demografia Como Instrumento<\/a><\/p>\n\n\n\n<p><a href=\"https:\/\/isuppa.com\/\/biblioteca\/wp-content\/uploads\/2024\/10\/22PscD\/METODOS_EM_DEMOGRAFIA.pdf\">M\u00e9todos em Demografia<\/a><\/p>\n","protected":false},"excerpt":{"rendered":"<p>Conceito B\u00e1sico da Demografia Demografia e Desenvolvimento Demografia, Sa\u00fade, Contribui\u00e7\u00e3o e Tend\u00eancias A Demografia Como Instrumento M\u00e9todos em Demografia<\/p>\n","protected":false},"author":1,"featured_media":0,"parent":0,"menu_order":0,"comment_status":"closed","ping_status":"closed","template":"","meta":{"footnotes":""},"_links":{"self":[{"href":"https:\/\/isuppa.com\/biblioteca\/index.php\/wp-json\/wp\/v2\/pages\/1064"}],"collection":[{"href":"https:\/\/isuppa.com\/biblioteca\/index.php\/wp-json\/wp\/v2\/pages"}],"about":[{"href":"https:\/\/isuppa.com\/biblioteca\/index.php\/wp-json\/wp\/v2\/types\/page"}],"author":[{"embeddable":true,"href":"https:\/\/isuppa.com\/biblioteca\/index.php\/wp-json\/wp\/v2\/users\/1"}],"replies":[{"embeddable":true,"href":"https:\/\/isuppa.com\/biblioteca\/index.php\/wp-json\/wp\/v2\/comments?post=1064"}],"version-history":[{"count":1,"href":"https:\/\/isuppa.com\/biblioteca\/index.php\/wp-json\/wp\/v2\/pages\/1064\/revisions"}],"predecessor-version":[{"id":1065,"href":"https:\/\/isuppa.com\/biblioteca\/index.php\/wp-json\/wp\/v2\/pages\/1064\/revisions\/1065"}],"wp:attachment":[{"href":"https:\/\/isuppa.com\/biblioteca\/index.php\/wp-json\/wp\/v2\/media?parent=1064"}],"curies":[{"name":"wp","href":"https:\/\/api.w.org\/{rel}","templated":true}]}}