{"id":1068,"date":"2024-10-25T08:51:45","date_gmt":"2024-10-25T08:51:45","guid":{"rendered":"https:\/\/isuppa.com\/biblioteca\/?page_id=1068"},"modified":"2024-10-25T08:51:45","modified_gmt":"2024-10-25T08:51:45","slug":"neuropsicologia","status":"publish","type":"page","link":"https:\/\/isuppa.com\/biblioteca\/index.php\/neuropsicologia\/","title":{"rendered":"Neuropsicologia"},"content":{"rendered":"\n<p><a href=\"https:\/\/isuppa.com\/\/biblioteca\/wp-content\/uploads\/2024\/10\/22PscNPsc\/A Pesquisa em Neuropsicologia.pdf\">A Pesquisa em Neuropsicologia<\/a><\/p>\n\n\n\n<p><a href=\"https:\/\/isuppa.com\/\/biblioteca\/wp-content\/uploads\/2024\/10\/22PscNPsc\/Apraxias.pdf\">Apraxias<\/a><\/p>\n\n\n\n<p><a href=\"https:\/\/isuppa.com\/\/biblioteca\/wp-content\/uploads\/2024\/10\/22PscNPsc\/AS NEUROCI\u00caNCIAS AO SERVI\u00c7O DA LINGUAGEM.pdf\">As Neuroci\u00eancias ao Servi\u00e7o da Linguagem<\/a><\/p>\n\n\n\n<p><a href=\"https:\/\/isuppa.com\/\/biblioteca\/wp-content\/uploads\/2024\/10\/22PscNPsc\/Aspectos hist\u00f3ricos da neuropsicologia.pdf\">Aspectos Hist\u00f3ricos da Neuropsicologia<\/a><\/p>\n\n\n\n<p><a href=\"https:\/\/isuppa.com\/\/biblioteca\/wp-content\/uploads\/2024\/10\/22PscNPsc\/Assimetria cognitiva dos hemisf\u00e9rios cerebrais.pdf\">Assimetria Cognitiva dos Hemisf\u00e9rios Cerebrais<\/a><\/p>\n\n\n\n<p><a href=\"https:\/\/isuppa.com\/\/biblioteca\/wp-content\/uploads\/2024\/10\/22PscNPsc\/ASSIMETRIAS ANATOMICAS CEREBRAIS.pdf\">Assimetrias Anat\u00f3micas Cerebrais<\/a><\/p>\n","protected":false},"excerpt":{"rendered":"<p>A Pesquisa em Neuropsicologia Apraxias As Neuroci\u00eancias ao Servi\u00e7o da Linguagem Aspectos Hist\u00f3ricos da Neuropsicologia Assimetria Cognitiva dos Hemisf\u00e9rios Cerebrais Assimetrias Anat\u00f3micas Cerebrais<\/p>\n","protected":false},"author":1,"featured_media":0,"parent":0,"menu_order":0,"comment_status":"closed","ping_status":"closed","template":"","meta":{"footnotes":""},"_links":{"self":[{"href":"https:\/\/isuppa.com\/biblioteca\/index.php\/wp-json\/wp\/v2\/pages\/1068"}],"collection":[{"href":"https:\/\/isuppa.com\/biblioteca\/index.php\/wp-json\/wp\/v2\/pages"}],"about":[{"href":"https:\/\/isuppa.com\/biblioteca\/index.php\/wp-json\/wp\/v2\/types\/page"}],"author":[{"embeddable":true,"href":"https:\/\/isuppa.com\/biblioteca\/index.php\/wp-json\/wp\/v2\/users\/1"}],"replies":[{"embeddable":true,"href":"https:\/\/isuppa.com\/biblioteca\/index.php\/wp-json\/wp\/v2\/comments?post=1068"}],"version-history":[{"count":1,"href":"https:\/\/isuppa.com\/biblioteca\/index.php\/wp-json\/wp\/v2\/pages\/1068\/revisions"}],"predecessor-version":[{"id":1069,"href":"https:\/\/isuppa.com\/biblioteca\/index.php\/wp-json\/wp\/v2\/pages\/1068\/revisions\/1069"}],"wp:attachment":[{"href":"https:\/\/isuppa.com\/biblioteca\/index.php\/wp-json\/wp\/v2\/media?parent=1068"}],"curies":[{"name":"wp","href":"https:\/\/api.w.org\/{rel}","templated":true}]}}