{"id":1071,"date":"2024-10-25T09:21:20","date_gmt":"2024-10-25T09:21:20","guid":{"rendered":"https:\/\/isuppa.com\/biblioteca\/?page_id=1071"},"modified":"2024-10-25T11:05:54","modified_gmt":"2024-10-25T11:05:54","slug":"didactica-especial-da-psicologia","status":"publish","type":"page","link":"https:\/\/isuppa.com\/biblioteca\/index.php\/didactica-especial-da-psicologia\/","title":{"rendered":"Did\u00e1ctica Especial da Psicologia"},"content":{"rendered":"\n<p><a href=\"https:\/\/isuppa.com\/\/biblioteca\/wp-content\/uploads\/2024\/10\/31PscDE\/A disciplina de Did\u00e1tica Especial.pdf\">A disciplina de Did\u00e1ctica Especial<\/a><\/p>\n\n\n\n<p><a href=\"https:\/\/isuppa.com\/\/biblioteca\/wp-content\/uploads\/2024\/10\/31PscDE\/A PSICOLOGIA E A ARTE DE ENSINAR.pdf\">A Psicologia e a Arte de Ensinar<\/a><\/p>\n\n\n\n<p><a href=\"https:\/\/isuppa.com\/\/biblioteca\/wp-content\/uploads\/2024\/10\/31PscDE\/Abordagens-pedagogicas-e-sua-relacao-com-as-teorias-de-aprendizagem.pdf\">Abordagens Pedag\u00f3gicas e sua Rela\u00e7\u00e3o com as teorias de aprendizagem<\/a><\/p>\n\n\n\n<p><a href=\"https:\/\/isuppa.com\/\/biblioteca\/wp-content\/uploads\/2024\/10\/31PscDE\/Livro_Psicologia da Aprendizagem.pdf\">Livro Psicologia da Aprendizagem<\/a><\/p>\n\n\n\n<p><a href=\"https:\/\/isuppa.com\/\/biblioteca\/wp-content\/uploads\/2024\/10\/31PscDE\/O Processo de Media\u00e7\u00e3o.pdf\">O Processo de Media\u00e7\u00e3o<\/a><\/p>\n\n\n\n<p><a href=\"https:\/\/isuppa.com\/\/biblioteca\/wp-content\/uploads\/2024\/10\/31PscDE\/O Sujeito do Conhecimento.pdf\">O Sujeito do Conhecimento<\/a><\/p>\n\n\n\n<p><\/p>\n","protected":false},"excerpt":{"rendered":"<p>A disciplina de Did\u00e1ctica Especial A Psicologia e a Arte de Ensinar Abordagens Pedag\u00f3gicas e sua Rela\u00e7\u00e3o com as teorias de aprendizagem Livro Psicologia da Aprendizagem O Processo de Media\u00e7\u00e3o O Sujeito do Conhecimento<\/p>\n","protected":false},"author":1,"featured_media":0,"parent":0,"menu_order":0,"comment_status":"closed","ping_status":"closed","template":"","meta":{"footnotes":""},"_links":{"self":[{"href":"https:\/\/isuppa.com\/biblioteca\/index.php\/wp-json\/wp\/v2\/pages\/1071"}],"collection":[{"href":"https:\/\/isuppa.com\/biblioteca\/index.php\/wp-json\/wp\/v2\/pages"}],"about":[{"href":"https:\/\/isuppa.com\/biblioteca\/index.php\/wp-json\/wp\/v2\/types\/page"}],"author":[{"embeddable":true,"href":"https:\/\/isuppa.com\/biblioteca\/index.php\/wp-json\/wp\/v2\/users\/1"}],"replies":[{"embeddable":true,"href":"https:\/\/isuppa.com\/biblioteca\/index.php\/wp-json\/wp\/v2\/comments?post=1071"}],"version-history":[{"count":2,"href":"https:\/\/isuppa.com\/biblioteca\/index.php\/wp-json\/wp\/v2\/pages\/1071\/revisions"}],"predecessor-version":[{"id":1114,"href":"https:\/\/isuppa.com\/biblioteca\/index.php\/wp-json\/wp\/v2\/pages\/1071\/revisions\/1114"}],"wp:attachment":[{"href":"https:\/\/isuppa.com\/biblioteca\/index.php\/wp-json\/wp\/v2\/media?parent=1071"}],"curies":[{"name":"wp","href":"https:\/\/api.w.org\/{rel}","templated":true}]}}