{"id":1078,"date":"2024-10-25T09:39:33","date_gmt":"2024-10-25T09:39:33","guid":{"rendered":"https:\/\/isuppa.com\/biblioteca\/?page_id=1078"},"modified":"2024-10-25T09:39:33","modified_gmt":"2024-10-25T09:39:33","slug":"etica-e-deontologia-profissional","status":"publish","type":"page","link":"https:\/\/isuppa.com\/biblioteca\/index.php\/etica-e-deontologia-profissional\/","title":{"rendered":"\u00c9tica e Deontologia Profissional"},"content":{"rendered":"\n<p><a href=\"https:\/\/isuppa.com\/\/biblioteca\/wp-content\/uploads\/2024\/10\/31PscEO\/v18n16a04.pdf\">\u00c9tica e Deontologia Profissionais do Professor<br>Universit\u00e1rio<\/a><\/p>\n\n\n\n<p><a href=\"https:\/\/isuppa.com\/\/biblioteca\/wp-content\/uploads\/2024\/10\/31PscEO\/Etica_Deontologia-Manual_Formacao.pdf\">\u00c9tica Deontologia Manual Forma\u00e7\u00e3o<\/a><\/p>\n\n\n\n<p><a href=\"https:\/\/isuppa.com\/\/biblioteca\/wp-content\/uploads\/2024\/10\/31PscEO\/LIESDE~1.PDF\">Li\u00e7\u00f5es de \u00c9tica e Deontologia Profissional<\/a><\/p>\n\n\n\n<p><a href=\"https:\/\/isuppa.com\/\/biblioteca\/wp-content\/uploads\/2024\/10\/31PscEO\/o-abc-do-bom-profissional.pdf\">O ABC do bom Profissional<\/a><\/p>\n\n\n\n<p><a href=\"https:\/\/isuppa.com\/\/biblioteca\/wp-content\/uploads\/2024\/10\/31PscEO\/T12,+jan-jun,++2023-1,+pag+263-286.pdf\">\u00c9tica E Deontologia Profissional na Educa\u00e7\u00e3o<\/a><\/p>\n","protected":false},"excerpt":{"rendered":"<p>\u00c9tica e Deontologia Profissionais do ProfessorUniversit\u00e1rio \u00c9tica Deontologia Manual Forma\u00e7\u00e3o Li\u00e7\u00f5es de \u00c9tica e Deontologia Profissional O ABC do bom Profissional \u00c9tica E Deontologia Profissional na Educa\u00e7\u00e3o<\/p>\n","protected":false},"author":1,"featured_media":0,"parent":0,"menu_order":0,"comment_status":"closed","ping_status":"closed","template":"","meta":{"footnotes":""},"_links":{"self":[{"href":"https:\/\/isuppa.com\/biblioteca\/index.php\/wp-json\/wp\/v2\/pages\/1078"}],"collection":[{"href":"https:\/\/isuppa.com\/biblioteca\/index.php\/wp-json\/wp\/v2\/pages"}],"about":[{"href":"https:\/\/isuppa.com\/biblioteca\/index.php\/wp-json\/wp\/v2\/types\/page"}],"author":[{"embeddable":true,"href":"https:\/\/isuppa.com\/biblioteca\/index.php\/wp-json\/wp\/v2\/users\/1"}],"replies":[{"embeddable":true,"href":"https:\/\/isuppa.com\/biblioteca\/index.php\/wp-json\/wp\/v2\/comments?post=1078"}],"version-history":[{"count":1,"href":"https:\/\/isuppa.com\/biblioteca\/index.php\/wp-json\/wp\/v2\/pages\/1078\/revisions"}],"predecessor-version":[{"id":1079,"href":"https:\/\/isuppa.com\/biblioteca\/index.php\/wp-json\/wp\/v2\/pages\/1078\/revisions\/1079"}],"wp:attachment":[{"href":"https:\/\/isuppa.com\/biblioteca\/index.php\/wp-json\/wp\/v2\/media?parent=1078"}],"curies":[{"name":"wp","href":"https:\/\/api.w.org\/{rel}","templated":true}]}}