{"id":1082,"date":"2024-10-25T09:48:55","date_gmt":"2024-10-25T09:48:55","guid":{"rendered":"https:\/\/isuppa.com\/biblioteca\/?page_id=1082"},"modified":"2024-10-25T09:48:55","modified_gmt":"2024-10-25T09:48:55","slug":"orientacao-escolar","status":"publish","type":"page","link":"https:\/\/isuppa.com\/biblioteca\/index.php\/orientacao-escolar\/","title":{"rendered":"Orienta\u00e7\u00e3o Escolar"},"content":{"rendered":"\n<p><a href=\"https:\/\/isuppa.com\/\/biblioteca\/wp-content\/uploads\/2024\/10\/31PscOE\/ACOMPANHAMENTO.pdf\">Guia Para Decisores<\/a><\/p>\n\n\n\n<p><a href=\"https:\/\/isuppa.com\/\/biblioteca\/wp-content\/uploads\/2024\/10\/31PscOE\/AS1.pdf\">A Import\u00e2ncia da OE<\/a><\/p>\n\n\n\n<p><a href=\"https:\/\/isuppa.com\/\/biblioteca\/wp-content\/uploads\/2024\/10\/31PscOE\/LIVRO de ORIENTA\u00c7\u00c3O PRE ESCOLAR.pdf\">Orienta\u00e7\u00f5es Curriculares para a Educa\u00e7\u00e3o Pr\u00e9-Escolar<\/a><\/p>\n\n\n\n<p><a href=\"https:\/\/isuppa.com\/\/biblioteca\/wp-content\/uploads\/2024\/10\/31PscOE\/O Contributo.pdf\">O Contributo da OE<\/a><\/p>\n\n\n\n<p><a href=\"https:\/\/isuppa.com\/\/biblioteca\/wp-content\/uploads\/2024\/10\/31PscOE\/v2n1a08.pdf\">Orienta\u00e7\u00e3o Profissional na Escola<\/a><\/p>\n","protected":false},"excerpt":{"rendered":"<p>Guia Para Decisores A Import\u00e2ncia da OE Orienta\u00e7\u00f5es Curriculares para a Educa\u00e7\u00e3o Pr\u00e9-Escolar O Contributo da OE Orienta\u00e7\u00e3o Profissional na Escola<\/p>\n","protected":false},"author":1,"featured_media":0,"parent":0,"menu_order":0,"comment_status":"closed","ping_status":"closed","template":"","meta":{"footnotes":""},"_links":{"self":[{"href":"https:\/\/isuppa.com\/biblioteca\/index.php\/wp-json\/wp\/v2\/pages\/1082"}],"collection":[{"href":"https:\/\/isuppa.com\/biblioteca\/index.php\/wp-json\/wp\/v2\/pages"}],"about":[{"href":"https:\/\/isuppa.com\/biblioteca\/index.php\/wp-json\/wp\/v2\/types\/page"}],"author":[{"embeddable":true,"href":"https:\/\/isuppa.com\/biblioteca\/index.php\/wp-json\/wp\/v2\/users\/1"}],"replies":[{"embeddable":true,"href":"https:\/\/isuppa.com\/biblioteca\/index.php\/wp-json\/wp\/v2\/comments?post=1082"}],"version-history":[{"count":1,"href":"https:\/\/isuppa.com\/biblioteca\/index.php\/wp-json\/wp\/v2\/pages\/1082\/revisions"}],"predecessor-version":[{"id":1083,"href":"https:\/\/isuppa.com\/biblioteca\/index.php\/wp-json\/wp\/v2\/pages\/1082\/revisions\/1083"}],"wp:attachment":[{"href":"https:\/\/isuppa.com\/biblioteca\/index.php\/wp-json\/wp\/v2\/media?parent=1082"}],"curies":[{"name":"wp","href":"https:\/\/api.w.org\/{rel}","templated":true}]}}