{"id":1086,"date":"2024-10-25T09:56:28","date_gmt":"2024-10-25T09:56:28","guid":{"rendered":"https:\/\/isuppa.com\/biblioteca\/?page_id=1086"},"modified":"2024-10-25T11:09:41","modified_gmt":"2024-10-25T11:09:41","slug":"practica-pedagogica","status":"publish","type":"page","link":"https:\/\/isuppa.com\/biblioteca\/index.php\/practica-pedagogica\/","title":{"rendered":"Pr\u00e1ctica Pedag\u00f3gica"},"content":{"rendered":"\n<p><a href=\"https:\/\/isuppa.com\/\/biblioteca\/wp-content\/uploads\/2024\/10\/31PscPP\/LIVRO_teorias_e_pratica.pdf\">Livro de Teorias e Pr\u00e1tica<\/a><\/p>\n\n\n\n<p><a href=\"https:\/\/isuppa.com\/\/biblioteca\/wp-content\/uploads\/2024\/10\/31PscPP\/miolo_livro_prat_e_elementos_2019.pdf\">Pr\u00e1ctica Pedag\u00f3gica e Elemento Articuladores <\/a><\/p>\n\n\n\n<p><a href=\"https:\/\/isuppa.com\/\/biblioteca\/wp-content\/uploads\/2024\/10\/31PscPP\/Pesquisa_Pr\u00e1tica_pedagogica.pdf\">Pesquisa e Pr\u00e1tica Pedag\u00f3gica<\/a><\/p>\n\n\n\n<p><a href=\"https:\/\/isuppa.com\/\/biblioteca\/wp-content\/uploads\/2024\/10\/31PscPP\/v9n2a17.pdf\">Pr\u00e1ticas Psicopedag\u00f3gicas<\/a><\/p>\n","protected":false},"excerpt":{"rendered":"<p>Livro de Teorias e Pr\u00e1tica Pr\u00e1ctica Pedag\u00f3gica e Elemento Articuladores Pesquisa e Pr\u00e1tica Pedag\u00f3gica Pr\u00e1ticas Psicopedag\u00f3gicas<\/p>\n","protected":false},"author":1,"featured_media":0,"parent":0,"menu_order":0,"comment_status":"closed","ping_status":"closed","template":"","meta":{"footnotes":""},"_links":{"self":[{"href":"https:\/\/isuppa.com\/biblioteca\/index.php\/wp-json\/wp\/v2\/pages\/1086"}],"collection":[{"href":"https:\/\/isuppa.com\/biblioteca\/index.php\/wp-json\/wp\/v2\/pages"}],"about":[{"href":"https:\/\/isuppa.com\/biblioteca\/index.php\/wp-json\/wp\/v2\/types\/page"}],"author":[{"embeddable":true,"href":"https:\/\/isuppa.com\/biblioteca\/index.php\/wp-json\/wp\/v2\/users\/1"}],"replies":[{"embeddable":true,"href":"https:\/\/isuppa.com\/biblioteca\/index.php\/wp-json\/wp\/v2\/comments?post=1086"}],"version-history":[{"count":2,"href":"https:\/\/isuppa.com\/biblioteca\/index.php\/wp-json\/wp\/v2\/pages\/1086\/revisions"}],"predecessor-version":[{"id":1115,"href":"https:\/\/isuppa.com\/biblioteca\/index.php\/wp-json\/wp\/v2\/pages\/1086\/revisions\/1115"}],"wp:attachment":[{"href":"https:\/\/isuppa.com\/biblioteca\/index.php\/wp-json\/wp\/v2\/media?parent=1086"}],"curies":[{"name":"wp","href":"https:\/\/api.w.org\/{rel}","templated":true}]}}