{"id":1090,"date":"2024-10-25T10:03:56","date_gmt":"2024-10-25T10:03:56","guid":{"rendered":"https:\/\/isuppa.com\/biblioteca\/?page_id=1090"},"modified":"2024-10-25T10:03:57","modified_gmt":"2024-10-25T10:03:57","slug":"psicopatologia","status":"publish","type":"page","link":"https:\/\/isuppa.com\/biblioteca\/index.php\/psicopatologia\/","title":{"rendered":"Psicopatologia"},"content":{"rendered":"\n<p><a href=\"https:\/\/isuppa.com\/\/biblioteca\/wp-content\/uploads\/2024\/10\/31PscPPat\/A Experi\u00eancia do Adoecer.pdf\">A Experi\u00eancia do Adoecer<\/a><\/p>\n\n\n\n<p><a href=\"https:\/\/isuppa.com\/\/biblioteca\/wp-content\/uploads\/2024\/10\/31PscPPat\/Normal patologico saude doen\u00e7a.pdf\">Normal Patol\u00f3gico Sa\u00fade Doen\u00e7a<\/a><\/p>\n\n\n\n<p><a href=\"https:\/\/isuppa.com\/\/biblioteca\/wp-content\/uploads\/2024\/10\/31PscPPat\/PsicGeral_e_Psicopat_Psicanal\u00edtica.pdf\">Psicopatologia Geral e Psicopatologia Psicanal\u00edtica<\/a><\/p>\n\n\n\n<p><a href=\"https:\/\/isuppa.com\/\/biblioteca\/wp-content\/uploads\/2024\/10\/31PscPPat\/Psicopatologia_infncia_adolescncia.pdf\">Psicopatologia da Inf\u00e2ncia e Adolesc\u00eancia<\/a><\/p>\n","protected":false},"excerpt":{"rendered":"<p>A Experi\u00eancia do Adoecer Normal Patol\u00f3gico Sa\u00fade Doen\u00e7a Psicopatologia Geral e Psicopatologia Psicanal\u00edtica Psicopatologia da Inf\u00e2ncia e Adolesc\u00eancia<\/p>\n","protected":false},"author":1,"featured_media":0,"parent":0,"menu_order":0,"comment_status":"closed","ping_status":"closed","template":"","meta":{"footnotes":""},"_links":{"self":[{"href":"https:\/\/isuppa.com\/biblioteca\/index.php\/wp-json\/wp\/v2\/pages\/1090"}],"collection":[{"href":"https:\/\/isuppa.com\/biblioteca\/index.php\/wp-json\/wp\/v2\/pages"}],"about":[{"href":"https:\/\/isuppa.com\/biblioteca\/index.php\/wp-json\/wp\/v2\/types\/page"}],"author":[{"embeddable":true,"href":"https:\/\/isuppa.com\/biblioteca\/index.php\/wp-json\/wp\/v2\/users\/1"}],"replies":[{"embeddable":true,"href":"https:\/\/isuppa.com\/biblioteca\/index.php\/wp-json\/wp\/v2\/comments?post=1090"}],"version-history":[{"count":1,"href":"https:\/\/isuppa.com\/biblioteca\/index.php\/wp-json\/wp\/v2\/pages\/1090\/revisions"}],"predecessor-version":[{"id":1091,"href":"https:\/\/isuppa.com\/biblioteca\/index.php\/wp-json\/wp\/v2\/pages\/1090\/revisions\/1091"}],"wp:attachment":[{"href":"https:\/\/isuppa.com\/biblioteca\/index.php\/wp-json\/wp\/v2\/media?parent=1090"}],"curies":[{"name":"wp","href":"https:\/\/api.w.org\/{rel}","templated":true}]}}