{"id":1097,"date":"2024-10-25T10:26:56","date_gmt":"2024-10-25T10:26:56","guid":{"rendered":"https:\/\/isuppa.com\/biblioteca\/?page_id=1097"},"modified":"2024-10-25T10:26:56","modified_gmt":"2024-10-25T10:26:56","slug":"necessidades-especiais-educativas","status":"publish","type":"page","link":"https:\/\/isuppa.com\/biblioteca\/index.php\/necessidades-especiais-educativas\/","title":{"rendered":"Necessidades Especiais Educativas"},"content":{"rendered":"\n<p><a href=\"https:\/\/isuppa.com\/\/biblioteca\/wp-content\/uploads\/2024\/10\/32PscNEE\/AUTISMO INFANTIL.pdf\">AUTISMO INFANTIL<\/a><\/p>\n\n\n\n<p><a href=\"https:\/\/isuppa.com\/\/biblioteca\/wp-content\/uploads\/2024\/10\/32PscNEE\/AUTISMO Y FAMILIA.pdf\">AUTISMO E FAMILIA<\/a><\/p>\n\n\n\n<p><a href=\"https:\/\/isuppa.com\/\/biblioteca\/wp-content\/uploads\/2024\/10\/32PscNEE\/AUTISMO Y JUEGO.pdf\">AUTISMO E JUEGO<\/a><\/p>\n\n\n\n<p><a href=\"https:\/\/isuppa.com\/\/biblioteca\/wp-content\/uploads\/2024\/10\/32PscNEE\/Declaracao_Salamanca.pdf\">Declara\u00e7\u00e3o de Salamanca<\/a><\/p>\n\n\n\n<p><a href=\"https:\/\/isuppa.com\/\/biblioteca\/wp-content\/uploads\/2024\/10\/32PscNEE\/DETECTAR AUTISMO.pdf\">DETECTAR AUTISMO<\/a><\/p>\n\n\n\n<p><a href=\"https:\/\/isuppa.com\/\/biblioteca\/wp-content\/uploads\/2024\/10\/32PscNEE\/EDUC-ESPEC-2011-12.pdf\">EDUCA\u00c7\u00c3O ESPECIAL<\/a><\/p>\n\n\n\n<p><a href=\"https:\/\/isuppa.com\/\/biblioteca\/wp-content\/uploads\/2024\/10\/32PscNEE\/ESTRATEGIAS PARA NEE.pdf\">ESTRATEGIAS PARA NEE<\/a><\/p>\n\n\n\n<p><a href=\"https:\/\/isuppa.com\/\/biblioteca\/wp-content\/uploads\/2024\/10\/32PscNEE\/GUIA-PROFESSORES-AUTISMO.pdf\">GUIA PROFESSORES AUTISMO<\/a><\/p>\n\n\n\n<p><a href=\"https:\/\/isuppa.com\/\/biblioteca\/wp-content\/uploads\/2024\/10\/32PscNEE\/MANUAL-NEE-DOCENTE-2014.pdf\">MANUAL DE NEE PARA O DOCENTE<\/a><\/p>\n\n\n\n<p><a href=\"https:\/\/isuppa.com\/\/biblioteca\/wp-content\/uploads\/2024\/10\/32PscNEE\/NEE.pdf\">NEE<\/a><\/p>\n\n\n\n<p><a href=\"https:\/\/isuppa.com\/\/biblioteca\/wp-content\/uploads\/2024\/10\/32PscNEE\/NEE-EDUC-PRIMARIA.pdf\">NEE EDUCA\u00c7\u00c3O PRIMARIA<\/a><\/p>\n\n\n\n<p><a href=\"https:\/\/isuppa.com\/\/biblioteca\/wp-content\/uploads\/2024\/10\/32PscNEE\/NEE-PREESCOLAR.pdf\">NEE PRE-ESCOLAR<\/a><\/p>\n\n\n\n<p><a href=\"https:\/\/isuppa.com\/\/biblioteca\/wp-content\/uploads\/2024\/10\/32PscNEE\/TDAH-CRIANC-2010.pdf\">TDAH EM CRIAN\u00c7AS<\/a><\/p>\n\n\n\n<p><\/p>\n","protected":false},"excerpt":{"rendered":"<p>AUTISMO INFANTIL AUTISMO E FAMILIA AUTISMO E JUEGO Declara\u00e7\u00e3o de Salamanca DETECTAR AUTISMO EDUCA\u00c7\u00c3O ESPECIAL ESTRATEGIAS PARA NEE GUIA PROFESSORES AUTISMO MANUAL DE NEE PARA O DOCENTE NEE NEE EDUCA\u00c7\u00c3O PRIMARIA NEE PRE-ESCOLAR TDAH EM CRIAN\u00c7AS<\/p>\n","protected":false},"author":1,"featured_media":0,"parent":0,"menu_order":0,"comment_status":"closed","ping_status":"closed","template":"","meta":{"footnotes":""},"_links":{"self":[{"href":"https:\/\/isuppa.com\/biblioteca\/index.php\/wp-json\/wp\/v2\/pages\/1097"}],"collection":[{"href":"https:\/\/isuppa.com\/biblioteca\/index.php\/wp-json\/wp\/v2\/pages"}],"about":[{"href":"https:\/\/isuppa.com\/biblioteca\/index.php\/wp-json\/wp\/v2\/types\/page"}],"author":[{"embeddable":true,"href":"https:\/\/isuppa.com\/biblioteca\/index.php\/wp-json\/wp\/v2\/users\/1"}],"replies":[{"embeddable":true,"href":"https:\/\/isuppa.com\/biblioteca\/index.php\/wp-json\/wp\/v2\/comments?post=1097"}],"version-history":[{"count":1,"href":"https:\/\/isuppa.com\/biblioteca\/index.php\/wp-json\/wp\/v2\/pages\/1097\/revisions"}],"predecessor-version":[{"id":1098,"href":"https:\/\/isuppa.com\/biblioteca\/index.php\/wp-json\/wp\/v2\/pages\/1097\/revisions\/1098"}],"wp:attachment":[{"href":"https:\/\/isuppa.com\/biblioteca\/index.php\/wp-json\/wp\/v2\/media?parent=1097"}],"curies":[{"name":"wp","href":"https:\/\/api.w.org\/{rel}","templated":true}]}}