{"id":1118,"date":"2024-10-25T11:47:08","date_gmt":"2024-10-25T11:47:08","guid":{"rendered":"https:\/\/isuppa.com\/biblioteca\/?page_id=1118"},"modified":"2024-10-25T11:47:09","modified_gmt":"2024-10-25T11:47:09","slug":"historia-da-educacao","status":"publish","type":"page","link":"https:\/\/isuppa.com\/biblioteca\/index.php\/historia-da-educacao\/","title":{"rendered":"HIST\u00d3RIA DA EDUCA\u00c7\u00c3O"},"content":{"rendered":"\n<p><a href=\"https:\/\/isuppa.com\/\/biblioteca\/wp-content\/uploads\/2024\/10\/1EPHE\/grandes_pensadores_educacao_122212.pdf\">Grandes Pensadores da Educa\u00e7\u00e3o<\/a><\/p>\n\n\n\n<p><a href=\"https:\/\/isuppa.com\/\/biblioteca\/wp-content\/uploads\/2024\/10\/1EPHE\/historia_ideias_pedagogicas_122351.pdf\">Historia de Ideias Pedag\u00f3gicas<\/a><\/p>\n\n\n\n<p><a href=\"https:\/\/isuppa.com\/\/biblioteca\/wp-content\/uploads\/2024\/10\/1EPHE\/Curso_Lic-Peg_Historia-educacao.pdf\">Historia da Educa\u00e7\u00e3o<\/a><\/p>\n\n\n\n<p><a href=\"https:\/\/isuppa.com\/\/biblioteca\/wp-content\/uploads\/2024\/10\/1EPHE\/Hist\u00f3ria da Pedagogia e da educa\u00e7\u00e3o_122305.pdf\">HIST\u00d3RIA DA PEDAGOGIA E DA EDUCA\u00c7\u00c3O<\/a><\/p>\n","protected":false},"excerpt":{"rendered":"<p>Grandes Pensadores da Educa\u00e7\u00e3o Historia de Ideias Pedag\u00f3gicas Historia da Educa\u00e7\u00e3o HIST\u00d3RIA DA PEDAGOGIA E DA EDUCA\u00c7\u00c3O<\/p>\n","protected":false},"author":1,"featured_media":0,"parent":0,"menu_order":0,"comment_status":"closed","ping_status":"closed","template":"","meta":{"footnotes":""},"_links":{"self":[{"href":"https:\/\/isuppa.com\/biblioteca\/index.php\/wp-json\/wp\/v2\/pages\/1118"}],"collection":[{"href":"https:\/\/isuppa.com\/biblioteca\/index.php\/wp-json\/wp\/v2\/pages"}],"about":[{"href":"https:\/\/isuppa.com\/biblioteca\/index.php\/wp-json\/wp\/v2\/types\/page"}],"author":[{"embeddable":true,"href":"https:\/\/isuppa.com\/biblioteca\/index.php\/wp-json\/wp\/v2\/users\/1"}],"replies":[{"embeddable":true,"href":"https:\/\/isuppa.com\/biblioteca\/index.php\/wp-json\/wp\/v2\/comments?post=1118"}],"version-history":[{"count":1,"href":"https:\/\/isuppa.com\/biblioteca\/index.php\/wp-json\/wp\/v2\/pages\/1118\/revisions"}],"predecessor-version":[{"id":1119,"href":"https:\/\/isuppa.com\/biblioteca\/index.php\/wp-json\/wp\/v2\/pages\/1118\/revisions\/1119"}],"wp:attachment":[{"href":"https:\/\/isuppa.com\/biblioteca\/index.php\/wp-json\/wp\/v2\/media?parent=1118"}],"curies":[{"name":"wp","href":"https:\/\/api.w.org\/{rel}","templated":true}]}}