{"id":1123,"date":"2024-10-25T11:58:10","date_gmt":"2024-10-25T11:58:10","guid":{"rendered":"https:\/\/isuppa.com\/biblioteca\/?page_id=1123"},"modified":"2024-10-25T13:42:47","modified_gmt":"2024-10-25T13:42:47","slug":"sociologia-da-educacao","status":"publish","type":"page","link":"https:\/\/isuppa.com\/biblioteca\/index.php\/sociologia-da-educacao\/","title":{"rendered":"Sociologia da Educa\u00e7\u00e3o"},"content":{"rendered":"\n<p><a href=\"https:\/\/www.ispsn.org\/sites\/default\/files\/documentos-virtuais\/pdf\/durkheim_educacao_e_sociologia_0.pdf\">Durkheim, educa\u00e7\u00e3o e sociologia<\/a><\/p>\n\n\n\n<p><a href=\"https:\/\/educapes.capes.gov.br\/bitstream\/capes\/554289\/2\/Livro%20Sociologia%20da%20Educa%C3%A7%C3%A3o%20.pdf\">SOCIOLOGIA DA EDUCA\u00c7\u00c3O<\/a><\/p>\n\n\n\n<p><a href=\"https:\/\/www2.unitins.br\/BibliotecaMidia\/Files\/Documento\/BM_634632841333780000ped.sociologia_da_educacao.pdf\">SOCIOLOGIA DA EDUCA\u00c7\u00c3O 01<\/a><\/p>\n\n\n\n<p><a href=\"http:\/\/150.164.25.15\/ead\/acervo\/livros\/Solciologia%20da%20Educacao.pdf\">SOCIOLOGIA DA EDUCA\u00c7\u00c3O 02<\/a><\/p>\n\n\n\n<p><a href=\"https:\/\/cesad.ufs.br\/ORBI\/public\/uploadCatalago\/18542116022012Sociologia_da_Educacao_Aula_1.pdf\">SOCIOLOGIA DA EDUCA\u00c7\u00c3O 03<\/a><\/p>\n\n\n\n<p><a href=\"https:\/\/repositorio-aberto.up.pt\/bitstream\/10216\/26055\/2\/83491.pdf\">SOCIOLOGIA DA EDUCA\u00c7\u00c3O E FORMA\u00c7\u00c3O DE PROFESSORES<\/a><\/p>\n\n\n\n<p><a href=\"https:\/\/isuppa.com\/\/biblioteca\/wp-content\/uploads\/2024\/10\/2EPSE\/sociologia-da-educacao-ped.pdf\">Sociologia da Educa\u00e7\u00e3o Pedag\u00f3gica<\/a><\/p>\n","protected":false},"excerpt":{"rendered":"<p>Durkheim, educa\u00e7\u00e3o e sociologia SOCIOLOGIA DA EDUCA\u00c7\u00c3O SOCIOLOGIA DA EDUCA\u00c7\u00c3O 01 SOCIOLOGIA DA EDUCA\u00c7\u00c3O 02 SOCIOLOGIA DA EDUCA\u00c7\u00c3O 03 SOCIOLOGIA DA EDUCA\u00c7\u00c3O E FORMA\u00c7\u00c3O DE PROFESSORES Sociologia da Educa\u00e7\u00e3o Pedag\u00f3gica<\/p>\n","protected":false},"author":1,"featured_media":0,"parent":0,"menu_order":0,"comment_status":"closed","ping_status":"closed","template":"","meta":{"footnotes":""},"_links":{"self":[{"href":"https:\/\/isuppa.com\/biblioteca\/index.php\/wp-json\/wp\/v2\/pages\/1123"}],"collection":[{"href":"https:\/\/isuppa.com\/biblioteca\/index.php\/wp-json\/wp\/v2\/pages"}],"about":[{"href":"https:\/\/isuppa.com\/biblioteca\/index.php\/wp-json\/wp\/v2\/types\/page"}],"author":[{"embeddable":true,"href":"https:\/\/isuppa.com\/biblioteca\/index.php\/wp-json\/wp\/v2\/users\/1"}],"replies":[{"embeddable":true,"href":"https:\/\/isuppa.com\/biblioteca\/index.php\/wp-json\/wp\/v2\/comments?post=1123"}],"version-history":[{"count":3,"href":"https:\/\/isuppa.com\/biblioteca\/index.php\/wp-json\/wp\/v2\/pages\/1123\/revisions"}],"predecessor-version":[{"id":1163,"href":"https:\/\/isuppa.com\/biblioteca\/index.php\/wp-json\/wp\/v2\/pages\/1123\/revisions\/1163"}],"wp:attachment":[{"href":"https:\/\/isuppa.com\/biblioteca\/index.php\/wp-json\/wp\/v2\/media?parent=1123"}],"curies":[{"name":"wp","href":"https:\/\/api.w.org\/{rel}","templated":true}]}}