{"id":1128,"date":"2024-10-25T12:08:46","date_gmt":"2024-10-25T12:08:46","guid":{"rendered":"https:\/\/isuppa.com\/biblioteca\/?page_id=1128"},"modified":"2024-10-25T12:08:46","modified_gmt":"2024-10-25T12:08:46","slug":"metodologia-de-educacao-pre-escolar","status":"publish","type":"page","link":"https:\/\/isuppa.com\/biblioteca\/index.php\/metodologia-de-educacao-pre-escolar\/","title":{"rendered":"Metodologia de Educa\u00e7\u00e3o Pr\u00e9-Escolar"},"content":{"rendered":"\n<p><a href=\"https:\/\/www.cnedu.pt\/content\/antigo\/files\/1_A_Educacao.pdf\">A Educa\u00e7\u00e3o das Crian\u00e7as dos 0 aos 12 Anos<\/a><\/p>\n\n\n\n<p><a href=\"https:\/\/comum.rcaap.pt\/bitstream\/10400.26\/31980\/1\/CATARINA_SERRA.pdf\">A metodologia de trabalho de projecto na Educa\u00e7\u00e3o Pr\u00e9-Escolar<br>como ponte para o desenvolvimento lexical<\/a><\/p>\n\n\n\n<p><a href=\"https:\/\/repositorio.ipl.pt\/bitstream\/10400.21\/9459\/1\/Relat%C3%B3rio%20de%20PPS%20II.pdf\">A A\u00c7\u00c3O DO EDUCADOR DE INF\u00c2NCIA NA METODOLOGIA DE<br>TRABALHO DE PROJETO<\/a><\/p>\n\n\n\n<p><a href=\"http:\/\/repositorio.esepf.pt\/bitstream\/20.500.11796\/1305\/1\/TM-ESEPF-_2013_TM-ESEPF-PE28.pdf\">A PEDAGOGIA DE PROJETO EM EDUCA\u00c7\u00c3O<br>PR\u00c9-ESCOLAR<\/a><\/p>\n\n\n\n<p><a href=\"https:\/\/comum.rcaap.pt\/bitstream\/10400.26\/37418\/1\/PATRICIA_LOPES.pdf\">A Metodologia de Trabalho de Projecto como Promotora da Aprendizagem na Educa\u00e7\u00e3o Pr\u00e9-escolar<\/a><\/p>\n\n\n\n<p><a href=\"https:\/\/www.dge.mec.pt\/sites\/default\/files\/EInfancia\/documentos\/planearavaliar.pdf\">PLANEAR E AVALIAR NA EDUCA\u00c7\u00c3O PR\u00c9-ESCOLAR<\/a><\/p>\n\n\n\n<p><a href=\"https:\/\/repositorio.ispa.pt\/bitstream\/10400.12\/6779\/1\/24989.pdf\">Pr\u00e9-Escolar: Um Ensino Escolarizado?<\/a><\/p>\n\n\n\n<p><\/p>\n","protected":false},"excerpt":{"rendered":"<p>A Educa\u00e7\u00e3o das Crian\u00e7as dos 0 aos 12 Anos A metodologia de trabalho de projecto na Educa\u00e7\u00e3o Pr\u00e9-Escolarcomo ponte para o desenvolvimento lexical A A\u00c7\u00c3O DO EDUCADOR DE INF\u00c2NCIA NA METODOLOGIA DETRABALHO DE PROJETO A PEDAGOGIA DE PROJETO EM EDUCA\u00c7\u00c3OPR\u00c9-ESCOLAR A Metodologia de Trabalho de Projecto como Promotora da Aprendizagem na Educa\u00e7\u00e3o Pr\u00e9-escolar PLANEAR E&hellip; <a class=\"more-link\" href=\"https:\/\/isuppa.com\/biblioteca\/index.php\/metodologia-de-educacao-pre-escolar\/\">Continue reading <span class=\"screen-reader-text\">Metodologia de Educa\u00e7\u00e3o Pr\u00e9-Escolar<\/span><\/a><\/p>\n","protected":false},"author":1,"featured_media":0,"parent":0,"menu_order":0,"comment_status":"closed","ping_status":"closed","template":"","meta":{"footnotes":""},"_links":{"self":[{"href":"https:\/\/isuppa.com\/biblioteca\/index.php\/wp-json\/wp\/v2\/pages\/1128"}],"collection":[{"href":"https:\/\/isuppa.com\/biblioteca\/index.php\/wp-json\/wp\/v2\/pages"}],"about":[{"href":"https:\/\/isuppa.com\/biblioteca\/index.php\/wp-json\/wp\/v2\/types\/page"}],"author":[{"embeddable":true,"href":"https:\/\/isuppa.com\/biblioteca\/index.php\/wp-json\/wp\/v2\/users\/1"}],"replies":[{"embeddable":true,"href":"https:\/\/isuppa.com\/biblioteca\/index.php\/wp-json\/wp\/v2\/comments?post=1128"}],"version-history":[{"count":1,"href":"https:\/\/isuppa.com\/biblioteca\/index.php\/wp-json\/wp\/v2\/pages\/1128\/revisions"}],"predecessor-version":[{"id":1129,"href":"https:\/\/isuppa.com\/biblioteca\/index.php\/wp-json\/wp\/v2\/pages\/1128\/revisions\/1129"}],"wp:attachment":[{"href":"https:\/\/isuppa.com\/biblioteca\/index.php\/wp-json\/wp\/v2\/media?parent=1128"}],"curies":[{"name":"wp","href":"https:\/\/api.w.org\/{rel}","templated":true}]}}