{"id":1134,"date":"2024-10-25T12:29:07","date_gmt":"2024-10-25T12:29:07","guid":{"rendered":"https:\/\/isuppa.com\/biblioteca\/?page_id=1134"},"modified":"2024-10-25T12:29:07","modified_gmt":"2024-10-25T12:29:07","slug":"metodologia-de-ensino-da-matematica","status":"publish","type":"page","link":"https:\/\/isuppa.com\/biblioteca\/index.php\/metodologia-de-ensino-da-matematica\/","title":{"rendered":"Metodologia de Ensino da Matem\u00e1tica"},"content":{"rendered":"\n<p><a href=\"https:\/\/www.ibilce.unesp.br\/Home\/Departamentos\/Matematica\/abordagens-metodologicas-no-ensino-de-matematica.pdf\">ABORDAGENS METODOL\u00d3GICAS NO ENSINO DE MATEM\u00c1TICA<\/a><\/p>\n\n\n\n<p><a href=\"https:\/\/www.unifucamp.edu.br\/wp-content\/uploads\/2020\/07\/metodologia-do-ensino-de-matematica-FUN-TEORICOS-E-PRATICOS-2020.pdf\">Metodologia de Ensino da Matem\u00e1tica<\/a><\/p>\n\n\n\n<p><a href=\"https:\/\/www.unifucamp.edu.br\/wp-content\/uploads\/2020\/07\/metodologia-do-ensino-de-matematica-FUN-TEORICOS-E-PRATICOS-2020.pdf\">Metodologia de Ensino da Matem\u00e1tica 01<\/a> <\/p>\n\n\n\n<p><a href=\"https:\/\/www.unifucamp.edu.br\/wp-content\/uploads\/2020\/07\/metodologia-do-ensino-de-matematica-FUN-TEORICOS-E-PRATICOS-2020.pdf\">Metodologia de Ensino da Matem\u00e1tica 02<\/a> <\/p>\n\n\n\n<p><a href=\"https:\/\/www.unifucamp.edu.br\/wp-content\/uploads\/2020\/07\/metodologia-do-ensino-de-matematica-FUN-TEORICOS-E-PRATICOS-2020.pdf\">Metodologia de Ensino da Matem\u00e1tica 03<\/a><\/p>\n\n\n\n<p><a href=\"https:\/\/core.ac.uk\/download\/pdf\/20482563.pdf\">A METODOLOGIA DE ENSINO APRENDIZAGEM DE MATEM\u00c1TICA<\/a> <\/p>\n\n\n\n<p><a href=\"http:\/\/repositorio.unicentro.br:8080\/jspui\/bitstream\/123456789\/851\/5\/TEORIA%20E%20METODOLOGIA%20DO%20ENSINO%20DA%20MATEM%C3%81TICA.pdf\">TEORIA E METODOLOGIA DO ENSINO DA MATEM\u00c1TICA<\/a><\/p>\n","protected":false},"excerpt":{"rendered":"<p>ABORDAGENS METODOL\u00d3GICAS NO ENSINO DE MATEM\u00c1TICA Metodologia de Ensino da Matem\u00e1tica Metodologia de Ensino da Matem\u00e1tica 01 Metodologia de Ensino da Matem\u00e1tica 02 Metodologia de Ensino da Matem\u00e1tica 03 A METODOLOGIA DE ENSINO APRENDIZAGEM DE MATEM\u00c1TICA TEORIA E METODOLOGIA DO ENSINO DA MATEM\u00c1TICA<\/p>\n","protected":false},"author":1,"featured_media":0,"parent":0,"menu_order":0,"comment_status":"closed","ping_status":"closed","template":"","meta":{"footnotes":""},"_links":{"self":[{"href":"https:\/\/isuppa.com\/biblioteca\/index.php\/wp-json\/wp\/v2\/pages\/1134"}],"collection":[{"href":"https:\/\/isuppa.com\/biblioteca\/index.php\/wp-json\/wp\/v2\/pages"}],"about":[{"href":"https:\/\/isuppa.com\/biblioteca\/index.php\/wp-json\/wp\/v2\/types\/page"}],"author":[{"embeddable":true,"href":"https:\/\/isuppa.com\/biblioteca\/index.php\/wp-json\/wp\/v2\/users\/1"}],"replies":[{"embeddable":true,"href":"https:\/\/isuppa.com\/biblioteca\/index.php\/wp-json\/wp\/v2\/comments?post=1134"}],"version-history":[{"count":1,"href":"https:\/\/isuppa.com\/biblioteca\/index.php\/wp-json\/wp\/v2\/pages\/1134\/revisions"}],"predecessor-version":[{"id":1135,"href":"https:\/\/isuppa.com\/biblioteca\/index.php\/wp-json\/wp\/v2\/pages\/1134\/revisions\/1135"}],"wp:attachment":[{"href":"https:\/\/isuppa.com\/biblioteca\/index.php\/wp-json\/wp\/v2\/media?parent=1134"}],"curies":[{"name":"wp","href":"https:\/\/api.w.org\/{rel}","templated":true}]}}