{"id":1136,"date":"2024-10-25T12:33:51","date_gmt":"2024-10-25T12:33:51","guid":{"rendered":"https:\/\/isuppa.com\/biblioteca\/?page_id=1136"},"modified":"2024-10-25T12:33:51","modified_gmt":"2024-10-25T12:33:51","slug":"metodologia-de-estudo-do-meio-e-ciencias-da-natureza","status":"publish","type":"page","link":"https:\/\/isuppa.com\/biblioteca\/index.php\/metodologia-de-estudo-do-meio-e-ciencias-da-natureza\/","title":{"rendered":"Metodologia de Estudo do Meio e Ci\u00eancias da Natureza"},"content":{"rendered":"\n<p><a href=\"https:\/\/repositorium.uminho.pt\/bitstream\/1822\/10730\/1\/Metodol_Estudo_do_Meio.pdf\">Metodologia de Estudo do Meio<\/a><\/p>\n\n\n\n<p><a href=\"https:\/\/edisciplinas.usp.br\/pluginfile.php\/5853062\/mod_resource\/content\/1\/Estudo%20do%20Meio_2020.pdf\">Metodologia de Estudo do Meio 01<\/a><\/p>\n\n\n\n<p><a href=\"https:\/\/repositorio.ufsm.br\/bitstream\/handle\/1\/18364\/Curso_Lic-Ed-Espec_Ciencias-Naturais.pdf?sequence=1&amp;isAllowed=y\">METODOLOGIA DO ENSINO DE CI\u00caNCIAS NATURAIS<\/a><\/p>\n\n\n\n<p><a href=\"https:\/\/rd.uffs.edu.br\/bitstream\/prefix\/2480\/1\/Petry.pdf\">METODOLOGIAS DE ENSINO NO ENSINO DAS CI\u00caNCIAS NATURAIS<\/a><\/p>\n\n\n\n<p><a href=\"https:\/\/core.ac.uk\/download\/pdf\/153407865.pdf\">Os manuais de Estudo do Meio e o Ensino Experimental das Ci\u00eancias<\/a><\/p>\n\n\n\n<p><a href=\"https:\/\/www.researchgate.net\/publication\/359821964_Metodologias_ativas_no_ensino_de_Ciencias_da_Natureza_Percepcao_de_professores_de_uma_escola_do_municipio_de_Altaneira_-_Ceara\">Metodologias activas no ensino de Ci\u00eancias da Natureza<\/a><\/p>\n","protected":false},"excerpt":{"rendered":"<p>Metodologia de Estudo do Meio Metodologia de Estudo do Meio 01 METODOLOGIA DO ENSINO DE CI\u00caNCIAS NATURAIS METODOLOGIAS DE ENSINO NO ENSINO DAS CI\u00caNCIAS NATURAIS Os manuais de Estudo do Meio e o Ensino Experimental das Ci\u00eancias Metodologias activas no ensino de Ci\u00eancias da Natureza<\/p>\n","protected":false},"author":1,"featured_media":0,"parent":0,"menu_order":0,"comment_status":"closed","ping_status":"closed","template":"","meta":{"footnotes":""},"_links":{"self":[{"href":"https:\/\/isuppa.com\/biblioteca\/index.php\/wp-json\/wp\/v2\/pages\/1136"}],"collection":[{"href":"https:\/\/isuppa.com\/biblioteca\/index.php\/wp-json\/wp\/v2\/pages"}],"about":[{"href":"https:\/\/isuppa.com\/biblioteca\/index.php\/wp-json\/wp\/v2\/types\/page"}],"author":[{"embeddable":true,"href":"https:\/\/isuppa.com\/biblioteca\/index.php\/wp-json\/wp\/v2\/users\/1"}],"replies":[{"embeddable":true,"href":"https:\/\/isuppa.com\/biblioteca\/index.php\/wp-json\/wp\/v2\/comments?post=1136"}],"version-history":[{"count":1,"href":"https:\/\/isuppa.com\/biblioteca\/index.php\/wp-json\/wp\/v2\/pages\/1136\/revisions"}],"predecessor-version":[{"id":1137,"href":"https:\/\/isuppa.com\/biblioteca\/index.php\/wp-json\/wp\/v2\/pages\/1136\/revisions\/1137"}],"wp:attachment":[{"href":"https:\/\/isuppa.com\/biblioteca\/index.php\/wp-json\/wp\/v2\/media?parent=1136"}],"curies":[{"name":"wp","href":"https:\/\/api.w.org\/{rel}","templated":true}]}}