{"id":1138,"date":"2024-10-25T12:39:31","date_gmt":"2024-10-25T12:39:31","guid":{"rendered":"https:\/\/isuppa.com\/biblioteca\/?page_id=1138"},"modified":"2024-10-25T12:39:32","modified_gmt":"2024-10-25T12:39:32","slug":"saude-seguranca-e-ambiente","status":"publish","type":"page","link":"https:\/\/isuppa.com\/biblioteca\/index.php\/saude-seguranca-e-ambiente\/","title":{"rendered":"Sa\u00fade, Seguran\u00e7a e Ambiente"},"content":{"rendered":"\n<p><a href=\"https:\/\/www.ufsm.br\/app\/uploads\/sites\/413\/2018\/12\/arte_seguranca.pdf\">Seguran\u00e7a, Meio Ambiente e Sa\u00fade<\/a><\/p>\n\n\n\n<p><a href=\"https:\/\/canal.cecierj.edu.br\/072020\/024f76765b8b03aa64e947a878606fbf.pdf\">Seguran\u00e7a, Meio Ambiente e Sa\u00fade 01<\/a><\/p>\n\n\n\n<p><a href=\"https:\/\/educapes.capes.gov.br\/bitstream\/capes\/744017\/2\/Seguran%C3%A7a%20e%20Sa%C3%BAde%20no%20Trabalho.pdf\">SEGURAN\u00c7A ESA\u00daDE NO TRABALHO<\/a><\/p>\n\n\n\n<p><a href=\"https:\/\/www.canaleducacao.tv\/images\/slides\/41081_d5d98ec576731ed6c33d9ce88228e4d2.pdf\">Seguran\u00e7a, Meio Ambiente e Sa\u00fade no Trabalho<\/a><\/p>\n\n\n\n<p><a href=\"https:\/\/www.seduc.ce.gov.br\/wp-content\/uploads\/sites\/37\/2011\/01\/meio_ambiente_higiene_e_segurana_no_trabalho.pdf\">Higiene e Seguran\u00e7a no Trabalho<\/a><\/p>\n","protected":false},"excerpt":{"rendered":"<p>Seguran\u00e7a, Meio Ambiente e Sa\u00fade Seguran\u00e7a, Meio Ambiente e Sa\u00fade 01 SEGURAN\u00c7A ESA\u00daDE NO TRABALHO Seguran\u00e7a, Meio Ambiente e Sa\u00fade no Trabalho Higiene e Seguran\u00e7a no Trabalho<\/p>\n","protected":false},"author":1,"featured_media":0,"parent":0,"menu_order":0,"comment_status":"closed","ping_status":"closed","template":"","meta":{"footnotes":""},"_links":{"self":[{"href":"https:\/\/isuppa.com\/biblioteca\/index.php\/wp-json\/wp\/v2\/pages\/1138"}],"collection":[{"href":"https:\/\/isuppa.com\/biblioteca\/index.php\/wp-json\/wp\/v2\/pages"}],"about":[{"href":"https:\/\/isuppa.com\/biblioteca\/index.php\/wp-json\/wp\/v2\/types\/page"}],"author":[{"embeddable":true,"href":"https:\/\/isuppa.com\/biblioteca\/index.php\/wp-json\/wp\/v2\/users\/1"}],"replies":[{"embeddable":true,"href":"https:\/\/isuppa.com\/biblioteca\/index.php\/wp-json\/wp\/v2\/comments?post=1138"}],"version-history":[{"count":1,"href":"https:\/\/isuppa.com\/biblioteca\/index.php\/wp-json\/wp\/v2\/pages\/1138\/revisions"}],"predecessor-version":[{"id":1139,"href":"https:\/\/isuppa.com\/biblioteca\/index.php\/wp-json\/wp\/v2\/pages\/1138\/revisions\/1139"}],"wp:attachment":[{"href":"https:\/\/isuppa.com\/biblioteca\/index.php\/wp-json\/wp\/v2\/media?parent=1138"}],"curies":[{"name":"wp","href":"https:\/\/api.w.org\/{rel}","templated":true}]}}