{"id":1143,"date":"2024-10-25T12:52:33","date_gmt":"2024-10-25T12:52:33","guid":{"rendered":"https:\/\/isuppa.com\/biblioteca\/?page_id=1143"},"modified":"2024-10-25T12:52:33","modified_gmt":"2024-10-25T12:52:33","slug":"metodologia-de-ensino-da-historia","status":"publish","type":"page","link":"https:\/\/isuppa.com\/biblioteca\/index.php\/metodologia-de-ensino-da-historia\/","title":{"rendered":"Metodologia de Ensino da Hist\u00f3ria"},"content":{"rendered":"\n<p><a href=\"https:\/\/acervo.cead.ufv.br\/conteudo\/pdf\/Metodologia%20do%20Ensino%20de%20Historia%20I.pdf\">METODOLOGIA DO ENSINO DE HIST\u00d3RIA<\/a><\/p>\n\n\n\n<p><a href=\"https:\/\/muarq.ufms.br\/files\/2021\/03\/Ensino-de-Histo%CC%81ria-Teorias-e-Metodologias-2020-Livro.pdf\">ENSINO DE HIST\u00d3RIA: TEORIAS E METODOLOGIAS<\/a><\/p>\n\n\n\n<p><a href=\"https:\/\/sigiisp.ispcaala.com\/_repositorio\/Arqui_CORNELIO%20CASSINDA_4f8d650e601c987204b447ed91d3afa7.pdf\">ESTRAT\u00c9GIAS NO ENSINO DA DISCIPLINA DE HIST\u00d3RIA<\/a><\/p>\n\n\n\n<p><a href=\"https:\/\/cesad.ufs.br\/ORBI\/public\/uploadCatalago\/14110916022012Didatica_e_Metodologia_do_Ensino_de_Historia_Aula_2.pdf\">CONCEP\u00c7\u00d5ES DE ENSINO DE HIST\u00d3RIA<\/a><\/p>\n\n\n\n<p><a href=\"https:\/\/riut.utfpr.edu.br\/jspui\/bitstream\/1\/20685\/2\/metodologiasensinohistoriaeducacao.pdf\">METODOLOGIAS NO ENSINO DE HIST\u00d3RIA<\/a><\/p>\n\n\n\n<p><a href=\"https:\/\/riut.utfpr.edu.br\/jspui\/bitstream\/1\/20685\/2\/metodologiasensinohistoriaeducacao.pdf\">METODOLOGIAS NO ENSINO DE HIST\u00d3RIA 01<\/a><\/p>\n\n\n\n<p> <\/p>\n\n\n\n<p><\/p>\n","protected":false},"excerpt":{"rendered":"<p>METODOLOGIA DO ENSINO DE HIST\u00d3RIA ENSINO DE HIST\u00d3RIA: TEORIAS E METODOLOGIAS ESTRAT\u00c9GIAS NO ENSINO DA DISCIPLINA DE HIST\u00d3RIA CONCEP\u00c7\u00d5ES DE ENSINO DE HIST\u00d3RIA METODOLOGIAS NO ENSINO DE HIST\u00d3RIA METODOLOGIAS NO ENSINO DE HIST\u00d3RIA 01<\/p>\n","protected":false},"author":1,"featured_media":0,"parent":0,"menu_order":0,"comment_status":"closed","ping_status":"closed","template":"","meta":{"footnotes":""},"_links":{"self":[{"href":"https:\/\/isuppa.com\/biblioteca\/index.php\/wp-json\/wp\/v2\/pages\/1143"}],"collection":[{"href":"https:\/\/isuppa.com\/biblioteca\/index.php\/wp-json\/wp\/v2\/pages"}],"about":[{"href":"https:\/\/isuppa.com\/biblioteca\/index.php\/wp-json\/wp\/v2\/types\/page"}],"author":[{"embeddable":true,"href":"https:\/\/isuppa.com\/biblioteca\/index.php\/wp-json\/wp\/v2\/users\/1"}],"replies":[{"embeddable":true,"href":"https:\/\/isuppa.com\/biblioteca\/index.php\/wp-json\/wp\/v2\/comments?post=1143"}],"version-history":[{"count":1,"href":"https:\/\/isuppa.com\/biblioteca\/index.php\/wp-json\/wp\/v2\/pages\/1143\/revisions"}],"predecessor-version":[{"id":1145,"href":"https:\/\/isuppa.com\/biblioteca\/index.php\/wp-json\/wp\/v2\/pages\/1143\/revisions\/1145"}],"wp:attachment":[{"href":"https:\/\/isuppa.com\/biblioteca\/index.php\/wp-json\/wp\/v2\/media?parent=1143"}],"curies":[{"name":"wp","href":"https:\/\/api.w.org\/{rel}","templated":true}]}}