{"id":1149,"date":"2024-10-25T13:03:50","date_gmt":"2024-10-25T13:03:50","guid":{"rendered":"https:\/\/isuppa.com\/biblioteca\/?page_id=1149"},"modified":"2024-10-25T13:03:50","modified_gmt":"2024-10-25T13:03:50","slug":"metodologia-de-investigacao-em-educacao","status":"publish","type":"page","link":"https:\/\/isuppa.com\/biblioteca\/index.php\/metodologia-de-investigacao-em-educacao\/","title":{"rendered":"Metodologia de Investiga\u00e7\u00e3o em Educa\u00e7\u00e3o"},"content":{"rendered":"\n<p><a href=\"https:\/\/run.unl.pt\/bitstream\/10362\/5287\/1\/V%C3%A1rios_2010.pdf\">INVESTIGAR EM EDUCA\u00c7\u00c3O<\/a><\/p>\n\n\n\n<p><a href=\"https:\/\/www.famo.com.br\/arquivos\/pdfs\/graduacao\/licenciatura\/pedagogia\/metodologia_pesquisa.pdf\">MANUAL DE METODOLOGIA DA PESQUISA APLICADA \u00c0 EDUCA\u00c7\u00c3O<\/a><\/p>\n\n\n\n<p><a href=\"https:\/\/apps.uc.pt\/courses\/PT\/unit\/79557\/18201\/2018-2019?common_core=true&amp;type=ram&amp;id=1555\">Metodologia da Investiga\u00e7\u00e3o Educacional<\/a><\/p>\n\n\n\n<p><a href=\"https:\/\/www.unirios.edu.br\/revistarios\/media\/revistas\/2019\/21\/metodos_%20e_tecnicas_de_pesquisa_em_educacao.pdf\">M\u00c9TODOS E T\u00c9CNICAS DE PESQUISA EM EDUCA\u00c7\u00c3O<\/a><\/p>\n\n\n\n<p><a href=\"https:\/\/www.researchgate.net\/publication\/358189924_Metodologia_da_Pesquisa_em_Educacao_e_Ensino_de_Ciencias\">Metodologia da Pesquisa em Educa\u00e7\u00e3o e Ensino de Ci\u00eancias<\/a><\/p>\n","protected":false},"excerpt":{"rendered":"<p>INVESTIGAR EM EDUCA\u00c7\u00c3O MANUAL DE METODOLOGIA DA PESQUISA APLICADA \u00c0 EDUCA\u00c7\u00c3O Metodologia da Investiga\u00e7\u00e3o Educacional M\u00c9TODOS E T\u00c9CNICAS DE PESQUISA EM EDUCA\u00c7\u00c3O Metodologia da Pesquisa em Educa\u00e7\u00e3o e Ensino de Ci\u00eancias<\/p>\n","protected":false},"author":1,"featured_media":0,"parent":0,"menu_order":0,"comment_status":"closed","ping_status":"closed","template":"","meta":{"footnotes":""},"_links":{"self":[{"href":"https:\/\/isuppa.com\/biblioteca\/index.php\/wp-json\/wp\/v2\/pages\/1149"}],"collection":[{"href":"https:\/\/isuppa.com\/biblioteca\/index.php\/wp-json\/wp\/v2\/pages"}],"about":[{"href":"https:\/\/isuppa.com\/biblioteca\/index.php\/wp-json\/wp\/v2\/types\/page"}],"author":[{"embeddable":true,"href":"https:\/\/isuppa.com\/biblioteca\/index.php\/wp-json\/wp\/v2\/users\/1"}],"replies":[{"embeddable":true,"href":"https:\/\/isuppa.com\/biblioteca\/index.php\/wp-json\/wp\/v2\/comments?post=1149"}],"version-history":[{"count":1,"href":"https:\/\/isuppa.com\/biblioteca\/index.php\/wp-json\/wp\/v2\/pages\/1149\/revisions"}],"predecessor-version":[{"id":1151,"href":"https:\/\/isuppa.com\/biblioteca\/index.php\/wp-json\/wp\/v2\/pages\/1149\/revisions\/1151"}],"wp:attachment":[{"href":"https:\/\/isuppa.com\/biblioteca\/index.php\/wp-json\/wp\/v2\/media?parent=1149"}],"curies":[{"name":"wp","href":"https:\/\/api.w.org\/{rel}","templated":true}]}}