{"id":1156,"date":"2024-10-25T13:26:34","date_gmt":"2024-10-25T13:26:34","guid":{"rendered":"https:\/\/isuppa.com\/biblioteca\/?page_id=1156"},"modified":"2024-10-25T13:26:34","modified_gmt":"2024-10-25T13:26:34","slug":"seminario-em-educacao-primaria","status":"publish","type":"page","link":"https:\/\/isuppa.com\/biblioteca\/index.php\/seminario-em-educacao-primaria\/","title":{"rendered":"SEMIN\u00c1RIO EM EDUCA\u00c7\u00c3O PRIM\u00c1RIA"},"content":{"rendered":"\n<p><a href=\"https:\/\/repositorio.ufc.br\/bitstream\/riufc\/24629\/3\/2015_eve_lvribeiro.pdf\">A IMPORT\u00c2NCIA DO USO DO SEMIN\u00c1RIO<\/a><\/p>\n\n\n\n<p><a href=\"https:\/\/maiza.com.br\/wp-content\/uploads\/2017\/04\/Artigo-Seminario-como-estrategia-ensino-ALTHAUS.pdf\">O semin\u00e1rio como uma estrat\u00e9gia de ensino<\/a><\/p>\n\n\n\n<p><a href=\"https:\/\/www.editorarealize.com.br\/editora\/anais\/conedu\/2016\/TRABALHO_EV056_MD1_SA3_ID12599_17082016210253.pdf\">SEMIN\u00c1RIO COMO ESTRAT\u00c9GIA NA PR\u00c1TICA DOCENTE<\/a><\/p>\n\n\n\n<p><a href=\"https:\/\/isuppa.com\/\/biblioteca\/wp-content\/uploads\/2024\/10\/4EPSEP\/Desafios, metas e novidades do Ensino Prim\u00e1rio.pdf\">Desafios, metas e novidades do Ensino Prim\u00e1rio<\/a><\/p>\n\n\n\n<p><a href=\"https:\/\/isuppa.com\/\/biblioteca\/wp-content\/uploads\/2024\/10\/4EPSEP\/MET. ENSINO.pdf\">METODOLOGIAS DE ENSINO<\/a><\/p>\n\n\n\n<p><a href=\"https:\/\/isuppa.com\/\/biblioteca\/wp-content\/uploads\/2024\/10\/4EPSEP\/SEMI\u00c1RIO EM EDUCA\u00c7\u00c3O PRIM\u00c1RIA (ISUP).pdf\">SEMI\u00c1RIO EM EDUCA\u00c7\u00c3O PRIM\u00c1RIA (ISUP)<\/a><\/p>\n\n\n\n<p><a href=\"https:\/\/isuppa.com\/\/biblioteca\/wp-content\/uploads\/2024\/10\/4EPSEP\/SEMIN\u00c1RIO EM EDUCA\u00c7\u00c3O PRIM\u00c1RIA (UNESCO).pdf\">SEMIN\u00c1RIO EM EDUCA\u00c7\u00c3O PRIM\u00c1RIA (UNESCO)<\/a><\/p>\n","protected":false},"excerpt":{"rendered":"<p>A IMPORT\u00c2NCIA DO USO DO SEMIN\u00c1RIO O semin\u00e1rio como uma estrat\u00e9gia de ensino SEMIN\u00c1RIO COMO ESTRAT\u00c9GIA NA PR\u00c1TICA DOCENTE Desafios, metas e novidades do Ensino Prim\u00e1rio METODOLOGIAS DE ENSINO SEMI\u00c1RIO EM EDUCA\u00c7\u00c3O PRIM\u00c1RIA (ISUP) SEMIN\u00c1RIO EM EDUCA\u00c7\u00c3O PRIM\u00c1RIA (UNESCO)<\/p>\n","protected":false},"author":1,"featured_media":0,"parent":0,"menu_order":0,"comment_status":"closed","ping_status":"closed","template":"","meta":{"footnotes":""},"_links":{"self":[{"href":"https:\/\/isuppa.com\/biblioteca\/index.php\/wp-json\/wp\/v2\/pages\/1156"}],"collection":[{"href":"https:\/\/isuppa.com\/biblioteca\/index.php\/wp-json\/wp\/v2\/pages"}],"about":[{"href":"https:\/\/isuppa.com\/biblioteca\/index.php\/wp-json\/wp\/v2\/types\/page"}],"author":[{"embeddable":true,"href":"https:\/\/isuppa.com\/biblioteca\/index.php\/wp-json\/wp\/v2\/users\/1"}],"replies":[{"embeddable":true,"href":"https:\/\/isuppa.com\/biblioteca\/index.php\/wp-json\/wp\/v2\/comments?post=1156"}],"version-history":[{"count":1,"href":"https:\/\/isuppa.com\/biblioteca\/index.php\/wp-json\/wp\/v2\/pages\/1156\/revisions"}],"predecessor-version":[{"id":1157,"href":"https:\/\/isuppa.com\/biblioteca\/index.php\/wp-json\/wp\/v2\/pages\/1156\/revisions\/1157"}],"wp:attachment":[{"href":"https:\/\/isuppa.com\/biblioteca\/index.php\/wp-json\/wp\/v2\/media?parent=1156"}],"curies":[{"name":"wp","href":"https:\/\/api.w.org\/{rel}","templated":true}]}}