{"id":116,"date":"2023-10-15T16:15:50","date_gmt":"2023-10-15T16:15:50","guid":{"rendered":"https:\/\/isuppa.com\/biblioteca\/?page_id=116"},"modified":"2024-12-16T17:54:52","modified_gmt":"2024-12-16T17:54:52","slug":"banco-de-dados-avancados","status":"publish","type":"page","link":"https:\/\/isuppa.com\/biblioteca\/index.php\/banco-de-dados-avancados\/","title":{"rendered":"Banco de Dados Avan\u00e7ados"},"content":{"rendered":"\n<p><a href=\"https:\/\/dev.mysql.com\/doc\/\">01 MySQL Reference Manual_P1<\/a><\/p>\n\n\n\n<p><a href=\"https:\/\/isuppa.com\/biblioteca\/wp-content\/uploads\/2023\/10\/DCT_EI_0205_BDA_An-Introduction-to-Database-Systems-8e-By-C-J-Date-CodeBlah.com_.pdf\">An Introduction to Database Systems<\/a><\/p>\n\n\n\n<p><a href=\"https:\/\/isuppa.com\/biblioteca\/wp-content\/uploads\/2023\/10\/DCT_EI_0205_BDA_Banco-de-dados-relacionais-Autor-Elisangela-Rocha-da-Costa.pdf\">Banco de Dados Relacionais<\/a><\/p>\n\n\n\n<p><a href=\"https:\/\/isuppa.com\/biblioteca\/wp-content\/uploads\/2023\/10\/DCT_EI_0205_BDA_Data-Warehouse-conceitos-e-aplicacoes.pdf\">Data Warehouse Conceitos e Aplica\u00e7\u00f5es<\/a><\/p>\n\n\n\n<p><a href=\"https:\/\/isuppa.com\/biblioteca\/wp-content\/uploads\/2023\/10\/DCT_EI_0205_BDA_DESENVOLVIMENTO-E-IMPLANTACAO-DE-UM-DATA-WAREHOUSE.pdf\">DESENVOLVIMENTO E IMPLANTA\u00c7\u00c3O DE UM DATA WARE<\/a><\/p>\n\n\n\n<p><a href=\"https:\/\/isuppa.com\/biblioteca\/wp-content\/uploads\/2023\/10\/DCT_EI_0205_BDA_Fundamentos-de-Banco-de-Dados-Autor-George-Henrique-Godim-da-Fonseca.pdf\">Fundamentos de Banco de Dados<\/a><\/p>\n\n\n\n<p><a href=\"https:\/\/isuppa.com\/biblioteca\/wp-content\/uploads\/2023\/10\/DCT_EI_0205_BDA_Introducao-aos-Sistemas-de-Gestao-de-Bases-de-Dados.pdf\">Introdu\u00e7\u00e3o aos Sistemas de Gest\u00e3o de Bases de Dados<\/a><\/p>\n\n\n\n<p><a href=\"https:\/\/isuppa.com\/biblioteca\/wp-content\/uploads\/2023\/10\/DCT_EI_0205_BDA_Kimball_The-Data-Warehouse-Toolkit-3rd-Edition.pdf\">Kimball The Data Warehouse<\/a><\/p>\n\n\n\n<p><a href=\"https:\/\/isuppa.com\/biblioteca\/wp-content\/uploads\/2023\/10\/DCT_EI_0205_BDA_Kimball-Dimensional-Modeling-Techniques11.pdf\">Kimball Dimensional Modeling Techniques 11<\/a><\/p>\n\n\n\n<p><a href=\"https:\/\/isuppa.com\/biblioteca\/wp-content\/uploads\/2023\/10\/DCT_EI_0205_BDA_Pratica-de-Banco-de-Dados-Silva_Santos_Oliveira.pdf\">Pr\u00e1tica de Banco de Dados<\/a><\/p>\n\n\n\n<p><a href=\"https:\/\/isuppa.com\/biblioteca\/wp-content\/uploads\/2023\/10\/DCT_EI_0205_BDA_SBD-NL-IntroducaoSGBD-HDBW.pdf\">Introdu\u00e7\u00e3o SGBD &#8211; HDBW<\/a><\/p>\n\n\n\n<p><a href=\"https:\/\/isuppa.com\/biblioteca\/wp-content\/uploads\/2023\/10\/DCT_EI_0205_BDA_Sistemas-de-Banco-de-Dados-SBD.pdf\">Sistemas de Banco de Dados (SBD)<\/a><\/p>\n\n\n\n<p><strong>&nbsp;<\/strong><\/p>\n","protected":false},"excerpt":{"rendered":"<p>01 MySQL Reference Manual_P1 An Introduction to Database Systems Banco de Dados Relacionais Data Warehouse Conceitos e Aplica\u00e7\u00f5es DESENVOLVIMENTO E IMPLANTA\u00c7\u00c3O DE UM DATA WARE Fundamentos de Banco de Dados Introdu\u00e7\u00e3o aos Sistemas de Gest\u00e3o de Bases de Dados Kimball The Data Warehouse Kimball Dimensional Modeling Techniques 11 Pr\u00e1tica de Banco de Dados Introdu\u00e7\u00e3o SGBD&hellip; <a class=\"more-link\" href=\"https:\/\/isuppa.com\/biblioteca\/index.php\/banco-de-dados-avancados\/\">Continue reading <span class=\"screen-reader-text\">Banco de Dados Avan\u00e7ados<\/span><\/a><\/p>\n","protected":false},"author":1,"featured_media":0,"parent":0,"menu_order":0,"comment_status":"closed","ping_status":"closed","template":"","meta":{"footnotes":""},"_links":{"self":[{"href":"https:\/\/isuppa.com\/biblioteca\/index.php\/wp-json\/wp\/v2\/pages\/116"}],"collection":[{"href":"https:\/\/isuppa.com\/biblioteca\/index.php\/wp-json\/wp\/v2\/pages"}],"about":[{"href":"https:\/\/isuppa.com\/biblioteca\/index.php\/wp-json\/wp\/v2\/types\/page"}],"author":[{"embeddable":true,"href":"https:\/\/isuppa.com\/biblioteca\/index.php\/wp-json\/wp\/v2\/users\/1"}],"replies":[{"embeddable":true,"href":"https:\/\/isuppa.com\/biblioteca\/index.php\/wp-json\/wp\/v2\/comments?post=116"}],"version-history":[{"count":2,"href":"https:\/\/isuppa.com\/biblioteca\/index.php\/wp-json\/wp\/v2\/pages\/116\/revisions"}],"predecessor-version":[{"id":1208,"href":"https:\/\/isuppa.com\/biblioteca\/index.php\/wp-json\/wp\/v2\/pages\/116\/revisions\/1208"}],"wp:attachment":[{"href":"https:\/\/isuppa.com\/biblioteca\/index.php\/wp-json\/wp\/v2\/media?parent=116"}],"curies":[{"name":"wp","href":"https:\/\/api.w.org\/{rel}","templated":true}]}}