{"id":1177,"date":"2024-10-28T09:14:52","date_gmt":"2024-10-28T09:14:52","guid":{"rendered":"https:\/\/isuppa.com\/biblioteca\/?page_id=1177"},"modified":"2025-10-28T21:11:12","modified_gmt":"2025-10-28T21:11:12","slug":"gestao-da-economia-e-contabilidade","status":"publish","type":"page","link":"https:\/\/isuppa.com\/biblioteca\/index.php\/gestao-da-economia-e-contabilidade\/","title":{"rendered":"Gest\u00e3o Empresarial e Contabilidade"},"content":{"rendered":"\n<p>1\u00ba Ano<\/p>\n\n\n\n<ul>\n<li><a href=\"https:\/\/pt.scribd.com\/document\/918571307\/Manual-de-o-a-e-10%C2%BA-Classe-1\">Manual de Organiza\u00e7\u00e3o e Administra\u00e7\u00e3o de Empresas<\/a><\/li>\n\n\n\n<li><a href=\"https:\/\/pt.scribd.com\/document\/640778624\/Texto-de-Apoio-de-Introduc-a-o-ao-Est-do-Direito-Gesta-o-e-Contabilidade-2018\">Introdu\u00e7\u00e3o Ao Est. Do Direito Gest\u00e3o e Contabilidade<\/a><\/li>\n\n\n\n<li><a href=\"https:\/\/www.ufrgs.br\/cursopgdr\/downloadsSerie\/derad103.pdf\">Introdu\u00e7\u00e3o \u00e0 gest\u00e3o de organiza\u00e7\u00f5es<\/a><\/li>\n\n\n\n<li><a href=\"https:\/\/fenix.isutc.ac.mz\/isutc\/downloadFile\/567756021826389\/Texto%20de%20Apoio%20I%20-%20Introducao%20e%20Principais%20Conceitos.pdf\">Introdu\u00e7\u00e3o \u00e0 contabilidade de gest\u00e3o<\/a><\/li>\n\n\n\n<li><a href=\"https:\/\/educapes.capes.gov.br\/bitstream\/capes\/206523\/2\/Matem%C3%A1tica%20B%C3%A1sica%20I-Livro.pdf\">Matem\u00e1tica I <\/a><\/li>\n\n\n\n<li><a href=\"https:\/\/biblioteca.unisced.edu.mz\/bitstream\/123456789\/2763\/1\/Matem%C3%A1tica%20I%20-%20Matem%C3%A1tica%20B%C3%A1sica%20.pdf\">Matem\u00e1tica I<\/a><\/li>\n\n\n\n<li><a href=\"https:\/\/www.professorjailton.com.br\/novo\/biblioteca\/BECHARA_ModernaGramaticaPortuguesa.pdf\">L\u00edngua Portuguesa I <\/a><\/li>\n\n\n\n<li><a href=\"https:\/\/www.fkconcursos.weebly.com\/uploads\/1\/0\/1\/2\/10129578\/gramatica_completa_da_lingua_portuesa.pdf\">Gram\u00e1tica Completa da L\u00edngua Portuguesa<\/a><\/li>\n\n\n\n<li><a href=\"https:\/\/www.jbmacedo.com\/papers\/wp619.pdf\">Macroeconomia <\/a><\/li>\n\n\n\n<li><a href=\"https:\/\/proedu.rnp.br\/bitstream\/handle\/123456789\/1421\/Introducao%20ao%20Direito%20Administrativo.pdf\">Fundamentos do Direito Introdu\u00e7\u00e3o \u00e0 Contabilidade<\/a> I<\/li>\n\n\n\n<li><a href=\"https:\/\/biblioteca.unisced.edu.mz\/bitstream\/123456789\/1704\/1\/MANUAL%20DE%20CONTABILIDADE%20FINANCEIRA-I.pdf\">Introdu\u00e7\u00e3o \u00e0 Contabilidade<\/a><\/li>\n<\/ul>\n\n\n\n<p>2.\u00ba Ano<\/p>\n\n\n\n<ul>\n<li><a href=\"https:\/\/www.fep.up.pt\/disciplinas\/Lec205\/Alunos\/Documentos_Alunos\/Acetatos%20-%20Cap%C3%ADtulos%201,%202%20e%203%20-%20Turnas%20TP1%20e%20TP2.pdf\">Contabilidade de Custos e de Gest\u00e3o\u00a0<\/a><\/li>\n\n\n\n<li><a href=\"https:\/\/biblioteca.unisced.edu.mz\/handle\/123456789\/2039\">Contabilidade de Custos<\/a><\/li>\n\n\n\n<li><a href=\"https:\/\/quanticaeditora.pt\/ebooks\/_contabilidade_gestao_para_tomada_decisao_ebook.pdf\">CONTABILIDADE DE GEST\u00c3O PARA A TOMADA DE DECIS\u00c3O<\/a><\/li>\n\n\n\n<li>\u00a0<a href=\"https:\/\/query.libretexts.org\/Idioma_Portugues\/Livro%3A_Contabilidade_Gerencial_(OpenStax)\/01%3A_Contabilidade_como_ferramenta_para_gerentes\/1.03%3A_Distinguir_entre_contabilidade_financeira_e_gerencial\">Distinguir entre contabilidade financeira e gerencial<\/a><\/li>\n\n\n\n<li>\u00a0<a href=\"https:\/\/www.revistarebram.com\/index.php\/revistauniara\/article\/view\/550\/pdf\">Import\u00e2ncia da contabilidade de custos para a gest\u00e3o empresarial<\/a><\/li>\n\n\n\n<li><a href=\"https:\/\/educapes.capes.gov.br\/bitstream\/capes\/430115\/2\/eBook_Contabilidade_Intermedi%C3%A1ria_II_UFBA.pdf\">Contabilidade Intermedi\u00e1ria II<\/a><\/li>\n\n\n\n<li><a href=\"http:\/\/www.cnc.min-financas.pt\/_siteantigo\/snc_projecto\/dl_snc_anexo.pdf\">SISTEMA DE NORMALIZA\u00c7\u00c3O CONTABIL\u00cdSTICA\u00a0<\/a><\/li>\n\n\n\n<li><a href=\"https:\/\/cesad.ufs.br\/ORBI\/public\/uploadCatalago\/15400218082016Matematica_Financeira_e_Analise_de_Investimento_Aula_4.pdf\">Matematica Financeira e Analise de Investimento<\/a><\/li>\n\n\n\n<li><a href=\"https:\/\/cdn.portal.estacio.br\/03_Gestao_de_Riscos_Financeiros_Financial_Guide_Ibmec_4cd32bc3c7.pdf\">Gest\u00e3o de Riscos Financeiros-Financial Guide<\/a><\/li>\n\n\n\n<li><a href=\"https:\/\/www.scielo.br\/j\/rcf\/a\/PLXYy5JwK78sRxMFfr9Mx9x\/?format=html&amp;lang=pt\">Derivativos: o que s\u00e3o e a evolu\u00e7\u00e3o quanto ao aspecto cont\u00e1bil<\/a><\/li>\n\n\n\n<li><a href=\"https:\/\/querobolsa.com.br\/revista\/business-intelligence-e-analytics-a-inteligencia-que-transforma-dados-em-decisoes\">Business Intelligence e Analytics<\/a><\/li>\n\n\n\n<li><a href=\"https:\/\/gestaoclick.com.br\/blog\/business-intelligence\/\">ERP e Business Intelligence (BI)<\/a><\/li>\n\n\n\n<li><a href=\"http:\/\/arquivos.eadadm.ufsc.br\/EaDADM\/UAB3_2013-2\/Modulo_6\/Logistica\/material_didatico\/logistica_e_cadeia_de_suprimentos-3ed-online.pdf\">Log\u00edstica e Cadeia de Suprimentos<\/a><\/li>\n\n\n\n<li><a href=\"https:\/\/aprepro.org.br\/conbrepro\/anais\/2024\/arquivos\/10242024_121007_671a674b496f1.pdf\">Aplicativo desenvolvido por uma startup log\u00edstica<\/a><\/li>\n\n\n\n<li><a href=\"https:\/\/www.youtube.com\/watch?v=cTcflEJeJ1Y\">TEND\u00caNCIAS de MARKETING 2025<\/a><\/li>\n<\/ul>\n\n\n\n<p>3.\u00ba Ano<\/p>\n\n\n\n<ul>\n<li><a href=\"https:\/\/www.segcontas.co.ao\/sites\/default\/files\/2022-08\/Casos_Praticos_e_Exercicios_Resolvidos_P.pdf\">Plano Geral de Contabilidade Angolano<\/a><\/li>\n\n\n\n<li>O que<a href=\"https:\/\/smartiasolutions.com.br\/glossario\/o-que-e-distribuicao-de-probabilidade\/\"> \u00e9: Distribui\u00e7\u00e3o de Probabilidade<\/a><\/li>\n\n\n\n<li><a href=\"https:\/\/repositorio-api.animaeducacao.com.br\/server\/api\/core\/bitstreams\/cb3e91ab-53b7-47a6-b7a5-3642466ae59e\/content\">Gest\u00e3o Financeira II<\/a><\/li>\n\n\n\n<li><a style=\"background-color: rgb(209, 228, 221);\" href=\"https:\/\/educapes.capes.gov.br\/bitstream\/capes\/554261\/2\/Livro%20Estatistica%20e%20Probabilidade%20.pdf\">Livro Estatistica e Probabilidade<\/a> <\/li>\n\n\n\n<li><a href=\"https:\/\/isuppa.com\/biblioteca\/wp-content\/uploads\/2025\/10\/content-21.pdf\">SISTEMA DE CONTROLO DE GEST\u00c3O<\/a><\/li>\n\n\n\n<li><a href=\"https:\/\/educapes.capes.gov.br\/bitstream\/capes\/429383\/2\/EstatisticaeProbabilidade-livro.pdf\">Estat\u00edstica e Probabilidade<\/a><\/li>\n\n\n\n<li><a href=\"https:\/\/pt.scribd.com\/document\/552647094\/Aula-5-Testes-de-Hipoteses\">Princ\u00edpios e Erros | Teste de hip\u00f3tese estat\u00edstica | P-valor\u00a0<\/a><\/li>\n\n\n\n<li><a href=\"https:\/\/pt.scribd.com\/document\/370796645\/Pesquisa-Operacional-No-Ambito-Da-Logistica\">Pesquisa Operacional No Ambito Da Logistica\u00a0<\/a><\/li>\n\n\n\n<li><span style=\"color: rgb(48, 48, 48); font-family: &quot;Google Sans Text&quot;, &quot;Google Sans&quot;, sans-serif; font-size: 14px; white-space: nowrap; background-color: rgb(255, 255, 255);\"><a href=\"https:\/\/pt.wikipedia.org\/wiki\/Metodologia_da_pesquisa_cient%C3%ADfica\">Metodologia da pesquisa cient\u00edfica<\/a><\/span><\/li>\n\n\n\n<li><a href=\"https:\/\/www.fd.ulisboa.pt\/wp-content\/uploads\/2018\/05\/Programa-DETALHADO-do-Curso-de-Doutoramento_Metodologia-de-Investigacao-Cientifica-Avancada_Kafft_Kostasem-formatacao-A3ES.pdf\">T\u00e9cnicas de Redac\u00e7\u00e3o de Monografias<\/a><\/li>\n\n\n\n<li><a href=\"https:\/\/pt.wikipedia.org\/wiki\/Direito_comercial\">Direito comercial<\/a><\/li>\n\n\n\n<li><a href=\"https:\/\/solimene.adv.br\/direito-empresarial-04-leis-que-voce-precisa-conhecer\/\">Direito Empresarial<\/a><\/li>\n\n\n\n<li><a href=\"https:\/\/pt.scribd.com\/document\/634486127\/Ativ-Auditoria-Controles-internos-auditoria-interna-externa\">Guia de Auditoria Interna e Externa<\/a><\/li>\n\n\n\n<li><a href=\"https:\/\/repositorio.ufba.br\/bitstream\/ri\/32062\/1\/eBook%20FCCC24%20-%20Auditoria%20I.pdf\">Auditoria<\/a><\/li>\n\n\n\n<li><a href=\"https:\/\/www.idealbusinessschool.com.br\/blog\/marketing-estrategico-tatico-e-operacional-como-alavancar-seus-resultados\/\">Marketing estrat\u00e9gico t\u00e1tico e operacional<\/a><\/li>\n\n\n\n<li><a href=\"https:\/\/isuppa.com\/biblioteca\/wp-content\/uploads\/2025\/10\/content-23.pdf\">MARKETING ESTRAT\u00c9GICO<\/a><\/li>\n\n\n\n<li><a href=\"https:\/\/englishpos.com.br\/como-dominar-a-leitura-de-artigos-cientificos-e-se-tornar-proficiente-em-ingles-academico\/\">Como Dominar a Leitura de Artigos Cient\u00edficos<\/a><\/li>\n<\/ul>\n\n\n\n<p>4\u00ba Ano<\/p>\n\n\n\n<ul>\n<li><a href=\"https:\/\/www.unicerp.edu.br\/revistas\/rumos\/20191\/artigo4.pdf\">AN\u00c1LISE ECON\u00d4MICO-FINANCEIRA<\/a><\/li>\n\n\n\n<li><a href=\"https:\/\/semanaacademica.org.br\/system\/files\/artigos\/auditoriainternaeexternadoc.pdf\">CONSIDERA\u00c7\u00d5ES ACERCA DA AUDITORIA INTERNA E EXTERNA<\/a><\/li>\n\n\n\n<li><a href=\"https:\/\/isuppa.com\/biblioteca\/wp-content\/uploads\/2025\/10\/content-24.pdf\">An\u00e1lise Econ\u00f3mico e Financiera<\/a><\/li>\n\n\n\n<li><a href=\"https:\/\/educapes.capes.gov.br\/bitstream\/capes\/597229\/2\/FCCC25_Auditoria%20II.pdf\">Auditoria II<\/a><\/li>\n\n\n\n<li><a href=\"https:\/\/xmind.com\/pt\/blog\/what-is-business-strategy\">Estrat\u00e9gia Empresarial: Guia Completo e Modelos<\/a><\/li>\n\n\n\n<li><a href=\"https:\/\/www.livros1.com.br\/pdf-read\/livar\/ESTRATEGIA-COMPETITIVA.pdf\">ESTRATEGIA-COMPETITIVA<\/a><\/li>\n\n\n\n<li><a href=\"https:\/\/www.iiis.org\/CDs2012\/CD2012SCI\/CISCI_2012\/PapersPdf\/XA508TZ.pdf\">O Simulador de Ambiente Empresarial<\/a><\/li>\n\n\n\n<li><a href=\"https:\/\/biblioteca.iade.europeia.pt\/bib\/40062\">Details for: Psicossociologia das organiza\u00e7\u00f5es , fundamentos e aplica\u00e7\u00f5es\u00a0<\/a><\/li>\n\n\n\n<li><a href=\"https:\/\/www.iscte-iul.pt\/assets\/files\/2022\/10\/03\/1664811000767_Cat_logo_online__exposi__o_bibliogr_fica_outubro_2022_.pdf\">Inova\u00e7\u00e3o &amp; Empreendedorismo<\/a><\/li>\n\n\n\n<li><a href=\"https:\/\/www.startupblog.pt\/2025\/10\/20\/as-tendencias-do-empreendedorismo-para-2026\/\">As tend\u00eancias do empreendedorismo para 2026<\/a><\/li>\n\n\n\n<li>R<a href=\"https:\/\/anpad.com.br\/uploads\/articles\/article_60ba787a9f34b_0_.pdf\">esponsabilidade social corporativa e da \u00e9tica empresarial<\/a><\/li>\n\n\n\n<li><a href=\"https:\/\/monografias.brasilescola.uol.com.br\/educacao\/etica-responsabilidade-social-nas-organizacoes.htm\">\u00c9TICA E RESPONSABILIDADE SOCIAL NAS ORGANIZA\u00c7\u00d5ES<\/a><\/li>\n<\/ul>\n","protected":false},"excerpt":{"rendered":"<p>1\u00ba Ano 2.\u00ba Ano 3.\u00ba Ano 4\u00ba Ano<\/p>\n","protected":false},"author":1,"featured_media":0,"parent":0,"menu_order":0,"comment_status":"closed","ping_status":"closed","template":"","meta":{"footnotes":""},"_links":{"self":[{"href":"https:\/\/isuppa.com\/biblioteca\/index.php\/wp-json\/wp\/v2\/pages\/1177"}],"collection":[{"href":"https:\/\/isuppa.com\/biblioteca\/index.php\/wp-json\/wp\/v2\/pages"}],"about":[{"href":"https:\/\/isuppa.com\/biblioteca\/index.php\/wp-json\/wp\/v2\/types\/page"}],"author":[{"embeddable":true,"href":"https:\/\/isuppa.com\/biblioteca\/index.php\/wp-json\/wp\/v2\/users\/1"}],"replies":[{"embeddable":true,"href":"https:\/\/isuppa.com\/biblioteca\/index.php\/wp-json\/wp\/v2\/comments?post=1177"}],"version-history":[{"count":11,"href":"https:\/\/isuppa.com\/biblioteca\/index.php\/wp-json\/wp\/v2\/pages\/1177\/revisions"}],"predecessor-version":[{"id":3951,"href":"https:\/\/isuppa.com\/biblioteca\/index.php\/wp-json\/wp\/v2\/pages\/1177\/revisions\/3951"}],"wp:attachment":[{"href":"https:\/\/isuppa.com\/biblioteca\/index.php\/wp-json\/wp\/v2\/media?parent=1177"}],"curies":[{"name":"wp","href":"https:\/\/api.w.org\/{rel}","templated":true}]}}