{"id":1186,"date":"2024-10-28T16:53:19","date_gmt":"2024-10-28T16:53:19","guid":{"rendered":"https:\/\/isuppa.com\/biblioteca\/?page_id=1186"},"modified":"2025-11-21T12:58:49","modified_gmt":"2025-11-21T12:58:49","slug":"ciencia-e-investigacao","status":"publish","type":"page","link":"https:\/\/isuppa.com\/biblioteca\/index.php\/ciencia-e-investigacao\/","title":{"rendered":"Ci\u00eancia e Investiga\u00e7\u00e3o"},"content":{"rendered":"\n<p><a target=\"Blank\" href=\"https:\/\/copyspider.com.br\/main\/pt-br\/download-p\" rel=\"noopener\">Baixar CopySpider<\/a><\/p>\n\n\n\n<p><a href=\"https:\/\/www.nucleodoconhecimento.com.br\/blog\/plagio\/programas-para-detectar\">O que s\u00e3o os Software Anti pl\u00e1gio<\/a><\/p>\n\n\n\n<p><a href=\"https:\/\/isuppa.com\/biblioteca\/index.php\/2024\/10\/25\/tecnica-de-redaccao-de-monografia\/\">T\u00e9cnica de Redac\u00e7\u00e3o de Monografia<\/a><\/p>\n\n\n\n<p><a href=\"https:\/\/isuppa.com\/\/biblioteca\/wp-content\/uploads\/Tutoriais\/Ci\u00eancia%26Investiga\u00e7\u00e3o\/Reada\u00e7\u00e3oArtigosCient\u00edficos.pdf\">No\u00e7\u00f5es B\u00e1sicas Para Elaborar um Artigo Cient\u00edfico<\/a><\/p>\n\n\n\n<p><a href=\"https:\/\/isuppa.com\/biblioteca\/index.php\/investigacao-e-extensao\/\">M\u00e9todos Cient\u00edficos<\/a><\/p>\n\n\n\n<p><a href=\"https:\/\/isuppa.com\/\/biblioteca\/wp-content\/uploads\/Tutoriais\/Ci%C3%AAncia%26Investiga%C3%A7%C3%A3o\/IA_VideoApoio.webm\">V\u00eddeo Tutorial (Como usar a IA para apoiar seu TFC, com responsabilidade e rigor acad\u00eamico)<\/a><\/p>\n","protected":false},"excerpt":{"rendered":"<p>Baixar CopySpider O que s\u00e3o os Software Anti pl\u00e1gio T\u00e9cnica de Redac\u00e7\u00e3o de Monografia No\u00e7\u00f5es B\u00e1sicas Para Elaborar um Artigo Cient\u00edfico M\u00e9todos Cient\u00edficos V\u00eddeo Tutorial (Como usar a IA para apoiar seu TFC, com responsabilidade e rigor acad\u00eamico)<\/p>\n","protected":false},"author":1,"featured_media":0,"parent":0,"menu_order":0,"comment_status":"closed","ping_status":"closed","template":"","meta":{"footnotes":""},"_links":{"self":[{"href":"https:\/\/isuppa.com\/biblioteca\/index.php\/wp-json\/wp\/v2\/pages\/1186"}],"collection":[{"href":"https:\/\/isuppa.com\/biblioteca\/index.php\/wp-json\/wp\/v2\/pages"}],"about":[{"href":"https:\/\/isuppa.com\/biblioteca\/index.php\/wp-json\/wp\/v2\/types\/page"}],"author":[{"embeddable":true,"href":"https:\/\/isuppa.com\/biblioteca\/index.php\/wp-json\/wp\/v2\/users\/1"}],"replies":[{"embeddable":true,"href":"https:\/\/isuppa.com\/biblioteca\/index.php\/wp-json\/wp\/v2\/comments?post=1186"}],"version-history":[{"count":9,"href":"https:\/\/isuppa.com\/biblioteca\/index.php\/wp-json\/wp\/v2\/pages\/1186\/revisions"}],"predecessor-version":[{"id":4000,"href":"https:\/\/isuppa.com\/biblioteca\/index.php\/wp-json\/wp\/v2\/pages\/1186\/revisions\/4000"}],"wp:attachment":[{"href":"https:\/\/isuppa.com\/biblioteca\/index.php\/wp-json\/wp\/v2\/media?parent=1186"}],"curies":[{"name":"wp","href":"https:\/\/api.w.org\/{rel}","templated":true}]}}