{"id":1203,"date":"2024-11-07T14:06:24","date_gmt":"2024-11-07T14:06:24","guid":{"rendered":"https:\/\/isuppa.com\/biblioteca\/?page_id=1203"},"modified":"2024-12-16T19:10:18","modified_gmt":"2024-12-16T19:10:18","slug":"etica-profissional-informatica","status":"publish","type":"page","link":"https:\/\/isuppa.com\/biblioteca\/index.php\/etica-profissional-informatica\/","title":{"rendered":"\u00c9tica Profissional (Inform\u00e1tica)"},"content":{"rendered":"\n<p><a href=\"https:\/\/clei.org\/proceedings_data\/CLEI1995\/CLEI%20CIESC%201995%20Vol.II\/CIESC%201995%20Vol.II%20_%20Por%20capitulo_OCR\/CLEI%20%20-%201995%20Vol.II_11-20_OCR.pdf\">A \u00c9tica Profissional na \u00c1rea de Computa\u00e7\u00e3o (2024)<\/a><\/p>\n\n\n\n<p>04_<a href=\"https:\/\/cleitonsouzablog.wordpress.com\/wp-content\/uploads\/2017\/11\/informatica-na-sociedade-e-etica.pdf\">\u00a0Inform\u00e1tica\u00a0na sociedade e\u00a0\u00e9ticahttps:\/\/cleitonsouzablog.wordpress.com\/wp-content\/uploads\/2017\/11\/informatica-na-sociedade-e-etica.pdf<\/a><\/p>\n\n\n\n<p><a href=\"https:\/\/repositorio.ufsc.br\/handle\/123456789\/248509\">Canvas para discuss\u00e3o de quest\u00f5es \u00e9ticas em disciplinas de Inform\u00e1tica e Sociedade (2023)<\/a><\/p>\n\n\n\n<p><a href=\"https:\/\/repositorio-aberto.up.pt\/handle\/10216\/155308\">\u00c9tica e deontologia no campo profissional da informa\u00e7\u00e3o (2023)<\/a><\/p>\n\n\n\n<p><a href=\"https:\/\/isuppa.com\/\/biblioteca\/wp-content\/uploads\/2024\/10\/31PscEO\/Etica_Deontologia-Manual_Formacao.pdf\">\u00c9tica Deontologia Manual Forma\u00e7\u00e3o<\/a><\/p>\n\n\n\n<p><a href=\"https:\/\/isuppa.com\/\/biblioteca\/wp-content\/uploads\/2024\/10\/31PscEO\/LIESDE~1.PDF\">Li\u00e7\u00f5es de \u00c9tica e Deontologia Profissional<\/a><\/p>\n\n\n\n<p><a href=\"https:\/\/isuppa.com\/\/biblioteca\/wp-content\/uploads\/2024\/10\/31PscEO\/o-abc-do-bom-profissional.pdf\">O ABC de um bom profissional<\/a><\/p>\n","protected":false},"excerpt":{"rendered":"<p>A \u00c9tica Profissional na \u00c1rea de Computa\u00e7\u00e3o (2024) 04_\u00a0Inform\u00e1tica\u00a0na sociedade e\u00a0\u00e9ticahttps:\/\/cleitonsouzablog.wordpress.com\/wp-content\/uploads\/2017\/11\/informatica-na-sociedade-e-etica.pdf Canvas para discuss\u00e3o de quest\u00f5es \u00e9ticas em disciplinas de Inform\u00e1tica e Sociedade (2023) \u00c9tica e deontologia no campo profissional da informa\u00e7\u00e3o (2023) \u00c9tica Deontologia Manual Forma\u00e7\u00e3o Li\u00e7\u00f5es de \u00c9tica e Deontologia Profissional O ABC de um bom profissional<\/p>\n","protected":false},"author":1,"featured_media":0,"parent":0,"menu_order":0,"comment_status":"closed","ping_status":"closed","template":"","meta":{"footnotes":""},"_links":{"self":[{"href":"https:\/\/isuppa.com\/biblioteca\/index.php\/wp-json\/wp\/v2\/pages\/1203"}],"collection":[{"href":"https:\/\/isuppa.com\/biblioteca\/index.php\/wp-json\/wp\/v2\/pages"}],"about":[{"href":"https:\/\/isuppa.com\/biblioteca\/index.php\/wp-json\/wp\/v2\/types\/page"}],"author":[{"embeddable":true,"href":"https:\/\/isuppa.com\/biblioteca\/index.php\/wp-json\/wp\/v2\/users\/1"}],"replies":[{"embeddable":true,"href":"https:\/\/isuppa.com\/biblioteca\/index.php\/wp-json\/wp\/v2\/comments?post=1203"}],"version-history":[{"count":2,"href":"https:\/\/isuppa.com\/biblioteca\/index.php\/wp-json\/wp\/v2\/pages\/1203\/revisions"}],"predecessor-version":[{"id":1246,"href":"https:\/\/isuppa.com\/biblioteca\/index.php\/wp-json\/wp\/v2\/pages\/1203\/revisions\/1246"}],"wp:attachment":[{"href":"https:\/\/isuppa.com\/biblioteca\/index.php\/wp-json\/wp\/v2\/media?parent=1203"}],"curies":[{"name":"wp","href":"https:\/\/api.w.org\/{rel}","templated":true}]}}