{"id":125,"date":"2023-10-15T16:29:06","date_gmt":"2023-10-15T16:29:06","guid":{"rendered":"https:\/\/isuppa.com\/biblioteca\/?page_id=125"},"modified":"2023-10-15T16:29:07","modified_gmt":"2023-10-15T16:29:07","slug":"linguagens-formais-e-automatos","status":"publish","type":"page","link":"https:\/\/isuppa.com\/biblioteca\/index.php\/linguagens-formais-e-automatos\/","title":{"rendered":"Linguagens Formais e Aut\u00f3matos"},"content":{"rendered":"\n<p><a href=\"https:\/\/isuppa.com\/biblioteca\/wp-content\/uploads\/2023\/10\/DCT_EI_0205_LFA_introducao-a-teoria-dos-automatos-linguagens-e-computacao.pdf\">Introdu\u00e7\u00e3o a Teoria dos Automatos<\/a><\/p>\n\n\n\n<p><a href=\"https:\/\/isuppa.com\/biblioteca\/wp-content\/uploads\/2023\/10\/DCT_EI_0205_LFA_Plano-de-Ensino-Linguagens-Formais-e-Automatos-dosificacao.pdf\">Plano de Ensino &#8211; Linguagens Formais e Aut\u00f4matos<\/a><\/p>\n\n\n\n<p><a href=\"https:\/\/isuppa.com\/biblioteca\/wp-content\/uploads\/2023\/10\/DCT_EI_0205_LFA_Linguagens_formais_e_automatos.pdf\">Linguagens Formais e Automatos<\/a><\/p>\n\n\n\n<p><a href=\"https:\/\/isuppa.com\/biblioteca\/wp-content\/uploads\/2023\/10\/DCT_EI_0205_LFA_Livro-Linguagens-Formais-e-Automatos.pdf\">Livro &#8211; Linguagens Formais e Aut\u00f4matos<\/a><\/p>\n\n\n\n<p><a href=\"https:\/\/isuppa.com\/biblioteca\/wp-content\/uploads\/2023\/10\/DCT_EI_0205_LFA_O-ensino-de-Linguagens-Formais-vinculado-ao-ensino-de-Compiladores.pdf\">O Ensino de Linguagens Formais\u00a0<\/a><\/p>\n","protected":false},"excerpt":{"rendered":"<p>Introdu\u00e7\u00e3o a Teoria dos Automatos Plano de Ensino &#8211; Linguagens Formais e Aut\u00f4matos Linguagens Formais e Automatos Livro &#8211; Linguagens Formais e Aut\u00f4matos O Ensino de Linguagens Formais\u00a0<\/p>\n","protected":false},"author":1,"featured_media":0,"parent":0,"menu_order":0,"comment_status":"closed","ping_status":"closed","template":"","meta":{"footnotes":""},"_links":{"self":[{"href":"https:\/\/isuppa.com\/biblioteca\/index.php\/wp-json\/wp\/v2\/pages\/125"}],"collection":[{"href":"https:\/\/isuppa.com\/biblioteca\/index.php\/wp-json\/wp\/v2\/pages"}],"about":[{"href":"https:\/\/isuppa.com\/biblioteca\/index.php\/wp-json\/wp\/v2\/types\/page"}],"author":[{"embeddable":true,"href":"https:\/\/isuppa.com\/biblioteca\/index.php\/wp-json\/wp\/v2\/users\/1"}],"replies":[{"embeddable":true,"href":"https:\/\/isuppa.com\/biblioteca\/index.php\/wp-json\/wp\/v2\/comments?post=125"}],"version-history":[{"count":1,"href":"https:\/\/isuppa.com\/biblioteca\/index.php\/wp-json\/wp\/v2\/pages\/125\/revisions"}],"predecessor-version":[{"id":131,"href":"https:\/\/isuppa.com\/biblioteca\/index.php\/wp-json\/wp\/v2\/pages\/125\/revisions\/131"}],"wp:attachment":[{"href":"https:\/\/isuppa.com\/biblioteca\/index.php\/wp-json\/wp\/v2\/media?parent=125"}],"curies":[{"name":"wp","href":"https:\/\/api.w.org\/{rel}","templated":true}]}}