{"id":1250,"date":"2025-03-21T20:02:01","date_gmt":"2025-03-21T20:02:01","guid":{"rendered":"https:\/\/isuppa.com\/biblioteca\/?page_id=1250"},"modified":"2025-11-04T07:56:27","modified_gmt":"2025-11-04T07:56:27","slug":"investigacao-e-extensao","status":"publish","type":"page","link":"https:\/\/isuppa.com\/biblioteca\/index.php\/investigacao-e-extensao\/","title":{"rendered":"Investiga\u00e7\u00e3o e extens\u00e3o"},"content":{"rendered":"\n<p><a href=\"https:\/\/isuppa.com\/\/biblioteca\/wp-content\/uploads\/Tutoriais\/Tecnologias\/Agrega\u00e7\u00e3oMICT.pdf\">Metodologia da Investiga\u00e7\u00e3o Cientifica Tecnol\u00f3gica<\/a><\/p>\n\n\n\n<p><a href=\"https:\/\/ayanrafael.com\/wp-content\/uploads\/2011\/08\/gil-a-c-mc3a9todos-e-tc3a9cnicas-de-pesquisa-social.pdf\">Gil, A. C. (2008). <em>M\u00e9todos e t\u00e9cnicas de pesquisa social<\/em> (7.\u00aa ed.). S\u00e3o Paulo: Atlas.<\/a><\/p>\n\n\n\n<p><a href=\"https:\/\/ia804601.us.archive.org\/7\/items\/Fundamentos_de_metodologia_cientfica_8._ed._-_www.meulivro.biz\/Fundamentos_de_metodologia_cientfica_8._ed._-_www.meulivro.biz.pdf?\">Marconi &amp; Lakatos (2017). Fundamentos de Metodologia Cient\u00edfica (8.\u00aa ed.) Atlas <\/a><br><\/p>\n","protected":false},"excerpt":{"rendered":"<p>Metodologia da Investiga\u00e7\u00e3o Cientifica Tecnol\u00f3gica Gil, A. C. (2008). M\u00e9todos e t\u00e9cnicas de pesquisa social (7.\u00aa ed.). S\u00e3o Paulo: Atlas. Marconi &amp; Lakatos (2017). Fundamentos de Metodologia Cient\u00edfica (8.\u00aa ed.) Atlas<\/p>\n","protected":false},"author":1,"featured_media":0,"parent":0,"menu_order":0,"comment_status":"closed","ping_status":"closed","template":"","meta":{"footnotes":""},"_links":{"self":[{"href":"https:\/\/isuppa.com\/biblioteca\/index.php\/wp-json\/wp\/v2\/pages\/1250"}],"collection":[{"href":"https:\/\/isuppa.com\/biblioteca\/index.php\/wp-json\/wp\/v2\/pages"}],"about":[{"href":"https:\/\/isuppa.com\/biblioteca\/index.php\/wp-json\/wp\/v2\/types\/page"}],"author":[{"embeddable":true,"href":"https:\/\/isuppa.com\/biblioteca\/index.php\/wp-json\/wp\/v2\/users\/1"}],"replies":[{"embeddable":true,"href":"https:\/\/isuppa.com\/biblioteca\/index.php\/wp-json\/wp\/v2\/comments?post=1250"}],"version-history":[{"count":2,"href":"https:\/\/isuppa.com\/biblioteca\/index.php\/wp-json\/wp\/v2\/pages\/1250\/revisions"}],"predecessor-version":[{"id":3986,"href":"https:\/\/isuppa.com\/biblioteca\/index.php\/wp-json\/wp\/v2\/pages\/1250\/revisions\/3986"}],"wp:attachment":[{"href":"https:\/\/isuppa.com\/biblioteca\/index.php\/wp-json\/wp\/v2\/media?parent=1250"}],"curies":[{"name":"wp","href":"https:\/\/api.w.org\/{rel}","templated":true}]}}