{"id":1292,"date":"2025-03-24T08:52:16","date_gmt":"2025-03-24T08:52:16","guid":{"rendered":"https:\/\/isuppa.com\/biblioteca\/?page_id=1292"},"modified":"2025-07-27T11:49:27","modified_gmt":"2025-07-27T11:49:27","slug":"introduccao-a-programacao","status":"publish","type":"page","link":"https:\/\/isuppa.com\/biblioteca\/index.php\/introduccao-a-programacao\/","title":{"rendered":"Introduc\u00e7\u00e3o \u00e0 Programa\u00e7\u00e3o"},"content":{"rendered":"\n<p><a href=\"https:\/\/www.kufunda.net\/publicdocs\/O%20que%20%C3%A9%20programa%C3%A7%C3%A3o%20(Agenor%20Martins).pdf\">O que \u00e9 a Programa\u00e7\u00e3o<\/a><\/p>\n\n\n\n<p><a href=\"https:\/\/isuppa.com\/biblioteca\/wp-content\/uploads\/2023\/10\/ebook-logica-de-programacao-para-iniciantes.pdf\">L\u00f3gica de Programa\u00e7\u00e3o Para Iniciantes<\/a><\/p>\n\n\n\n<p><a href=\"https:\/\/educapes.capes.gov.br\/bitstream\/capes\/176223\/2\/Algoritmos%20e%20Programa%C3%A7%C3%A3o%20I%20EBOOK.pdf\">Algoritmos e Programa\u00e7\u00e3o<\/a><\/p>\n\n\n\n<p><a href=\"https:\/\/biblioteca.unisced.edu.mz\/bitstream\/123456789\/2445\/1\/CSI%201304_PT%20Princi%CC%81pios%20de%20programac%CC%A7a%CC%83o.pdf\">Principios de Programa\u00e7\u00e3o (Elisabeth Andrade)<\/a> <\/p>\n\n\n\n<p><a href=\"https:\/\/educapes.capes.gov.br\/bitstream\/capes\/560827\/2\/Apostila%20-%20Curso%20de%20L%C3%B3gica%20de%20Programa%C3%A7%C3%A3o.pdf\">Apostilla de L\u00f3gica de Programa\u00e7\u00e3o<\/a><\/p>\n\n\n\n<p><\/p>\n","protected":false},"excerpt":{"rendered":"<p>O que \u00e9 a Programa\u00e7\u00e3o L\u00f3gica de Programa\u00e7\u00e3o Para Iniciantes Algoritmos e Programa\u00e7\u00e3o Principios de Programa\u00e7\u00e3o (Elisabeth Andrade) Apostilla de L\u00f3gica de Programa\u00e7\u00e3o<\/p>\n","protected":false},"author":1,"featured_media":0,"parent":0,"menu_order":0,"comment_status":"closed","ping_status":"closed","template":"","meta":{"footnotes":""},"_links":{"self":[{"href":"https:\/\/isuppa.com\/biblioteca\/index.php\/wp-json\/wp\/v2\/pages\/1292"}],"collection":[{"href":"https:\/\/isuppa.com\/biblioteca\/index.php\/wp-json\/wp\/v2\/pages"}],"about":[{"href":"https:\/\/isuppa.com\/biblioteca\/index.php\/wp-json\/wp\/v2\/types\/page"}],"author":[{"embeddable":true,"href":"https:\/\/isuppa.com\/biblioteca\/index.php\/wp-json\/wp\/v2\/users\/1"}],"replies":[{"embeddable":true,"href":"https:\/\/isuppa.com\/biblioteca\/index.php\/wp-json\/wp\/v2\/comments?post=1292"}],"version-history":[{"count":2,"href":"https:\/\/isuppa.com\/biblioteca\/index.php\/wp-json\/wp\/v2\/pages\/1292\/revisions"}],"predecessor-version":[{"id":2740,"href":"https:\/\/isuppa.com\/biblioteca\/index.php\/wp-json\/wp\/v2\/pages\/1292\/revisions\/2740"}],"wp:attachment":[{"href":"https:\/\/isuppa.com\/biblioteca\/index.php\/wp-json\/wp\/v2\/media?parent=1292"}],"curies":[{"name":"wp","href":"https:\/\/api.w.org\/{rel}","templated":true}]}}