{"id":1322,"date":"2025-05-22T08:21:21","date_gmt":"2025-05-22T08:21:21","guid":{"rendered":"https:\/\/isuppa.com\/biblioteca\/?page_id=1322"},"modified":"2025-06-30T15:03:45","modified_gmt":"2025-06-30T15:03:45","slug":"documentos-normativos","status":"publish","type":"page","link":"https:\/\/isuppa.com\/biblioteca\/index.php\/documentos-normativos\/","title":{"rendered":"Documentos Normativos"},"content":{"rendered":"\n<ul>\n<li><a href=\"https:\/\/tribunalsupremo.ao\/wp-content\/uploads\/2018\/05\/constituicao-da-republica-de-angola.pdf\">Constitui\u00e7\u00e3o da R\u00e9publica de Angola<\/a><\/li>\n\n\n\n<li><a href=\"https:\/\/sys.portais.gov.ao\/uploads\/8guiao_deauto_avaliacaodasies_cursoeouprogramas_920839033632393255fd86_compressed_a07539fce9.pdf\">GUI\u00c3O DE AUTO-AVALIA\u00c7\u00c3O DE INSTITUI\u00c7\u00d5ES DE ENSINO SUPERIOR, CURSOS E\/OU PROGRAMAS<\/a><\/li>\n\n\n\n<li><a href=\"https:\/\/sys.portais.gov.ao\/uploads\/7_dp_n_2383022635285b7df497_162_22_de_21_de_junho_regulamento_para_as_actividades_de_controlo_fiscalizacao_e_verificacao_das_condicoes_de_organizacao_e_funcionamento_das_ies_278a834870.pdf\">Decreto Presidencial n.\u00ba 162\/22 Aprova o Regulamento para as Actividades de Controlo, Fiscaliza\u00e7\u00e3o e Verifica\u00e7\u00e3o das Condi\u00e7\u00f5es de Organiza\u00e7\u00e3o e Funcionamento das Institui\u00e7\u00f5es de Ensino Superior<\/a><\/li>\n\n\n\n<li><a href=\"https:\/\/isuppa.com\/biblioteca\/wp-content\/uploads\/2025\/05\/DP_148_24.pdf\">Altera\u00e7ao do Decreto Executivo n.\u00ba 109\/20 de 10 de Mar\u00e7o, pelo Decreto Executivo n.\u00ba 148\/24 de 09 de Agosto<\/a><\/li>\n\n\n\n<li><a href=\"https:\/\/isuppa.com\/\/biblioteca\/wp-content\/uploads\/DP\/D.P.203_18_de_30_de_Agosto_REGIMEM%20JURIDICO%20DE%20AVALIA%C3%87%C3%83O.pdf\">Decreto Presidencial n.\u00ba 203\/18 de 30 de Agosto &#8211; R\u00e9gime Jur\u00eddico de Avalia\u00e7\u00e3o e Acredita\u00e7\u00e3o da Qualidade das Is\u00f1stitui\u00e7\u00f5es de Ensino Superior <\/a><\/li>\n\n\n\n<li><a href=\"https:\/\/sys.portais.gov.ao\/uploads\/7manual_deavaliacaoexternadeies_2963171016323939b4d030_compressed_c13bc5c17d.pdf\">MANUAL DE AVALIA\u00c7\u00c3O EXTERNA DE INSTITUI\u00c7\u00d5ES DE ENSINO SUPERIOR<\/a><\/li>\n\n\n\n<li><a href=\"https:\/\/sys.portais.gov.ao\/uploads\/5manual_deprocedimentosdeacreditacaodeies_cursoseouprogramas_1284319498632394a2932ec_compressed_83752ed841.pdf\">MANUAL DE PROCEDIMENTOS DE ACREDITA\u00c7\u00c3O DE INSTITUI\u00c7\u00d5ES, CURSOS E\/OU PROGRAMAS<em>&nbsp;<\/em><\/a><em> <\/em><\/li>\n\n\n\n<li><a href=\"https:\/\/sys.portais.gov.ao\/uploads\/6manual_avaliacaoexternadecursoseouprogramas2_15736985976323943e380be_compressed_8d558fcba1.pdf\">MANUAL DE AVALIA\u00c7\u00c3O EXTERNA DE  CURSOS E\/OU PROGRAMAS<\/a><\/li>\n\n\n\n<li><a href=\"https:\/\/sys.portais.gov.ao\/uploads\/21de_108_20_de_09_de_marco_regulamento_sobre_a_auto_avaliacao_das_ies_5150640486012b99dc7005_b4f6705b55.pdf\">Decreto Executivo n.\u00b0 108\/20 de 9 de Mar\u00e7o &#8211; Regulamento do Processo de Auto-avaliac\u00e3o das Instituic\u00f5es de Ensino Superior<\/a><\/li>\n\n\n\n<li><a href=\"https:\/\/sys.portais.gov.ao\/uploads\/22de_109_20_de_10_de_marco_regulamento_sobre_a_avaliacao_externa_e_acreditacao_de_ies_13157501336012ba198c36e_69f62d6cf6.pdf\">Decreto Executivo n.\u00b0 109\/20 de 10 de Mar\u00e7o &#8211; Regulamento do Processo de Avalia\u00e7\u00e3o Externa e Acredita\u00e7\u00e3o das Instituic\u00f5es de Ensino Superior<\/a><\/li>\n\n\n\n<li><a href=\"https:\/\/sys.portais.gov.ao\/uploads\/34decret_1_29475963266d70d7e6c93d_23278886bf.pdf\">Decreto Presidencial n.\u00ba 193\/18 de 10 de Agosto &#8211; Normas Curriculares Gerais do Subsistema de Ensino Superior<\/a><\/li>\n\n\n\n<li><a href=\"https:\/\/sys.portais.gov.ao\/uploads\/13lei_32_20_de_12_de_agosto_lei_de_bases_de_educacao_e_ensino_alteracao_a_lei_17_137004928963237a670211f_16_compressed_28b9365abc.pdf\">Lei n.\u00ba 32\/20 de 12 de Agosto que altera a Lei 17\/16 de 7 de Outubro<\/a><\/li>\n\n\n\n<li><a href=\"https:\/\/sys.portais.gov.ao\/uploads\/33decret_1_129172786366d5c14784aa7_fb2eee21cf.pdf\">Decreto Presidencial n.\u00ba 191\/18: Aprova o Estatuto de Carreira Docente de Ensino Superior<\/a><\/li>\n\n\n\n<li><a href=\"https:\/\/sys.portais.gov.ao\/uploads\/25dp_121_20_de_27_de_abril_regime_de_avaliacao_de_desempenho_do_pessoal_docente_do_ensino_superior_231114236323805063a5c_compressed_cc6a7ff7d6.pdf\">Decreto Presidencial n.\u00ba 121\/20 de 27 de Abril Regulamento de Avalia\u00e7\u00e3o de Desempenho do Docente do Subsistema de Ensino superior<\/a><\/li>\n\n\n\n<li><a href=\"https:\/\/sys.portais.gov.ao\/uploads\/32decret_1_89859970866d5a6bdc8647_3dd47e0bc2.pdf\">Decreto Presidencial n.\u00ba 310\/20 Establece  o Regime Jur\u00eddico do Subsistema de Ensino superior<\/a><\/li>\n\n\n\n<li><a href=\"https:\/\/sys.portais.gov.ao\/uploads\/35decret_1_162325786166d85f3a02787_daa86226d0.pdf\">Decreto Presidencial n.\u00ba 256\/21 de 21 de Outubro Establece  o Paradigma de Organiza\u00e7\u00e3o dos servi\u00e7os das Institui\u00e7\u00f3es de Ensino Superior P\u00fablicas<\/a><\/li>\n\n\n\n<li><a href=\"https:\/\/sys.portais.gov.ao\/uploads\/8_de_337_22_de_10_de_agosto_regras_e_procedimentos_para_a_criacao_e_licenciamento_de_ies_e_cursos_de_graduacao_e_pos_graduacao_20512091836352f48a48476_3e05bba7b5.pdf\">Decreto Executivo n.\u00b0 337\/22 &#8211; Aprova o Regulamento que estabelece as regras e os procedimentos para a cria\u00e7\u00e3o e o licenciamento de Institui\u00e7\u00f5es de Ensino Superior e para a cria\u00e7\u00e3o de Cursos de Gradua\u00e7\u00e3o e P\u00f3s-Gradua\u00e7\u00e3o no Subsistema de Ensino Superior.<\/a><\/li>\n\n\n\n<li><a href=\"https:\/\/sys.portais.gov.ao\/uploads\/26dp_124_20_de_4_de_maio_regulamento_geral_de_propinas_e_emolumentos_no_subsistema_de_ensino_superior_14399938806012bc8ba9036_b6f9300d3d.pdf\">Decreto Presidencial n.\u00ba 124\/20 &#8211; Aprova o Regulamento sobre Propinas, Taxas e Emolumentos das Institui\u00e7\u00f5es P\u00fablicas de Ensino Superior.<\/a><\/li>\n\n\n\n<li><a href=\"https:\/\/isuppa.com\/biblioteca\/wp-content\/uploads\/2025\/05\/Decreto-Presidencial-n.\u00b0-220_20-de-27-de-Agosto.pdf\">Decreto Presidencial n.\u00b0 220\/20 &#8211; aprova o Estatuto Org\u00e2nico do Minist\u00e9rio da Administra\u00e7\u00e3o P\u00fablica, Trabalho e Seguran\u00e7a Social.<\/a><\/li>\n\n\n\n<li><a href=\"https:\/\/sys.portais.gov.ao\/uploads\/27dp_239_20_de_25_de_setembro_regulamento_do_regime_de_contratacao_do_pessoal_docente_especialmente_contratado_das_ies_10991067316012bde1cf834_aa4e4ea30c.pdf\">Decreto Presidencial n.\u00b0 239\/20 &#8216;Regulamento que estabelece o Regime de Contrata\u00e7\u00e3o do Pessoal para o Exercicio da Actividade Docente nas Institui\u00e7\u00f5es P\u00fablicas de Ensino Superior.<\/a><\/li>\n\n\n\n<li><a href=\"https:\/\/sys.portais.gov.ao\/uploads\/12regulamento_geral_de_acesso_ao_ensino_superior_73246635863238a339f018_compressed_794759fa50.pdf\">Decreto Presidencial n.\u00ba5\/19 -Aprova o regulamento geral de  Acesso a um Ensino Superior.<\/a><\/li>\n\n\n\n<li><a href=\"https:\/\/estudo-ares.cplp.org\/sites\/default\/files\/Dec_Presid_203_18_de_30_de_Agosto.pdf\">Decreto Presidencial n.\u00b0 203\/18 de 30 de Agosto &#8211; Estabelece o Regime Jur\u00eddico da Avalia\u00e7\u00e3o e Acredita\u00e7\u00e3o da Qualidade das Institui\u00e7\u00f5es de Ensino Superior<\/a><\/li>\n\n\n\n<li><a href=\"https:\/\/sys.portais.gov.ao\/uploads\/14dp_273_20_de_21_de_outubro_regime_juridico_da_formacao_inicial_de_educadores_de_infancia_de_professores_do_ensino_primario_e_secundario_41121876463237dd7c1c22_compressed_47763aa276.pdf\">Decreto Presidencial n.\u00ba 273\/20 de 21 de Outubro &#8211; Regime Jur\u00eddico da Forma\u00e7\u00e3o Inicial de Educadores de Inf\u00e2ncia, de Professores  do Ensino Prim\u00e1rio e de Professores  do Ensino Secund\u00e1rio<\/a><\/li>\n\n\n\n<li>D<a href=\"https:\/\/sys.portais.gov.ao\/uploads\/38decret_1_190060648766d9a512b57da_93df657d9e.pdf\">ecreto Executivo n\u00ba 140\/21, de 1 de Junho -Regulamento da Prova P\u00fablica de Aptid\u00e3o Pedag\u00f3gica e Cient\u00edfica para o provimento nas categorias de Assistente, Professor Auxiliar, Professor Associado e Professor Catedr\u00e1tico da Carreira Docente do Ensino Superior.&nbsp;<\/a><\/li>\n\n\n\n<li><a href=\"https:\/\/sys.portais.gov.ao\/uploads\/19dp_59_20_de_03_de_marco_ensino_a_distancia_11789899916012b7fe13b78_1d9d4bb811.pdf\">Decreto Presidencial n.\u00ba 59\/20 de 3 de Marco &#8211; Regulamento das Modalidades de Ensino Dist\u00e2ncia e Semi-Presencial no Subsistema de Ensino Superior.<\/a><\/li>\n\n\n\n<li><a href=\"https:\/\/isuppa.com\/biblioteca\/wp-content\/uploads\/2025\/05\/D_P_222-13.pdf\">Decreto Presidencial n.\u00ba 222-13 \u2013 Pol\u00edtica Nacional para Igualdade e Equidade de G\u00e9nero<\/a> <\/li>\n\n\n\n<li><a href=\"https:\/\/isuppa.com\/biblioteca\/wp-content\/uploads\/2025\/06\/D.P.168_12_24_julho_presidente-da-republica_Cria_ISUP.pdf\">Decreto Presidencial n.\u00ba 168\/12 &#8211; Cria\u00e7\u00e3o do ISUP<\/a><\/li>\n\n\n\n<li><a href=\"https:\/\/www.ucm.minfin.gov.ao\/cs\/groups\/public\/documents\/document\/aw4x\/mjgx\/~edisp\/minfin1281020.pdf\">Decreto Executino n.\u00ba 197\/16 &#8211; Aprova\u00e7\u00e3o dos 10 Cursos do ISUP<\/a><\/li>\n\n\n\n<li><a href=\"https:\/\/isuppa.com\/biblioteca\/wp-content\/uploads\/2025\/06\/D.P.121_20_de_27-Abril_Regulamento_Avaliacao_Desempenho_Docente_IESpdf.pdf\">Decreto Presidencial n.\u00ba 121\/20- Regulamento de Avaliacao do Desempenho dos Docentes IES<\/a><\/li>\n\n\n\n<li><a href=\"https:\/\/conselhoconsultivominsa.gov.ao\/wp-content\/uploads\/2024\/06\/DP%20n.%C2%B0%20122_24%20-%20Plano%20de%20Desenvolvimento%20Capital%20Humano%20-%20Malulo%E2%80%99s%20library.pdf\">Plano Nacional de Desenvolvimento do Capital Humano (\u00abACH 2023-2037\u00bb) aprovado pelo Decreto Presidencial n.\u00ba 122\/24, de 5 de Junho<\/a><\/li>\n<\/ul>\n\n\n\n<p><\/p>\n","protected":false},"excerpt":{"rendered":"","protected":false},"author":1,"featured_media":0,"parent":0,"menu_order":0,"comment_status":"closed","ping_status":"closed","template":"","meta":{"footnotes":""},"_links":{"self":[{"href":"https:\/\/isuppa.com\/biblioteca\/index.php\/wp-json\/wp\/v2\/pages\/1322"}],"collection":[{"href":"https:\/\/isuppa.com\/biblioteca\/index.php\/wp-json\/wp\/v2\/pages"}],"about":[{"href":"https:\/\/isuppa.com\/biblioteca\/index.php\/wp-json\/wp\/v2\/types\/page"}],"author":[{"embeddable":true,"href":"https:\/\/isuppa.com\/biblioteca\/index.php\/wp-json\/wp\/v2\/users\/1"}],"replies":[{"embeddable":true,"href":"https:\/\/isuppa.com\/biblioteca\/index.php\/wp-json\/wp\/v2\/comments?post=1322"}],"version-history":[{"count":8,"href":"https:\/\/isuppa.com\/biblioteca\/index.php\/wp-json\/wp\/v2\/pages\/1322\/revisions"}],"predecessor-version":[{"id":2172,"href":"https:\/\/isuppa.com\/biblioteca\/index.php\/wp-json\/wp\/v2\/pages\/1322\/revisions\/2172"}],"wp:attachment":[{"href":"https:\/\/isuppa.com\/biblioteca\/index.php\/wp-json\/wp\/v2\/media?parent=1322"}],"curies":[{"name":"wp","href":"https:\/\/api.w.org\/{rel}","templated":true}]}}