{"id":138,"date":"2023-10-15T16:39:28","date_gmt":"2023-10-15T16:39:28","guid":{"rendered":"https:\/\/isuppa.com\/biblioteca\/?page_id=138"},"modified":"2024-12-16T18:45:07","modified_gmt":"2024-12-16T18:45:07","slug":"programacao-iii-web","status":"publish","type":"page","link":"https:\/\/isuppa.com\/biblioteca\/index.php\/programacao-iii-web\/","title":{"rendered":"Programa\u00e7\u00e3o III (WEB)"},"content":{"rendered":"\n<p><a href=\"https:\/\/isuppa.com\/biblioteca\/wp-content\/uploads\/2023\/10\/DCT_EI_0205_LFA_Core-Web-Programming-Marty-Hall-Larry-Brown-Google-Livros.html\">Core Web Programming<\/a><\/p>\n\n\n\n<p><a href=\"https:\/\/www.scielo.br\/j\/ccedes\/a\/BLbqJ3HLqnc8WsxtDypsVkB\/?lang=pt\">e3_Bipes: Programa\u00e7\u00e3o para Despositivos electronicos<\/a><\/p>\n\n\n\n<p><a href=\"https:\/\/repositorio-aberto.up.pt\/bitstream\/10216\/618\/2\/41116.pdf\">e3_Conceito base as tecnicas de programa\u00e7\u00e3o com HTML<\/a><\/p>\n\n\n\n<p><a href=\"http:\/\/dspace.sti.ufcg.edu.br:8080\/xmlui\/handle\/riufcg\/24999\">e3_Estudo comparativo entre frameworks frontend<\/a><\/p>\n\n\n\n<p>e3_<a href=\"https:\/\/proedu.rnp.br\/bitstream\/handle\/123456789\/612\/Introducao_Programacao_web_PB_marcadecorte.pdf?sequence=6&amp;isAllowed=y\">programa\u00e7\u00e3o web<\/a><\/p>\n\n\n\n<p><a href=\"https:\/\/isuppa.com\/biblioteca\/wp-content\/uploads\/2023\/10\/DCT_EI_0205_LFA_Fundamentos-de-texto-en-HTML-Aprende-sobre-desarrollo-web-_-MDN.html\">Fundamentos de Texto em HTML<\/a><\/p>\n\n\n\n<p><a href=\"https:\/\/isuppa.com\/biblioteca\/wp-content\/uploads\/2023\/10\/DCT_EI_0205_PIII_Curso-de-HTML.pdf\">Curso de HTML<\/a><\/p>\n","protected":false},"excerpt":{"rendered":"<p>Core Web Programming e3_Bipes: Programa\u00e7\u00e3o para Despositivos electronicos e3_Conceito base as tecnicas de programa\u00e7\u00e3o com HTML e3_Estudo comparativo entre frameworks frontend e3_programa\u00e7\u00e3o web Fundamentos de Texto em HTML Curso de HTML<\/p>\n","protected":false},"author":1,"featured_media":0,"parent":0,"menu_order":0,"comment_status":"closed","ping_status":"closed","template":"","meta":{"footnotes":""},"_links":{"self":[{"href":"https:\/\/isuppa.com\/biblioteca\/index.php\/wp-json\/wp\/v2\/pages\/138"}],"collection":[{"href":"https:\/\/isuppa.com\/biblioteca\/index.php\/wp-json\/wp\/v2\/pages"}],"about":[{"href":"https:\/\/isuppa.com\/biblioteca\/index.php\/wp-json\/wp\/v2\/types\/page"}],"author":[{"embeddable":true,"href":"https:\/\/isuppa.com\/biblioteca\/index.php\/wp-json\/wp\/v2\/users\/1"}],"replies":[{"embeddable":true,"href":"https:\/\/isuppa.com\/biblioteca\/index.php\/wp-json\/wp\/v2\/comments?post=138"}],"version-history":[{"count":6,"href":"https:\/\/isuppa.com\/biblioteca\/index.php\/wp-json\/wp\/v2\/pages\/138\/revisions"}],"predecessor-version":[{"id":1236,"href":"https:\/\/isuppa.com\/biblioteca\/index.php\/wp-json\/wp\/v2\/pages\/138\/revisions\/1236"}],"wp:attachment":[{"href":"https:\/\/isuppa.com\/biblioteca\/index.php\/wp-json\/wp\/v2\/media?parent=138"}],"curies":[{"name":"wp","href":"https:\/\/api.w.org\/{rel}","templated":true}]}}