{"id":1448,"date":"2025-06-13T12:27:31","date_gmt":"2025-06-13T12:27:31","guid":{"rendered":"https:\/\/isuppa.com\/biblioteca\/?page_id=1448"},"modified":"2025-06-14T09:35:54","modified_gmt":"2025-06-14T09:35:54","slug":"2-6-4","status":"publish","type":"page","link":"https:\/\/isuppa.com\/biblioteca\/index.php\/2-6-4\/","title":{"rendered":"2.6.4 Procedimentos e instrumentos para a recolha de informa\u00e7\u00e3o e avalia\u00e7\u00e3o peri\u00f3dica do Curso e\/ou programa"},"content":{"rendered":"\n<p><a href=\"https:\/\/docs.google.com\/forms\/d\/1SbvPZVyerIALmcw-lXpo4qzJk71NJYgadWmnbcriRn0\">Link dos Inqu\u00e9ritos<\/a><br><a href=\"https:\/\/isuppa.com\/biblioteca\/wp-content\/uploads\/2025\/06\/2.6.4-EVID.pdf\">Inqu\u00e9ritos Estudantes<\/a><\/p>\n\n\n\n<p><a href=\"https:\/\/isuppa.com\/biblioteca\/wp-content\/uploads\/2025\/06\/evid-2.6.4.pdf\">Inqu\u00e9ritos PTA<\/a><\/p>\n\n\n\n<p><a href=\"https:\/\/isuppa.com\/biblioteca\/wp-content\/uploads\/2025\/06\/2.6.4inquerito.pdf\">Inqu\u00e9rito dos Coordenadores<\/a><\/p>\n","protected":false},"excerpt":{"rendered":"<p>Link dos Inqu\u00e9ritosInqu\u00e9ritos Estudantes Inqu\u00e9ritos PTA Inqu\u00e9rito dos Coordenadores<\/p>\n","protected":false},"author":1,"featured_media":0,"parent":0,"menu_order":0,"comment_status":"closed","ping_status":"closed","template":"","meta":{"footnotes":""},"_links":{"self":[{"href":"https:\/\/isuppa.com\/biblioteca\/index.php\/wp-json\/wp\/v2\/pages\/1448"}],"collection":[{"href":"https:\/\/isuppa.com\/biblioteca\/index.php\/wp-json\/wp\/v2\/pages"}],"about":[{"href":"https:\/\/isuppa.com\/biblioteca\/index.php\/wp-json\/wp\/v2\/types\/page"}],"author":[{"embeddable":true,"href":"https:\/\/isuppa.com\/biblioteca\/index.php\/wp-json\/wp\/v2\/users\/1"}],"replies":[{"embeddable":true,"href":"https:\/\/isuppa.com\/biblioteca\/index.php\/wp-json\/wp\/v2\/comments?post=1448"}],"version-history":[{"count":4,"href":"https:\/\/isuppa.com\/biblioteca\/index.php\/wp-json\/wp\/v2\/pages\/1448\/revisions"}],"predecessor-version":[{"id":1513,"href":"https:\/\/isuppa.com\/biblioteca\/index.php\/wp-json\/wp\/v2\/pages\/1448\/revisions\/1513"}],"wp:attachment":[{"href":"https:\/\/isuppa.com\/biblioteca\/index.php\/wp-json\/wp\/v2\/media?parent=1448"}],"curies":[{"name":"wp","href":"https:\/\/api.w.org\/{rel}","templated":true}]}}