{"id":151,"date":"2023-10-15T22:29:12","date_gmt":"2023-10-15T22:29:12","guid":{"rendered":"https:\/\/isuppa.com\/biblioteca\/?page_id=151"},"modified":"2023-10-15T22:29:13","modified_gmt":"2023-10-15T22:29:13","slug":"criptografia-e-seguranca","status":"publish","type":"page","link":"https:\/\/isuppa.com\/biblioteca\/index.php\/criptografia-e-seguranca\/","title":{"rendered":"Criptografia e Seguran\u00e7a"},"content":{"rendered":"\n<p><a href=\"https:\/\/isuppa.com\/biblioteca\/wp-content\/uploads\/2023\/10\/DCT_EI_0306_CS_Fundamentos-de-seguranca-da-informacao_-com-base-na-ISO-27001-e-na-ISO-2700-1.pdf\">Fundamentos de Seguran\u00e7a da Informa\u00e7\u00e3o<\/a><\/p>\n\n\n\n<p><a href=\"https:\/\/isuppa.com\/biblioteca\/wp-content\/uploads\/2023\/10\/DCT_EI_0306_CS_Gestao-de-seguranca-da-informacao_-visao-executiva-da-seguranca-da-informacao_-aplicada-ao-security-officer-PDFDrive-.pdf\">Gest\u00e3o de seguran\u00e7a da informa\u00e7\u00e3o<\/a><\/p>\n\n\n\n<p><a href=\"https:\/\/isuppa.com\/biblioteca\/wp-content\/uploads\/2023\/10\/DCT_EI_0306_CS_introducao-a-seguranca-informatica-PDFDrive-.pdf\">Introdu\u00e7\u00e3o \u00e0 Seguran\u00e7a Inform\u00e1tica<\/a><\/p>\n\n\n\n<p><a href=\"https:\/\/isuppa.com\/biblioteca\/wp-content\/uploads\/2023\/10\/DCT_EI_0306_CS_Seguranca-da-informacao-e-de-redes-PDFDrive-1.pdf\">Seguran\u00e7a da Informa\u00e7\u00e3o e de Redes<\/a><\/p>\n\n\n\n<p><a href=\"https:\/\/isuppa.com\/biblioteca\/wp-content\/uploads\/2023\/10\/DCT_EI_0306_CS_Sistema-de-Seguranca-da-Informacao.pdf\">Sistema de Seguran\u00e7a da Informa\u00e7\u00e3o<\/a><\/p>\n\n\n\n<p><a href=\"https:\/\/isuppa.com\/biblioteca\/wp-content\/uploads\/2023\/10\/DCT_EI_0306_CS_Sistemas-de-informacao-em-seguranca-PDFDrive-.pdf\">Sistemas de Informa\u00e7\u00e3o em Seguran\u00e7a<\/a><\/p>\n\n\n\n<p><a href=\"https:\/\/isuppa.com\/biblioteca\/wp-content\/uploads\/2023\/10\/DCT_EI_0306_Introducao-a-Criptografia.pdf\">Introdu\u00e7\u00e3o \u00e0 Criptografia<\/a><\/p>\n","protected":false},"excerpt":{"rendered":"<p>Fundamentos de Seguran\u00e7a da Informa\u00e7\u00e3o Gest\u00e3o de seguran\u00e7a da informa\u00e7\u00e3o Introdu\u00e7\u00e3o \u00e0 Seguran\u00e7a Inform\u00e1tica Seguran\u00e7a da Informa\u00e7\u00e3o e de Redes Sistema de Seguran\u00e7a da Informa\u00e7\u00e3o Sistemas de Informa\u00e7\u00e3o em Seguran\u00e7a Introdu\u00e7\u00e3o \u00e0 Criptografia<\/p>\n","protected":false},"author":1,"featured_media":0,"parent":0,"menu_order":0,"comment_status":"closed","ping_status":"closed","template":"","meta":{"footnotes":""},"_links":{"self":[{"href":"https:\/\/isuppa.com\/biblioteca\/index.php\/wp-json\/wp\/v2\/pages\/151"}],"collection":[{"href":"https:\/\/isuppa.com\/biblioteca\/index.php\/wp-json\/wp\/v2\/pages"}],"about":[{"href":"https:\/\/isuppa.com\/biblioteca\/index.php\/wp-json\/wp\/v2\/types\/page"}],"author":[{"embeddable":true,"href":"https:\/\/isuppa.com\/biblioteca\/index.php\/wp-json\/wp\/v2\/users\/1"}],"replies":[{"embeddable":true,"href":"https:\/\/isuppa.com\/biblioteca\/index.php\/wp-json\/wp\/v2\/comments?post=151"}],"version-history":[{"count":1,"href":"https:\/\/isuppa.com\/biblioteca\/index.php\/wp-json\/wp\/v2\/pages\/151\/revisions"}],"predecessor-version":[{"id":160,"href":"https:\/\/isuppa.com\/biblioteca\/index.php\/wp-json\/wp\/v2\/pages\/151\/revisions\/160"}],"wp:attachment":[{"href":"https:\/\/isuppa.com\/biblioteca\/index.php\/wp-json\/wp\/v2\/media?parent=151"}],"curies":[{"name":"wp","href":"https:\/\/api.w.org\/{rel}","templated":true}]}}