{"id":1597,"date":"2025-06-17T12:20:30","date_gmt":"2025-06-17T12:20:30","guid":{"rendered":"https:\/\/isuppa.com\/biblioteca\/?page_id=1597"},"modified":"2025-07-12T09:37:10","modified_gmt":"2025-07-12T09:37:10","slug":"palestras","status":"publish","type":"page","link":"https:\/\/isuppa.com\/biblioteca\/index.php\/palestras\/","title":{"rendered":"Palestras"},"content":{"rendered":"\n<p><a href=\"https:\/\/youtu.be\/L7-0hTlxMPg\">ONU-SIDA \/ ISUP<\/a><\/p>\n\n\n\n<p><a href=\"https:\/\/isuppa.com\/biblioteca\/wp-content\/uploads\/2025\/05\/evid-7.2.10.pdf\">AIESPA<\/a><\/p>\n\n\n\n<p><a href=\"https:\/\/youtu.be\/dU4g6-XH0gM\">C\u00f3lera<\/a><\/p>\n\n\n\n<p><a href=\"https:\/\/isuppa.com\/biblioteca\/wp-content\/uploads\/2025\/06\/Patrimonio-de-Porto-Amboim-Maio-2025.pdf\">Patrimonio (Porto Amboim)<\/a><\/p>\n\n\n\n<p><a href=\"https:\/\/isuppa.com\/biblioteca\/wp-content\/uploads\/2025\/06\/AS-ESPECIES-VEGETAIS-E-A-SUA-UTILIZACAO-NA-MEDICINA-4-Maio-2025.pdf\">As esp\u00e9cies vegetais e o seu uso na Medicina<\/a><\/p>\n\n\n\n<p><a href=\"https:\/\/isuppa.com\/biblioteca\/wp-content\/uploads\/2025\/06\/Justica-Isup-Maio-2025.pdf\">Da Justi\u00e7a dos Deuses \u00e0 Justi\u00e7a dos Homens<\/a><\/p>\n\n\n\n<p><a href=\"https:\/\/isuppa.com\/biblioteca\/wp-content\/uploads\/2025\/06\/O-pilao.pdf\">O Pil\u00e3o<\/a><\/p>\n\n\n\n<p><a href=\"https:\/\/isuppa.com\/biblioteca\/wp-content\/uploads\/2025\/06\/A-origem-da-catana.pdf\">A Origem da Catana<\/a><\/p>\n","protected":false},"excerpt":{"rendered":"<p>ONU-SIDA \/ ISUP AIESPA C\u00f3lera Patrimonio (Porto Amboim) As esp\u00e9cies vegetais e o seu uso na Medicina Da Justi\u00e7a dos Deuses \u00e0 Justi\u00e7a dos Homens O Pil\u00e3o A Origem da Catana<\/p>\n","protected":false},"author":1,"featured_media":0,"parent":0,"menu_order":0,"comment_status":"closed","ping_status":"closed","template":"","meta":{"footnotes":""},"_links":{"self":[{"href":"https:\/\/isuppa.com\/biblioteca\/index.php\/wp-json\/wp\/v2\/pages\/1597"}],"collection":[{"href":"https:\/\/isuppa.com\/biblioteca\/index.php\/wp-json\/wp\/v2\/pages"}],"about":[{"href":"https:\/\/isuppa.com\/biblioteca\/index.php\/wp-json\/wp\/v2\/types\/page"}],"author":[{"embeddable":true,"href":"https:\/\/isuppa.com\/biblioteca\/index.php\/wp-json\/wp\/v2\/users\/1"}],"replies":[{"embeddable":true,"href":"https:\/\/isuppa.com\/biblioteca\/index.php\/wp-json\/wp\/v2\/comments?post=1597"}],"version-history":[{"count":4,"href":"https:\/\/isuppa.com\/biblioteca\/index.php\/wp-json\/wp\/v2\/pages\/1597\/revisions"}],"predecessor-version":[{"id":2257,"href":"https:\/\/isuppa.com\/biblioteca\/index.php\/wp-json\/wp\/v2\/pages\/1597\/revisions\/2257"}],"wp:attachment":[{"href":"https:\/\/isuppa.com\/biblioteca\/index.php\/wp-json\/wp\/v2\/media?parent=1597"}],"curies":[{"name":"wp","href":"https:\/\/api.w.org\/{rel}","templated":true}]}}