{"id":165,"date":"2023-10-15T22:50:14","date_gmt":"2023-10-15T22:50:14","guid":{"rendered":"https:\/\/isuppa.com\/biblioteca\/?page_id=165"},"modified":"2023-10-15T22:50:14","modified_gmt":"2023-10-15T22:50:14","slug":"electiva-ii-2-sistema-de-apoio-a-tomada-de-decisoes","status":"publish","type":"page","link":"https:\/\/isuppa.com\/biblioteca\/index.php\/electiva-ii-2-sistema-de-apoio-a-tomada-de-decisoes\/","title":{"rendered":"Electiva II (2. Sistema de Apoio \u00e0 Tomada de Decis\u00f5es)"},"content":{"rendered":"\n<p><a href=\"https:\/\/isuppa.com\/biblioteca\/wp-content\/uploads\/2023\/10\/DCT_EI_0306_E_SATD_Business-Intelligence-Guia-Definitivo.pdf\">Business Intelligence &#8211; Guia Definitivo<\/a><\/p>\n\n\n\n<p><a href=\"https:\/\/isuppa.com\/biblioteca\/wp-content\/uploads\/2023\/10\/DCT_EI_0306_E_SATD_Organizacao-Processos-e-Tomadas-de-Decisao.pdf\">Organiza\u00e7\u00e3o Processos &#8211; Tomadas de Decis\u00e3o<\/a><\/p>\n\n\n\n<p><a href=\"https:\/\/isuppa.com\/biblioteca\/wp-content\/uploads\/2023\/10\/DCT_EI_0306_E_SATD_sistema-informacao_3ed.pdf\">Sistema Informa\u00e7\u00e3o<\/a><\/p>\n\n\n\n<p><a href=\"https:\/\/isuppa.com\/biblioteca\/wp-content\/uploads\/2023\/10\/DCT_EI_0306_E_SATD_Sistemas-de-Informacao-para-Apoio-a-Tomada-de-Decisao.pdf\">Sistemas de Informa\u00e7\u00e3o para Apoio a Tomada de Decis\u00e3o<\/a><\/p>\n","protected":false},"excerpt":{"rendered":"<p>Business Intelligence &#8211; Guia Definitivo Organiza\u00e7\u00e3o Processos &#8211; Tomadas de Decis\u00e3o Sistema Informa\u00e7\u00e3o Sistemas de Informa\u00e7\u00e3o para Apoio a Tomada de Decis\u00e3o<\/p>\n","protected":false},"author":1,"featured_media":0,"parent":0,"menu_order":0,"comment_status":"closed","ping_status":"closed","template":"","meta":{"footnotes":""},"_links":{"self":[{"href":"https:\/\/isuppa.com\/biblioteca\/index.php\/wp-json\/wp\/v2\/pages\/165"}],"collection":[{"href":"https:\/\/isuppa.com\/biblioteca\/index.php\/wp-json\/wp\/v2\/pages"}],"about":[{"href":"https:\/\/isuppa.com\/biblioteca\/index.php\/wp-json\/wp\/v2\/types\/page"}],"author":[{"embeddable":true,"href":"https:\/\/isuppa.com\/biblioteca\/index.php\/wp-json\/wp\/v2\/users\/1"}],"replies":[{"embeddable":true,"href":"https:\/\/isuppa.com\/biblioteca\/index.php\/wp-json\/wp\/v2\/comments?post=165"}],"version-history":[{"count":1,"href":"https:\/\/isuppa.com\/biblioteca\/index.php\/wp-json\/wp\/v2\/pages\/165\/revisions"}],"predecessor-version":[{"id":170,"href":"https:\/\/isuppa.com\/biblioteca\/index.php\/wp-json\/wp\/v2\/pages\/165\/revisions\/170"}],"wp:attachment":[{"href":"https:\/\/isuppa.com\/biblioteca\/index.php\/wp-json\/wp\/v2\/media?parent=165"}],"curies":[{"name":"wp","href":"https:\/\/api.w.org\/{rel}","templated":true}]}}