{"id":1668,"date":"2025-06-17T15:17:09","date_gmt":"2025-06-17T15:17:09","guid":{"rendered":"https:\/\/isuppa.com\/biblioteca\/?page_id=1668"},"modified":"2025-06-17T15:17:10","modified_gmt":"2025-06-17T15:17:10","slug":"inteligenciaartificial","status":"publish","type":"page","link":"https:\/\/isuppa.com\/biblioteca\/index.php\/inteligenciaartificial\/","title":{"rendered":"INTELIG\u00caNCIAARTIFICIAL"},"content":{"rendered":"\n<p><a href=\"https:\/\/cm-kls-content.s3.amazonaws.com\/201802\/INTERATIVAS_2_0\/INTELIGENCIA_ARTIFICIAL\/U1\/LIVRO_UNICO.pdf\">Intelig\u00eancia Artificial (Ruy Fl\u00e1vio de Oliveira)<\/a><\/p>\n\n\n\n<p><a href=\"https:\/\/www.kufunda.net\/publicdocs\/Intelig%C3%AAncia%20artificial%20(Kai-Fu%20Lee).pdf\">INTELIG\u00caNCIA ARTIFICIAL &#8211; Como os rob\u00f4s est\u00e3o mudando o mundo, a forma como amamos, nos relacionamos, trabalhamos e vivemos<\/a> (KAI-FU LEE)<\/p>\n\n\n\n<p><a href=\"https:\/\/www.uece.br\/cct\/wp-content\/uploads\/sites\/28\/2021\/07\/Intelige%CC%82ncia-Artificial.pdf\">INTELIG\u00caNCIA ARTIFICIAL (Vinicius Ponte Machado)<\/a><\/p>\n\n\n\n<p><a href=\"https:\/\/labirintodosaber.com.br\/wp-content\/uploads\/2023\/07\/inteligencia-artificial.pdf\">INTELIG\u00caNCIA ARTIFICIAL &#8211; E SUAS APLICA\u00c7\u00d5ES INTERDISCIPLINARES<\/a><\/p>\n","protected":false},"excerpt":{"rendered":"<p>Intelig\u00eancia Artificial (Ruy Fl\u00e1vio de Oliveira) INTELIG\u00caNCIA ARTIFICIAL &#8211; Como os rob\u00f4s est\u00e3o mudando o mundo, a forma como amamos, nos relacionamos, trabalhamos e vivemos (KAI-FU LEE) INTELIG\u00caNCIA ARTIFICIAL (Vinicius Ponte Machado) INTELIG\u00caNCIA ARTIFICIAL &#8211; E SUAS APLICA\u00c7\u00d5ES INTERDISCIPLINARES<\/p>\n","protected":false},"author":1,"featured_media":0,"parent":0,"menu_order":0,"comment_status":"closed","ping_status":"closed","template":"","meta":{"footnotes":""},"_links":{"self":[{"href":"https:\/\/isuppa.com\/biblioteca\/index.php\/wp-json\/wp\/v2\/pages\/1668"}],"collection":[{"href":"https:\/\/isuppa.com\/biblioteca\/index.php\/wp-json\/wp\/v2\/pages"}],"about":[{"href":"https:\/\/isuppa.com\/biblioteca\/index.php\/wp-json\/wp\/v2\/types\/page"}],"author":[{"embeddable":true,"href":"https:\/\/isuppa.com\/biblioteca\/index.php\/wp-json\/wp\/v2\/users\/1"}],"replies":[{"embeddable":true,"href":"https:\/\/isuppa.com\/biblioteca\/index.php\/wp-json\/wp\/v2\/comments?post=1668"}],"version-history":[{"count":1,"href":"https:\/\/isuppa.com\/biblioteca\/index.php\/wp-json\/wp\/v2\/pages\/1668\/revisions"}],"predecessor-version":[{"id":1673,"href":"https:\/\/isuppa.com\/biblioteca\/index.php\/wp-json\/wp\/v2\/pages\/1668\/revisions\/1673"}],"wp:attachment":[{"href":"https:\/\/isuppa.com\/biblioteca\/index.php\/wp-json\/wp\/v2\/media?parent=1668"}],"curies":[{"name":"wp","href":"https:\/\/api.w.org\/{rel}","templated":true}]}}