{"id":1683,"date":"2025-06-17T15:43:09","date_gmt":"2025-06-17T15:43:09","guid":{"rendered":"https:\/\/isuppa.com\/biblioteca\/?page_id=1683"},"modified":"2025-06-17T15:43:10","modified_gmt":"2025-06-17T15:43:10","slug":"logica-matematica","status":"publish","type":"page","link":"https:\/\/isuppa.com\/biblioteca\/index.php\/logica-matematica\/","title":{"rendered":"L\u00f3gica Matem\u00e1tica"},"content":{"rendered":"\n<p><a href=\"https:\/\/www.ime.usp.br\/~matweb\/0349\/Cap-1-5.pdf\">Introdu\u00e7\u00e3o \u00e0 L\u00f3gica Matem\u00e1tica (Ricardo Bianconi)<\/a><\/p>\n\n\n\n<p><a href=\"https:\/\/professoresdematematica.com.br\/wa_files\/licenciatura_computacao_logica_matemtica.pdf\">L\u00d3GICA MATEM\u00c1TICA (Cristiano Bertolini, Guilherme Bernardino da Cunha &amp; Patricia Rodrigues Fortes)<\/a><\/p>\n\n\n\n<p><a href=\"https:\/\/s3.amazonaws.com\/cm-kls-content\/201601\/INTERATIVAS_2_0\/RACIOCINIO_LOGICO_MATEMATICO\/U1\/LIVRO_UNICO.pdf\">Racioc\u00ednio l\u00f3gico matem\u00e1tico (Vagner Luis Zanin)<\/a><\/p>\n","protected":false},"excerpt":{"rendered":"<p>Introdu\u00e7\u00e3o \u00e0 L\u00f3gica Matem\u00e1tica (Ricardo Bianconi) L\u00d3GICA MATEM\u00c1TICA (Cristiano Bertolini, Guilherme Bernardino da Cunha &amp; Patricia Rodrigues Fortes) Racioc\u00ednio l\u00f3gico matem\u00e1tico (Vagner Luis Zanin)<\/p>\n","protected":false},"author":1,"featured_media":0,"parent":0,"menu_order":0,"comment_status":"closed","ping_status":"closed","template":"","meta":{"footnotes":""},"_links":{"self":[{"href":"https:\/\/isuppa.com\/biblioteca\/index.php\/wp-json\/wp\/v2\/pages\/1683"}],"collection":[{"href":"https:\/\/isuppa.com\/biblioteca\/index.php\/wp-json\/wp\/v2\/pages"}],"about":[{"href":"https:\/\/isuppa.com\/biblioteca\/index.php\/wp-json\/wp\/v2\/types\/page"}],"author":[{"embeddable":true,"href":"https:\/\/isuppa.com\/biblioteca\/index.php\/wp-json\/wp\/v2\/users\/1"}],"replies":[{"embeddable":true,"href":"https:\/\/isuppa.com\/biblioteca\/index.php\/wp-json\/wp\/v2\/comments?post=1683"}],"version-history":[{"count":1,"href":"https:\/\/isuppa.com\/biblioteca\/index.php\/wp-json\/wp\/v2\/pages\/1683\/revisions"}],"predecessor-version":[{"id":1684,"href":"https:\/\/isuppa.com\/biblioteca\/index.php\/wp-json\/wp\/v2\/pages\/1683\/revisions\/1684"}],"wp:attachment":[{"href":"https:\/\/isuppa.com\/biblioteca\/index.php\/wp-json\/wp\/v2\/media?parent=1683"}],"curies":[{"name":"wp","href":"https:\/\/api.w.org\/{rel}","templated":true}]}}