{"id":1705,"date":"2025-06-17T16:17:11","date_gmt":"2025-06-17T16:17:11","guid":{"rendered":"https:\/\/isuppa.com\/biblioteca\/?page_id=1705"},"modified":"2025-06-24T13:26:49","modified_gmt":"2025-06-24T13:26:49","slug":"fundamentos-de-engenharia-informatica","status":"publish","type":"page","link":"https:\/\/isuppa.com\/biblioteca\/index.php\/fundamentos-de-engenharia-informatica\/","title":{"rendered":"Fundamentos de Engenharia"},"content":{"rendered":"\n<p><a href=\"https:\/\/www.uece.br\/cct\/wp-content\/uploads\/sites\/28\/2021\/07\/Fundamentos-de-Engenharia-de-Software.pdf\">Fundamentos de Engenharia de Software<\/a><\/p>\n\n\n\n<p><a href=\"https:\/\/engeducs.wordpress.com\/wp-content\/uploads\/2011\/08\/introduc3a7c3a3o_a_engenharia_-_walter_antonio_bazzo_-_by_dvdcoper.pdf\">Bazzo, Walter Ant\u00f3nio. Introdu\u00e7\u00e3o \u00e0 engenharia: conceitos, ferramentas e comportamentos \/ Walter Ant\u00f3nio Bazzo, Luiz Teixeira do Vale Pereira. Florian\u00f3polis : Ed. da UFSC, 2006.<\/a><\/p>\n\n\n\n<p><a href=\"https:\/\/issuu.com\/cengagebrasil\/docs\/fundamentos_engenharia_iniciais_cap\">Fundamentos de Engenharia uma Introdu\u00e7\u00e3o<\/a><\/p>\n\n\n\n<p><a href=\"https:\/\/www.feevale.br\/Comum\/midias\/0163c988-1f5d-496f-b118-a6e009a7a2f9\/E-book%20Metodologia%20do%20Trabalho%20Cientifico.pdf\">Prodanov, Cleber Cristiano. Metodologia do trabalho cient\u00edfico [recurso eletr\u00f4nico] : m\u00e9todos e t\u00e9cnicas da pesquisa e do trabalho acad\u00eamico \/ Cleber Cristiano Prodanov, Ernani Cesar de Freitas. \u2013 2. ed. \u2013 Novo Hamburgo: Feevale, 2013.<\/a><\/p>\n\n\n\n<p><a href=\"https:\/\/archive.org\/details\/matematica-discreta-fundamentos-matematicos-para-computacao\/02.Aula+2+-+F%C3%B3rmula_Tautologia_Contrad.+(Parte+II+de+L%C3%B3gica)+-+Fundamentos+Matem%C3%A1ticos+para+Computa%C3%A7%C3%A3o.mp4\">Video Aula de L\u00f3gica<\/a><\/p>\n","protected":false},"excerpt":{"rendered":"<p>Fundamentos de Engenharia de Software Bazzo, Walter Ant\u00f3nio. Introdu\u00e7\u00e3o \u00e0 engenharia: conceitos, ferramentas e comportamentos \/ Walter Ant\u00f3nio Bazzo, Luiz Teixeira do Vale Pereira. Florian\u00f3polis : Ed. da UFSC, 2006. Fundamentos de Engenharia uma Introdu\u00e7\u00e3o Prodanov, Cleber Cristiano. Metodologia do trabalho cient\u00edfico [recurso eletr\u00f4nico] : m\u00e9todos e t\u00e9cnicas da pesquisa e do trabalho acad\u00eamico \/&hellip; <a class=\"more-link\" href=\"https:\/\/isuppa.com\/biblioteca\/index.php\/fundamentos-de-engenharia-informatica\/\">Continue reading <span class=\"screen-reader-text\">Fundamentos de Engenharia<\/span><\/a><\/p>\n","protected":false},"author":1,"featured_media":0,"parent":0,"menu_order":0,"comment_status":"closed","ping_status":"closed","template":"","meta":{"footnotes":""},"_links":{"self":[{"href":"https:\/\/isuppa.com\/biblioteca\/index.php\/wp-json\/wp\/v2\/pages\/1705"}],"collection":[{"href":"https:\/\/isuppa.com\/biblioteca\/index.php\/wp-json\/wp\/v2\/pages"}],"about":[{"href":"https:\/\/isuppa.com\/biblioteca\/index.php\/wp-json\/wp\/v2\/types\/page"}],"author":[{"embeddable":true,"href":"https:\/\/isuppa.com\/biblioteca\/index.php\/wp-json\/wp\/v2\/users\/1"}],"replies":[{"embeddable":true,"href":"https:\/\/isuppa.com\/biblioteca\/index.php\/wp-json\/wp\/v2\/comments?post=1705"}],"version-history":[{"count":5,"href":"https:\/\/isuppa.com\/biblioteca\/index.php\/wp-json\/wp\/v2\/pages\/1705\/revisions"}],"predecessor-version":[{"id":2014,"href":"https:\/\/isuppa.com\/biblioteca\/index.php\/wp-json\/wp\/v2\/pages\/1705\/revisions\/2014"}],"wp:attachment":[{"href":"https:\/\/isuppa.com\/biblioteca\/index.php\/wp-json\/wp\/v2\/media?parent=1705"}],"curies":[{"name":"wp","href":"https:\/\/api.w.org\/{rel}","templated":true}]}}