{"id":1738,"date":"2025-06-17T16:43:28","date_gmt":"2025-06-17T16:43:28","guid":{"rendered":"https:\/\/isuppa.com\/biblioteca\/?page_id=1738"},"modified":"2025-06-24T11:14:04","modified_gmt":"2025-06-24T11:14:04","slug":"algebra-linear-e-geometria-analitica","status":"publish","type":"page","link":"https:\/\/isuppa.com\/biblioteca\/index.php\/algebra-linear-e-geometria-analitica\/","title":{"rendered":"\u00c1lgebra Linear e Geometria Anal\u00edtica"},"content":{"rendered":"\n<p><a href=\"https:\/\/apontamentostsi.wordpress.com\/wp-content\/uploads\/2011\/09\/livro-c3a0lgebra-linear-e-geometria-analc3adtica-antc3b3nio-monteiro.pdf\">\u00c1lgebra Linear e Geometria Anal\u00edtica (ANT\u00d3NIO MONTEIRO)<\/a><\/p>\n\n\n\n<p><a href=\"https:\/\/silabas-e-desafios.pt\/wp-content\/uploads\/2018\/02\/ALGA_excerto.pdf\">\u00c1lgebra Linear e Geometria Anal\u00edtica (Maria da Gra\u00e7a Marcos)<\/a><\/p>\n\n\n\n<p><a href=\"https:\/\/aulasvirtuales.udistrital.edu.co\/pluginfile.php\/774403\/mod_resource\/content\/1\/%C3%81lgebra-Lineal-7ma-Edici%C3%B3n-Stanley-l-Grossman.pdf\">Algebra Lineal (Stanley I. Grossman S. &amp; Jos\u00e9 Job Flores Godoy &#8211; 7.\u00aa Edi\u00e7\u00e3o)<\/a><\/p>\n\n\n\n<p><a href=\"https:\/\/archive.org\/details\/AlgebraLinealStanleyGrossman5taEdicion\">Algebra Lineal Stanley Grossman 5ta Edicion<\/a><\/p>\n\n\n\n<p><a href=\"https:\/\/www.cs.buap.mx\/~sandoval\/ALAverano2013\/AlgebraLineal.pdf\">Algebra Lineal (Bernard Kolman &amp; David R. Hill &#8211; 8.\u00aa Edi\u00e7\u00e3o)<\/a><\/p>\n","protected":false},"excerpt":{"rendered":"<p>\u00c1lgebra Linear e Geometria Anal\u00edtica (ANT\u00d3NIO MONTEIRO) \u00c1lgebra Linear e Geometria Anal\u00edtica (Maria da Gra\u00e7a Marcos) Algebra Lineal (Stanley I. Grossman S. &amp; Jos\u00e9 Job Flores Godoy &#8211; 7.\u00aa Edi\u00e7\u00e3o) Algebra Lineal Stanley Grossman 5ta Edicion Algebra Lineal (Bernard Kolman &amp; David R. Hill &#8211; 8.\u00aa Edi\u00e7\u00e3o)<\/p>\n","protected":false},"author":1,"featured_media":0,"parent":0,"menu_order":0,"comment_status":"closed","ping_status":"closed","template":"","meta":{"footnotes":""},"_links":{"self":[{"href":"https:\/\/isuppa.com\/biblioteca\/index.php\/wp-json\/wp\/v2\/pages\/1738"}],"collection":[{"href":"https:\/\/isuppa.com\/biblioteca\/index.php\/wp-json\/wp\/v2\/pages"}],"about":[{"href":"https:\/\/isuppa.com\/biblioteca\/index.php\/wp-json\/wp\/v2\/types\/page"}],"author":[{"embeddable":true,"href":"https:\/\/isuppa.com\/biblioteca\/index.php\/wp-json\/wp\/v2\/users\/1"}],"replies":[{"embeddable":true,"href":"https:\/\/isuppa.com\/biblioteca\/index.php\/wp-json\/wp\/v2\/comments?post=1738"}],"version-history":[{"count":4,"href":"https:\/\/isuppa.com\/biblioteca\/index.php\/wp-json\/wp\/v2\/pages\/1738\/revisions"}],"predecessor-version":[{"id":1981,"href":"https:\/\/isuppa.com\/biblioteca\/index.php\/wp-json\/wp\/v2\/pages\/1738\/revisions\/1981"}],"wp:attachment":[{"href":"https:\/\/isuppa.com\/biblioteca\/index.php\/wp-json\/wp\/v2\/media?parent=1738"}],"curies":[{"name":"wp","href":"https:\/\/api.w.org\/{rel}","templated":true}]}}