{"id":1872,"date":"2025-06-21T10:24:11","date_gmt":"2025-06-21T10:24:11","guid":{"rendered":"https:\/\/isuppa.com\/biblioteca\/?page_id=1872"},"modified":"2025-06-27T15:12:01","modified_gmt":"2025-06-27T15:12:01","slug":"materiais-e-equipamentos-pta-no-local-de-trabalho","status":"publish","type":"page","link":"https:\/\/isuppa.com\/biblioteca\/index.php\/materiais-e-equipamentos-pta-no-local-de-trabalho\/","title":{"rendered":"Materiais e equipamentos  PTA no local de trabalho"},"content":{"rendered":"\n<p><a href=\"https:\/\/isuppa.com\/biblioteca\/wp-content\/uploads\/2025\/06\/6.5.2.1_PTA.jpeg\">Reuni\u00e3o Directivos PTA<\/a><\/p>\n\n\n\n<p><a href=\"https:\/\/isuppa.com\/biblioteca\/wp-content\/uploads\/2025\/06\/6.5.2.2_PTA.jpeg\">PTA do Departemento com professores do ISUP e Convidados<\/a><\/p>\n\n\n\n<p><a href=\"https:\/\/isuppa.com\/biblioteca\/wp-content\/uploads\/2025\/06\/PTA.jpeg\">Foto PTA em Ac\u00e7\u00e3o<\/a><\/p>\n","protected":false},"excerpt":{"rendered":"<p>Reuni\u00e3o Directivos PTA PTA do Departemento com professores do ISUP e Convidados Foto PTA em Ac\u00e7\u00e3o<\/p>\n","protected":false},"author":1,"featured_media":0,"parent":0,"menu_order":0,"comment_status":"closed","ping_status":"closed","template":"","meta":{"footnotes":""},"_links":{"self":[{"href":"https:\/\/isuppa.com\/biblioteca\/index.php\/wp-json\/wp\/v2\/pages\/1872"}],"collection":[{"href":"https:\/\/isuppa.com\/biblioteca\/index.php\/wp-json\/wp\/v2\/pages"}],"about":[{"href":"https:\/\/isuppa.com\/biblioteca\/index.php\/wp-json\/wp\/v2\/types\/page"}],"author":[{"embeddable":true,"href":"https:\/\/isuppa.com\/biblioteca\/index.php\/wp-json\/wp\/v2\/users\/1"}],"replies":[{"embeddable":true,"href":"https:\/\/isuppa.com\/biblioteca\/index.php\/wp-json\/wp\/v2\/comments?post=1872"}],"version-history":[{"count":2,"href":"https:\/\/isuppa.com\/biblioteca\/index.php\/wp-json\/wp\/v2\/pages\/1872\/revisions"}],"predecessor-version":[{"id":2104,"href":"https:\/\/isuppa.com\/biblioteca\/index.php\/wp-json\/wp\/v2\/pages\/1872\/revisions\/2104"}],"wp:attachment":[{"href":"https:\/\/isuppa.com\/biblioteca\/index.php\/wp-json\/wp\/v2\/media?parent=1872"}],"curies":[{"name":"wp","href":"https:\/\/api.w.org\/{rel}","templated":true}]}}