{"id":1912,"date":"2025-06-21T14:53:42","date_gmt":"2025-06-21T14:53:42","guid":{"rendered":"https:\/\/isuppa.com\/biblioteca\/?page_id=1912"},"modified":"2025-06-21T18:53:32","modified_gmt":"2025-06-21T18:53:32","slug":"extensao-comunidade","status":"publish","type":"page","link":"https:\/\/isuppa.com\/biblioteca\/index.php\/extensao-comunidade\/","title":{"rendered":"Extens\u00e3o Comunidade"},"content":{"rendered":"\n<p><a href=\"https:\/\/isuppa.com\/biblioteca\/wp-content\/uploads\/2025\/05\/8.1.1-evid.pdf\">Evid\u00eancias<\/a><br><a href=\"https:\/\/isuppa.com\/ISUP_ExtUniv\/20241008.html\">Projecto Cauila 01<\/a> <br><a href=\"https:\/\/isuppa.com\/ISUP_ExtUniv\/20241023.html\">Projecto Cauila 02<\/a><br><a href=\"https:\/\/isuppa.com\/ISUP_ExtUniv\/20251705.html\">Dias dos Museos<\/a><br><a href=\"https:\/\/isuppa.com\/ISUP_ExtUniv\/ViratoCruz.html\">Viriato da Cruz<\/a><br><a href=\"https:\/\/isuppa.com\/biblioteca\/wp-content\/uploads\/2025\/06\/Saindo-do-ISUP.mp4\">Video_01<\/a><br><a href=\"https:\/\/isuppa.com\/biblioteca\/wp-content\/uploads\/2025\/06\/WhatsApp-Video-2025-06-21-at-15.03.33.mp4\">Video_02<\/a><br><a href=\"https:\/\/isuppa.com\/biblioteca\/wp-content\/uploads\/2025\/06\/WhatsApp-Video-2025-06-21-at-17.40.24.mp4\">Video_03<\/a><br><a href=\"https:\/\/isuppa.com\/biblioteca\/wp-content\/uploads\/2025\/06\/WhatsApp-Video-2025-06-21-at-17.41.59.mp4\">Video_04<br><\/a><a href=\"https:\/\/isuppa.com\/biblioteca\/wp-content\/uploads\/2025\/06\/WhatsApp-Video-2025-06-21-at-17.43.04-1.mp4\">Video_05<\/a><br><a href=\"https:\/\/isuppa.com\/biblioteca\/wp-content\/uploads\/2025\/06\/WhatsApp-Video-2025-06-21-at-17.41.59-2.mp4\">Video_06<\/a><br><a href=\"https:\/\/isuppa.com\/biblioteca\/wp-content\/uploads\/2025\/06\/WhatsApp-Video-2025-06-21-at-17.46.12.mp4\">Video_07<\/a><br><a href=\"https:\/\/isuppa.com\/biblioteca\/wp-content\/uploads\/2025\/06\/WhatsApp-Video-2025-06-21-at-17.47.32.mp4\">Video_08<\/a><br>Video_09<br><a href=\"https:\/\/isuppa.com\/biblioteca\/wp-content\/uploads\/2025\/06\/WhatsApp-Video-2025-06-21-at-18.19.28.mp4\">Video_10<\/a><br><a href=\"https:\/\/isuppa.com\/biblioteca\/wp-content\/uploads\/2025\/06\/WhatsApp-Video-2025-06-21-at-16.29.54.mp4\">Portas Abertas<\/a><br><a href=\"https:\/\/www.isuppa.com\/courses\/Curso_01_Inf\/ISUP_Inf_Ext\/portas.html\">Forma\u00e7\u00e3o Vocacional<\/a><br><a href=\"https:\/\/isuppa.com\/biblioteca\/wp-content\/uploads\/2025\/06\/portasAbertas_01.pdf\">Forma\u00e7\u00e3o Vocacional _01<\/a><br><a href=\"https:\/\/isuppa.com\/biblioteca\/wp-content\/uploads\/2025\/06\/Formacao_02.pdf\">Forma\u00e7\u00e3o Vocacional_02<\/a><br><a href=\"https:\/\/isuppa.com\/biblioteca\/wp-content\/uploads\/2025\/06\/Formacao_03.pdf\">Forma\u00e7\u00e3o Vocacional_03<\/a><br><a href=\"https:\/\/isuppa.com\/biblioteca\/wp-content\/uploads\/2025\/06\/Formacao_04.pdf\">Forma\u00e7\u00e3o Vocaional_04<\/a><br><\/p>\n","protected":false},"excerpt":{"rendered":"<p>Evid\u00eanciasProjecto Cauila 01 Projecto Cauila 02Dias dos MuseosViriato da CruzVideo_01Video_02Video_03Video_04Video_05Video_06Video_07Video_08Video_09Video_10Portas AbertasForma\u00e7\u00e3o VocacionalForma\u00e7\u00e3o Vocacional _01Forma\u00e7\u00e3o Vocacional_02Forma\u00e7\u00e3o Vocacional_03Forma\u00e7\u00e3o Vocaional_04<\/p>\n","protected":false},"author":1,"featured_media":0,"parent":0,"menu_order":0,"comment_status":"closed","ping_status":"closed","template":"","meta":{"footnotes":""},"_links":{"self":[{"href":"https:\/\/isuppa.com\/biblioteca\/index.php\/wp-json\/wp\/v2\/pages\/1912"}],"collection":[{"href":"https:\/\/isuppa.com\/biblioteca\/index.php\/wp-json\/wp\/v2\/pages"}],"about":[{"href":"https:\/\/isuppa.com\/biblioteca\/index.php\/wp-json\/wp\/v2\/types\/page"}],"author":[{"embeddable":true,"href":"https:\/\/isuppa.com\/biblioteca\/index.php\/wp-json\/wp\/v2\/users\/1"}],"replies":[{"embeddable":true,"href":"https:\/\/isuppa.com\/biblioteca\/index.php\/wp-json\/wp\/v2\/comments?post=1912"}],"version-history":[{"count":4,"href":"https:\/\/isuppa.com\/biblioteca\/index.php\/wp-json\/wp\/v2\/pages\/1912\/revisions"}],"predecessor-version":[{"id":1944,"href":"https:\/\/isuppa.com\/biblioteca\/index.php\/wp-json\/wp\/v2\/pages\/1912\/revisions\/1944"}],"wp:attachment":[{"href":"https:\/\/isuppa.com\/biblioteca\/index.php\/wp-json\/wp\/v2\/media?parent=1912"}],"curies":[{"name":"wp","href":"https:\/\/api.w.org\/{rel}","templated":true}]}}