{"id":1989,"date":"2025-06-24T13:05:48","date_gmt":"2025-06-24T13:05:48","guid":{"rendered":"https:\/\/isuppa.com\/biblioteca\/?page_id=1989"},"modified":"2025-06-24T13:14:31","modified_gmt":"2025-06-24T13:14:31","slug":"matematica-discreta-2","status":"publish","type":"page","link":"https:\/\/isuppa.com\/biblioteca\/index.php\/matematica-discreta-2\/","title":{"rendered":"Matem\u00e1tica Discreta"},"content":{"rendered":"\n<p><a href=\"https:\/\/educapes.capes.gov.br\/bitstream\/capes\/432209\/2\/Livro_Matematica%20Discreta.pdf\">Matem\u00e1tica Discreta (Raquel Montezuma Pinheiro Cabral ) 1\u00aa edi\u00e7\u00e3o<\/a><\/p>\n\n\n\n<p><a href=\"https:\/\/core.ac.uk\/download\/pdf\/15564607.pdf\">Matem\u00e1tica Discreta &#8211; Combinat\u00f3ria, Teoria dos Grafos e Algoritmos (Domingos Moreira Cardoso, Jerzy Szyma\u0144ski &nbsp;&amp; Mohammad Rostami)<\/a><\/p>\n\n\n\n<p><a href=\"https:\/\/tsxvpsbr.dyndns.org\/arquivos\/UFFS\/Matem%C3%A1ticaDiscreta-UmaIntrodu%C3%A7%C3%A3o-2aEd-EdwardRScheinerman.pdf\">Matem\u00e1tica Discreta &#8211; Uma introdu\u00e7\u00e3o T R A D U \u00c7 \u00c3 O D A 2 a E D I \u00c7 \u00c3 O NORTE-AMERICANA (Edward R. Scheinerman)<\/a><\/p>\n","protected":false},"excerpt":{"rendered":"<p>Matem\u00e1tica Discreta (Raquel Montezuma Pinheiro Cabral ) 1\u00aa edi\u00e7\u00e3o Matem\u00e1tica Discreta &#8211; Combinat\u00f3ria, Teoria dos Grafos e Algoritmos (Domingos Moreira Cardoso, Jerzy Szyma\u0144ski &nbsp;&amp; Mohammad Rostami) Matem\u00e1tica Discreta &#8211; Uma introdu\u00e7\u00e3o T R A D U \u00c7 \u00c3 O D A 2 a E D I \u00c7 \u00c3 O NORTE-AMERICANA (Edward R. Scheinerman)<\/p>\n","protected":false},"author":1,"featured_media":0,"parent":0,"menu_order":0,"comment_status":"closed","ping_status":"closed","template":"","meta":{"footnotes":""},"_links":{"self":[{"href":"https:\/\/isuppa.com\/biblioteca\/index.php\/wp-json\/wp\/v2\/pages\/1989"}],"collection":[{"href":"https:\/\/isuppa.com\/biblioteca\/index.php\/wp-json\/wp\/v2\/pages"}],"about":[{"href":"https:\/\/isuppa.com\/biblioteca\/index.php\/wp-json\/wp\/v2\/types\/page"}],"author":[{"embeddable":true,"href":"https:\/\/isuppa.com\/biblioteca\/index.php\/wp-json\/wp\/v2\/users\/1"}],"replies":[{"embeddable":true,"href":"https:\/\/isuppa.com\/biblioteca\/index.php\/wp-json\/wp\/v2\/comments?post=1989"}],"version-history":[{"count":3,"href":"https:\/\/isuppa.com\/biblioteca\/index.php\/wp-json\/wp\/v2\/pages\/1989\/revisions"}],"predecessor-version":[{"id":2005,"href":"https:\/\/isuppa.com\/biblioteca\/index.php\/wp-json\/wp\/v2\/pages\/1989\/revisions\/2005"}],"wp:attachment":[{"href":"https:\/\/isuppa.com\/biblioteca\/index.php\/wp-json\/wp\/v2\/media?parent=1989"}],"curies":[{"name":"wp","href":"https:\/\/api.w.org\/{rel}","templated":true}]}}