{"id":1991,"date":"2025-06-24T13:03:22","date_gmt":"2025-06-24T13:03:22","guid":{"rendered":"https:\/\/isuppa.com\/biblioteca\/?page_id=1991"},"modified":"2025-06-24T20:49:41","modified_gmt":"2025-06-24T20:49:41","slug":"introducao-a-engenharia-c-civil","status":"publish","type":"page","link":"https:\/\/isuppa.com\/biblioteca\/index.php\/introducao-a-engenharia-c-civil\/","title":{"rendered":"Introdu\u00e7\u00e3o a Engenharia (C. Civil)"},"content":{"rendered":"\n<p><a href=\"https:\/\/www.infolivros.org\/pdfview\/11200-engenharia-civil-apresentacao-roberto-dos-santos-monteiro\/\">Engenharia Civil (Apresenta\u00e7\u00e3o)<\/a><\/p>\n\n\n\n<p><a href=\"https:\/\/educapes.capes.gov.br\/bitstream\/capes\/742026\/1\/engenharia-civil-conceitos-fundamentais-e-aplicacoes-praticas.pdf\">Engenharia civil: conceitos fundamentais e aplica\u00e7\u00f5es pr\u00e1ticas \/ Organizador Rafael Pacheco dos Santos. \u2013 Ponta Grossa &#8211; PR: Atena, 2024.<\/a><\/p>\n\n\n\n<p><a href=\"https:\/\/engeducs.wordpress.com\/wp-content\/uploads\/2011\/08\/introduc3a7c3a3o_a_engenharia_-_walter_antonio_bazzo_-_by_dvdcoper.pdf\">Bazzo, Walter Ant\u00f3nio. Introdu\u00e7\u00e3o \u00e0 engenharia: conceitos, ferramentas e comportamentos \/ Walter Ant\u00f3nio Bazzo, Luiz Teixeira do Vale Pereira. Florian\u00f3polis : Ed. da UFSC, 2006.<\/a><\/p>\n","protected":false},"excerpt":{"rendered":"<p>Engenharia Civil (Apresenta\u00e7\u00e3o) Engenharia civil: conceitos fundamentais e aplica\u00e7\u00f5es pr\u00e1ticas \/ Organizador Rafael Pacheco dos Santos. \u2013 Ponta Grossa &#8211; PR: Atena, 2024. Bazzo, Walter Ant\u00f3nio. Introdu\u00e7\u00e3o \u00e0 engenharia: conceitos, ferramentas e comportamentos \/ Walter Ant\u00f3nio Bazzo, Luiz Teixeira do Vale Pereira. Florian\u00f3polis : Ed. da UFSC, 2006.<\/p>\n","protected":false},"author":1,"featured_media":0,"parent":0,"menu_order":0,"comment_status":"closed","ping_status":"closed","template":"","meta":{"footnotes":""},"_links":{"self":[{"href":"https:\/\/isuppa.com\/biblioteca\/index.php\/wp-json\/wp\/v2\/pages\/1991"}],"collection":[{"href":"https:\/\/isuppa.com\/biblioteca\/index.php\/wp-json\/wp\/v2\/pages"}],"about":[{"href":"https:\/\/isuppa.com\/biblioteca\/index.php\/wp-json\/wp\/v2\/types\/page"}],"author":[{"embeddable":true,"href":"https:\/\/isuppa.com\/biblioteca\/index.php\/wp-json\/wp\/v2\/users\/1"}],"replies":[{"embeddable":true,"href":"https:\/\/isuppa.com\/biblioteca\/index.php\/wp-json\/wp\/v2\/comments?post=1991"}],"version-history":[{"count":2,"href":"https:\/\/isuppa.com\/biblioteca\/index.php\/wp-json\/wp\/v2\/pages\/1991\/revisions"}],"predecessor-version":[{"id":2046,"href":"https:\/\/isuppa.com\/biblioteca\/index.php\/wp-json\/wp\/v2\/pages\/1991\/revisions\/2046"}],"wp:attachment":[{"href":"https:\/\/isuppa.com\/biblioteca\/index.php\/wp-json\/wp\/v2\/media?parent=1991"}],"curies":[{"name":"wp","href":"https:\/\/api.w.org\/{rel}","templated":true}]}}