{"id":2011,"date":"2025-06-24T13:37:58","date_gmt":"2025-06-24T13:37:58","guid":{"rendered":"https:\/\/isuppa.com\/biblioteca\/?page_id=2011"},"modified":"2025-06-24T21:44:48","modified_gmt":"2025-06-24T21:44:48","slug":"introducao-a-economia","status":"publish","type":"page","link":"https:\/\/isuppa.com\/biblioteca\/index.php\/introducao-a-economia\/","title":{"rendered":"Introdu\u00e7\u00e3o \u00e0 Economia"},"content":{"rendered":"\n<p><a href=\"https:\/\/educapes.capes.gov.br\/bitstream\/capes\/401353\/1\/introducao_a_economia-3ed-miolo-online-atualizado.pdf\">Introdu\u00e7\u00e3o \u00e0 Economia (Carlos Magno Mendes, C\u00edcero Ant\u00f4nio De Oliveira Tredezini, Fernando Tadeu De Miranda Borges &amp; Mayra Batista Bitencourt Fagundes<\/a><\/p>\n\n\n\n<p><a href=\"https:\/\/riu.ufam.edu.br\/bitstream\/prefix\/5532\/9\/C%29%20Introdu%C3%A7%C3%A3o%20%C3%A0%20Economia%20A.pdf\">Conceitos fundamentais em Economia (LENICE YPIRANGA BENEVIDES DE ARA\u00daJO VIEIRA S\u00c1)<\/a><\/p>\n\n\n\n<p><a href=\"https:\/\/canal.cecierj.edu.br\/012016\/6e18ed975b123fa2bdbdac9a6b5a4325.pdf\">INTRODU\u00c7\u00c3O \u00c0 ECONOMIA (Carlos Magno Mendes, C\u00edcero Ant\u00f4nio de Oliveira Tredezini, Fernando Tadeu de Miranda Borges &amp; Mayra Batista Bitencourt Fagundes)<\/a><\/p>\n\n\n\n<p><a href=\"https:\/\/www.kufunda.net\/publicdocs\/Mankiw_resumo_e_respostas.pdf\">INTRODU\u00c7\u00c3O \u00c0 ECONOMIA &#8211; George Felipe Bond Jager<\/a><\/p>\n\n\n\n<p><a href=\"http:\/\/arquivos.eadadm.ufsc.br\/EaDADM\/UAB_2014_2\/Modulo_2\/Introducao_Economia\/material_didatico\/Livro%20Texto%20Introdu%C3%A7%C3%A3o%20a%20Economia.pdf\">Introdu\u00e7\u00e3o \u00e0 Economia de Empresas (Silvio Ant\u00f4nio Ferraz C\u00e1rio)    3\u00aa edi\u00e7\u00e3o<\/a><\/p>\n","protected":false},"excerpt":{"rendered":"<p>Introdu\u00e7\u00e3o \u00e0 Economia (Carlos Magno Mendes, C\u00edcero Ant\u00f4nio De Oliveira Tredezini, Fernando Tadeu De Miranda Borges &amp; Mayra Batista Bitencourt Fagundes Conceitos fundamentais em Economia (LENICE YPIRANGA BENEVIDES DE ARA\u00daJO VIEIRA S\u00c1) INTRODU\u00c7\u00c3O \u00c0 ECONOMIA (Carlos Magno Mendes, C\u00edcero Ant\u00f4nio de Oliveira Tredezini, Fernando Tadeu de Miranda Borges &amp; Mayra Batista Bitencourt Fagundes) INTRODU\u00c7\u00c3O \u00c0&hellip; <a class=\"more-link\" href=\"https:\/\/isuppa.com\/biblioteca\/index.php\/introducao-a-economia\/\">Continue reading <span class=\"screen-reader-text\">Introdu\u00e7\u00e3o \u00e0 Economia<\/span><\/a><\/p>\n","protected":false},"author":1,"featured_media":0,"parent":0,"menu_order":0,"comment_status":"closed","ping_status":"closed","template":"","meta":{"footnotes":""},"_links":{"self":[{"href":"https:\/\/isuppa.com\/biblioteca\/index.php\/wp-json\/wp\/v2\/pages\/2011"}],"collection":[{"href":"https:\/\/isuppa.com\/biblioteca\/index.php\/wp-json\/wp\/v2\/pages"}],"about":[{"href":"https:\/\/isuppa.com\/biblioteca\/index.php\/wp-json\/wp\/v2\/types\/page"}],"author":[{"embeddable":true,"href":"https:\/\/isuppa.com\/biblioteca\/index.php\/wp-json\/wp\/v2\/users\/1"}],"replies":[{"embeddable":true,"href":"https:\/\/isuppa.com\/biblioteca\/index.php\/wp-json\/wp\/v2\/comments?post=2011"}],"version-history":[{"count":2,"href":"https:\/\/isuppa.com\/biblioteca\/index.php\/wp-json\/wp\/v2\/pages\/2011\/revisions"}],"predecessor-version":[{"id":2020,"href":"https:\/\/isuppa.com\/biblioteca\/index.php\/wp-json\/wp\/v2\/pages\/2011\/revisions\/2020"}],"wp:attachment":[{"href":"https:\/\/isuppa.com\/biblioteca\/index.php\/wp-json\/wp\/v2\/media?parent=2011"}],"curies":[{"name":"wp","href":"https:\/\/api.w.org\/{rel}","templated":true}]}}